{"id":1003,"date":"2017-09-28T06:52:27","date_gmt":"2017-09-28T06:52:27","guid":{"rendered":"http:\/\/www.pewe.sk\/uxi\/?page_id=1003"},"modified":"2017-09-28T07:57:11","modified_gmt":"2017-09-28T07:57:11","slug":"uxi-group-seminars-20162017","status":"publish","type":"page","link":"http:\/\/www.pewe.sk\/uxi\/uxi-group-seminars-20162017\/","title":{"rendered":"UXI Group Seminars 2016\/2017"},"content":{"rendered":"<p><strong>20-24.8. 2017, Wuppertal, Germany<\/strong> \u00bb <a href=\"http:\/\/ecem2017.uni-wuppertal.de\/\">ECEM 2017<\/a><\/p>\n<ul>\n<li><em>Infrastructure and Methodology for Group Studies in Multiple Eye Trackers Laboratory <\/em><br \/>\nby Martin Konopka, Robert Moro, Peter Demcak, Patrik Hlavac, Jozef Tvarozek, Jakub Simko, Eduard Kuric, Pavol Navrat and Maria Bielikova<\/li>\n<li><em>Robust Recording of Program Comprehension Studies with Eye Tracking for Repeatable Analysis and Replay <\/em><br \/>\nby Jozef Tvarozek, Martin Konopka, Jakub Hucko, Pavol Navrat and Maria Bielikova<\/li>\n<\/ul>\n<p><strong>20-22.6. 2017<\/strong> \u00bb Bachelor Theses Defense<\/p>\n<p><em>Wednesday, 21.6.2017,08:00, 1.40<\/em><\/p>\n<ul>\n<li>Tom\u00e1\u0161 Bako: User behavior similarity identification for the session end prediction task<\/li>\n<li>Nat\u00e1lia \u010cul\u00e1kov\u00e1: Web site users\u2019 behavioral trends analysis<\/li>\n<li>Zdenka Z\u00e1humensk\u00e1: Web site users\u2019 behavioral trends analysis<\/li>\n<\/ul>\n<p><em>Wednesday, 21.6.2017,08:00, 3.08<\/em><\/p>\n<ul>\n<li>Luk\u00e1\u0161 Belaj: Tool for web usability testing<\/li>\n<li>Erik Chodor\u010duk: Support for User Study moderation<\/li>\n<li>Ronald Demeter: Eye-tracking data visualization<\/li>\n<li>Michal Hucko: Discovering interesting moments from application usage data<\/li>\n<li>Ondrej Ka\u0161\u010d\u00e1k: User experience and emotions<\/li>\n<li>Christopher Liebe: Search engine keyword prediction based on user need derived from eye tracking<\/li>\n<li>Ernest Loureiro: Tool for web usability testing<\/li>\n<li>Jozef Melicher\u010d\u00edk: Support for User Study moderation<\/li>\n<li>Michal Mel\u00fach: Gaze visualization<\/li>\n<li>Luk\u00e1\u0161 Me\u0148hert: Vizualization of user activity in interactive application<\/li>\n<li>Adri\u00e1n Nagy: Tool for web usability testing<\/li>\n<li>Luk\u00e1\u0161 Re\u0161ut\u00edk: Cognitive overload identification<\/li>\n<li>Elena \u0160tefancov\u00e1: User experience and emotions<\/li>\n<\/ul>\n<p><strong>13-14.6. 2017<\/strong> \u00bb Diploma Theses Defense<\/p>\n<p><em>Tuesday, 13.6.2017,08:00, 1.37<\/em><\/p>\n<ul>\n<li>Jakub Benjam\u00edn Vrba: Automatic Segmentation of Screen Recordings for Scene Detection<\/li>\n<\/ul>\n<p><em>Tuesday, 13.6.2017,08:00, 4.08<\/em><\/p>\n<ul>\n<li>Peter Dubec: User web interaction enhanced with eye tracking<\/li>\n<li>Lenka Kutl\u00edkov\u00e1: Automatic Evaluation of Application Usability using Eye-Tracking.<\/li>\n<li>Ale\u0161 M\u00e4siar: Eye-tracking in Human Computation<\/li>\n<\/ul>\n<p><em>Wednesday, 14.6.2017, 8:00, 1.39<\/em><\/p>\n<ul>\n<li>Adam Bacho: Usability of information visualizations in the process of knowledge discovery<\/li>\n<li>Michal Korbe\u013e: Streamlining the web browsing based on user task identification<\/li>\n<li>Monika Sanyov\u00e1: HCI literacy estimation using eye tracking<\/li>\n<\/ul>\n<p><strong>16.5.2017, 14:00, 3.08<\/strong> \u00bb <em>Season Finale <\/em><\/p>\n<ul>\n<li>M\u00e1ria Drag\u00fa\u0148ov\u00e1: <a href=\"https:\/\/www.pewe.sk\/wp-content\/uploads\/2016\/01\/dragunova_pewe_LS1617.pptx\"> Identifying users\u2019 characteristics by eye tracking analysis<\/a><\/li>\n<li>Matej \u010cervenka:\u00a0<a href=\"https:\/\/www.pewe.sk\/wp-content\/uploads\/2016\/01\/cervenka_PeWe_DP1.pdf\">Analysis of eye movement patterns depending on task in the web environment<\/a><\/li>\n<li>Jakub \u0160imko: SE-radio podcasts <a href=\"https:\/\/www.pewe.sk\/wp-content\/uploads\/2017\/05\/Podcasts.pptx\">[presentation]<\/a> <a href=\"https:\/\/docs.google.com\/spreadsheets\/d\/1fpY2t34VxWOf8PilwkiN0tG8KgYKElxTtrg5WAvy40E\/edit?usp=sharing\">[podcast selection]<\/a><\/li>\n<\/ul>\n<p><strong>4.5.2017, 10:00, U80<\/strong><em> \u00bb PeWe Seminar<\/em><\/p>\n<ul>\n<li>[Invited] Milica Schraggeov\u00e1 (Comenius University): <a href=\"https:\/\/www.pewe.sk\/wp-content\/uploads\/2016\/01\/schraggeova-osobnosti2017-05.pdf\">The Science of Personality: Approaches, Methods and Assessment<\/a><\/li>\n<\/ul>\n<p><strong>27.4.2017<\/strong> \u00bb <a href=\"http:\/\/www.fiit.stuba.sk\/iit-src.html?page_id=4825\"><em>IIT.SRC 2017<\/em><\/a><\/p>\n<ul>\n<li class=\"mobil-menu-h1\"><strong>Keynote<\/strong><strong>:<\/strong> Cesare Pautasso: <a href=\"http:\/\/www.fiit.stuba.sk\/sk\/aktuality\/iitsrc2017cputasso.html?page_id=5015\">Liquid Web Apps<\/a>\u00a0 <a href=\"http:\/\/www.pautasso.info\/talks\/2017\/iitsrc\/\">[presentation]<\/a><\/li>\n<\/ul>\n<p><a href=\"http:\/\/www.fiit.stuba.sk\/images\/iit.src\/2017\/iitsrc2017_pozvana-prednaska.jpg\"><img loading=\"lazy\" class=\"shrinkToFit alignleft\" src=\"https:\/\/www.fiit.stuba.sk\/images\/iit.src\/2017\/iitsrc2017_pozvana-prednaska.jpg\" alt=\"http:\/\/www.fiit.stuba.sk\/images\/iit.src\/2017\/iitsrc2017_pozvana-prednaska.jpg\" width=\"168\" height=\"235\" \/><\/a><em>Bachelor Degree Program UXI@PeWe Members<\/em><\/p>\n<ul>\n<li>BEKA Patrik: Determination of the Eye-catching Parts in Graphical Interfaces<\/li>\n<li>\u010cUL\u00c1KOV\u00c1 Nat\u00e1lia: Web Site Users\u2019 Behavioral Trends Analysis<\/li>\n<li>CHODOR\u010cUK Erik, MELICHER\u010c\u00cdK Jozef: Effects of Instructions on User Studies<\/li>\n<li>MEL\u00daCH Michal: Application for Evaluation of Common Scanpath Algorithms<\/li>\n<li>ME\u0147HERT Luk\u00e1\u0161: Visualization of Student Activity in an Interactive Web-based Application<\/li>\n<li>\u0160TEFANCOV\u00c1 Elena: <a href=\"https:\/\/www.pewe.sk\/wp-content\/uploads\/2016\/01\/IIT-SRC.pdf\">Detection of Usability Mistakes by Measuring Emotions with EEG and Facial Expressions<\/a><\/li>\n<\/ul>\n<p><em>Master Degree Program UXI@PeWe Members<\/em><\/p>\n<ul>\n<li>DUBEC Peter: Towards Quantitative Eye-tracking User Studies of Mobile Applications<\/li>\n<li>KUTL\u00cdKOV\u00c1 Lenka: Did They Read Instructions?<\/li>\n<li>SANYOV\u00c1 Monika: Estimation of User\u2019s Web HCI Literacy<\/li>\n<li>VRBA Jakub: Automatic Segmentation of a Screen Recording for Scene Identification<\/li>\n<\/ul>\n<p><em>Doctoral Degree Program UXI@PeWe Members<\/em><\/p>\n<ul>\n<li>HLAV\u00c1\u010c Patrik: Towards Automatic Web Literacy Detection<\/li>\n<li>SVR\u010cEK Martin: <a href=\"https:\/\/www.pewe.sk\/wp-content\/uploads\/2016\/01\/Svrcek_IITSRC_2017_v2.pdf\">A First Step Toward Detection of Usability Smells Using Eye-tracking<\/a><\/li>\n<\/ul>\n<p><strong>20.4.2017, 10:00, U80<\/strong><em> \u00bb UXI@PeWe Seminar<\/em><\/p>\n<ul>\n<li>[Invited] Martin Kurpa (ui42): Usability testing \u2013 best practices [presentation available in internal pewe space]<\/li>\n<\/ul>\n<p><strong>6.4.2017, 10:00, U80<\/strong><em> \u00bb UXI@PeWe Seminar<\/em><\/p>\n<ul>\n<li>[Tutorial] Jakub \u0160evcech:\u00a0<a href=\"https:\/\/github.com\/sevo\/pewe-presentations\/blob\/master\/Tutorial%20-%20Feature%20selection.ipynb\">Feature selection<\/a><\/li>\n<li>[Reading] Dereck Toker, Sebastien Lalle, Cristina Conati: <a href=\"https:\/\/doi.org\/10.1145\/3025171.3025187\">Pupillometry and Head Distance to the Screen to Predict Skill Acquisition During Information Visualization Tasks<\/a> (moderated by R\u00f3bert M\u00f3ro)<\/li>\n<\/ul>\n<p><strong>30.3.2017, 10:00, U80<\/strong><em> \u00bb UXI@PeWe Seminar<\/em><\/p>\n<ul>\n<li>[Info] M\u00e1ria Drag\u00fa\u0148ov\u00e1: <a href=\"http:\/\/iui.acm.org\/2017\/keynotes.html#samaras\">On IUI 2017 Keynote: George Samaras \u2013 Utilizing Human Cognitive and Emotional Factors for User-Centered Computing<\/a> <a href=\"https:\/\/docs.google.com\/presentation\/d\/1FwqqxUZgoTjyU5oLJ_PNZtWiU20foX_O_QUrhvhjnZQ\/edit?usp=sharing\">Slides<\/a><\/li>\n<li>[Brainstorming] Luk\u00e1\u0161 Me\u0148hert: <a href=\"https:\/\/docs.google.com\/presentation\/d\/1hk_dvfMjIHDtzJS8_dh9OIBuI0OQ_BY47f5wNjvOW-A\/edit?usp=sharing\">Vizualization of students\u2019 activity in ALEF<\/a><\/li>\n<li>[Brainstorming] Jakub Jane\u010dek: <a href=\"https:\/\/docs.google.com\/presentation\/d\/1B0Xoe4r2WrVVsOV9Cj8ghk0H-Po65zGrHihDArD47oo\/edit?usp=sharing\">Executable tutorials of data analysis<\/a><\/li>\n<\/ul>\n<p><strong>23.3.2017, 10:00, U80<\/strong><em> \u00bb PeWe Seminar<\/em><\/p>\n<ul>\n<li>[Brainstorming] Michal Pu\u0161k\u00e1\u0161: Scientific Publications \u2013 Advanced Search<\/li>\n<li>[Brainstorming] Veronika Gondov\u00e1: <a href=\"https:\/\/www.pewe.sk\/wp-content\/uploads\/2016\/01\/gondova_pewe_2.pdf\">Mining Behavioral Patterns from Web Activity<\/a><\/li>\n<\/ul>\n<p><strong>16.3.2017, 10:00, U80<\/strong><em> \u00bb PeWe Seminar<\/em><\/p>\n<ul>\n<li>[Tutorial]\u00a0<a href=\"https:\/\/github.com\/sevo\/pewe-presentations\/blob\/master\/Tutorial%20-%20Feature%20engineering.ipynb\">Jakub \u0160evcech: Feature Engineering<\/a>\u00a0(continuing from previous week)<\/li>\n<li>[Brainstorming] <a href=\"https:\/\/www.pewe.sk\/wp-content\/uploads\/2016\/01\/DP3_PEWE_Strbak_Mrocek.pdf\">Jakub Mrocek, Martin \u0160trb\u00e1k: Analysis of Text Complexity in Web Environment<\/a><\/li>\n<\/ul>\n<p><strong>13-16.3.2017<\/strong> \u00bb <em><a href=\"http:\/\/iui.acm.org\/2017\/\">IUI 2017, Limassol<\/a><\/em><\/p>\n<ul>\n<li>M\u00e1ria Drag\u00fa\u0148ov\u00e1, R\u00f3bert M\u00f3ro, M\u00e1ria Bielikov\u00e1: Measuring Visual Search Ability on the Web<\/li>\n<\/ul>\n<p><strong>9.3.2017, 10:00, U80<\/strong><em> \u00bb PeWe Seminar<\/em><\/p>\n<ul>\n<li>[Tutorial]\u00a0<a href=\"https:\/\/github.com\/sevo\/pewe-presentations\/blob\/master\/Tutorial%20-%20Feature%20engineering.ipynb\">Jakub \u0160evcech: Feature Engineering<\/a><\/li>\n<li>[Brainstorming]\u00a0<a href=\"https:\/\/www.pewe.sk\/wp-content\/uploads\/2016\/01\/kutlikovaDP_pewe.pdf\">Lenka Kutl\u00edkov\u00e1:\u00a0Automatic Evaluation of Application Usability using Eye-Tracking<\/a><\/li>\n<\/ul>\n<p><strong>2.3.2017, 10:00, U80<\/strong><em> \u00bb PeWe Seminar<\/em><\/p>\n<ul>\n<li>[Info] Tom\u00e1\u0161 Juhaniak: <a href=\"https:\/\/docs.google.com\/presentation\/d\/1QbPqP0AcUTT6jx1OFTtRbFsvRCl_90I3VovSlBo-FKo\/edit?usp=sharing\" target=\"_blank\" rel=\"noopener noreferrer\">How to organize UX experiment to get data on particpant\u2019s cognitive load<\/a><\/li>\n<li>[Brainstorming] Veronika Gondov\u00e1, Zuzana Bobotov\u00e1, D\u00e1vid \u010cern\u00e1k, Tom\u00e1\u0161 Matlovi\u010d, Tom\u00e1\u0161 Pavlovi\u010d, J\u00e1n \u0160mihla: <a href=\"https:\/\/www.pewe.sk\/wp-content\/uploads\/2016\/01\/emotion_pewe3.pdf\">eMotion<\/a><\/li>\n<li>[Info] Mat\u00fa\u0161 Pikuliak: <a href=\"https:\/\/www.pewe.sk\/wp-content\/uploads\/2016\/01\/pikuliak_mooc_presentation-1.pdf\">Why you should take MOOCs? And how?<\/a><\/li>\n<li>Martin Bor\u00e1k: Evaluation of the YouTube comments labelling challenge<\/li>\n<\/ul>\n<p><img loading=\"lazy\" class=\" wp-image-7897\" src=\"https:\/\/www.pewe.sk\/wp-content\/uploads\/2016\/01\/2017-03-02-tomas-juhaniak-300x225.jpg\" alt=\"tomas juhaniak pewe\" width=\"301\" height=\"226\" \/> <img loading=\"lazy\" class=\"alignnone wp-image-7898\" src=\"https:\/\/www.pewe.sk\/wp-content\/uploads\/2016\/01\/2017-03-02-veronika-gondova-300x225.jpg\" alt=\"veronika gondova pewe\" width=\"301\" height=\"226\" \/><img loading=\"lazy\" class=\"alignnone wp-image-7896\" src=\"https:\/\/www.pewe.sk\/wp-content\/uploads\/2016\/01\/2017-03-02-matus-pikuliak-300x225.jpg\" alt=\"matus pikuliak pewe\" width=\"301\" height=\"226\" \/>\u00a0<img loading=\"lazy\" class=\"alignnone wp-image-7895\" src=\"https:\/\/www.pewe.sk\/wp-content\/uploads\/2016\/01\/2017-03-02-martin-borak-300x225.jpg\" alt=\"martin borak pewe\" width=\"303\" height=\"227\" \/><\/p>\n<p><strong>1.3.2017, 13:00, 2.06<\/strong> \u00bb <em>Habilitation <\/em><em>Defense and Lecture<br \/>\n<\/em><\/p>\n<ul>\n<li>M\u00e1ri\u00e1n \u0160imko: Information Modelling and Extraction for Intelligent (Slovak) Web<\/li>\n<\/ul>\n<p><strong>23.2.2017, 3.08<\/strong><em> \u00bb PeWe Seminar<\/em><\/p>\n<ul>\n<li>[Keynote] M\u00e1rius \u0160ajgal\u00edk: Deep Learning<\/li>\n<li>[Brainstorming] Erik Chodor\u010duk a Jozef Melicher\u010d\u00edk: <a href=\"https:\/\/www.pewe.sk\/wp-content\/uploads\/2017\/02\/BPs_chodorcuk_melichercik.pdf\" target=\"_blank\" rel=\"noopener noreferrer\">Effects of Instructions on User Studies<\/a><\/li>\n<\/ul>\n<p><strong>16.2.2017<\/strong><em> \u00bb PeWe Seminar<\/em><\/p>\n<ul>\n<li>[Tutorial] Jakub \u0160imko: <a href=\"https:\/\/www.pewe.sk\/wp-content\/uploads\/2017\/02\/Hypotezy_5min.pptx\">What about your research evaluation<\/a>?<\/li>\n<li>[Brainstorming] Michal Hucko: <a href=\"https:\/\/docs.google.com\/presentation\/d\/1bsW8w46bN9JiTcJJR95t6vGOw2sgp0F6ILZmsKXpuu8\/edit?usp=sharing\">Lugano visit follow up \u2013 how to extend ASQ to help teacher moderate students\u2019 answers\u00a0 to questions<\/a><\/li>\n<li>[Info] Peter Ga\u0161par: <a href=\"https:\/\/www.pewe.sk\/wp-content\/uploads\/2016\/01\/crowdex_pewe_16_2_2017.pdf\">Crowdex \u2013 How to manage participants of your experiment<\/a><\/li>\n<\/ul>\n<p><strong>8.2.2017, 13:00, 3.08<\/strong> \u00bb <em>Doctoral D<\/em><em>issertation Defense<\/em><\/p>\n<ul>\n<li>M\u00e1rius \u0160ajgal\u00edk: Modelling Text Semantics<\/li>\n<\/ul>\n<p><strong>7.2.2017, 14:00, 3.08<\/strong> \u00bb <em>Doctoral D<\/em><em>issertation Pre-defense<\/em><\/p>\n<ul>\n<li>M\u00e1rius \u0160ajgal\u00edk: Modelling Text Semantics<\/li>\n<\/ul>\n<p><strong>31.1.2017, 15:20, 3.08<\/strong> \u00bb <em>Dissertation Project III Defense<\/em><\/p>\n<ul>\n<li>Patrik Hlav\u00e1\u010d: Human Behaviour in the Digital Space of the Web<\/li>\n<\/ul>\n<p><strong>11.1.2017,13:00, 3.08<\/strong><em> \u00bb UXI Seminar<\/em><\/p>\n<ul>\n<li>Jozef Tvaro\u017eek, Martin Kon\u00f4pka: <a href=\"https:\/\/www.pewe.sk\/uxi\/wp-content\/uploads\/sites\/2\/2016\/02\/konopka-tvarozek_2017-01-11_eyetracking-and-programming.pptx\">Eye Tracking and Program Comprehension<\/a><\/li>\n<\/ul>\n<p><strong>1.12.2016, 11:10, U120<\/strong><em> \u00bb UXI Seminar<\/em><\/p>\n<ul>\n<li>Robert Moro: <a href=\"https:\/\/www.pewe.sk\/uxi\/wp-content\/uploads\/sites\/2\/2016\/02\/moro_2016-12-01_scanpaths.pptx\">Eyetracking Scanpaths<\/a><\/li>\n<\/ul>\n<p><strong>1.12.2016, 10:00, U120<\/strong><em> \u00bb PeWe Seminar<\/em><\/p>\n<ul>\n<li>[Brainstorming] Tom\u00e1\u0161 Chova\u0148\u00e1k: <a href=\"https:\/\/www.pewe.sk\/wp-content\/uploads\/2016\/01\/Rozpozn%C3%A1vanie-vzorov-spr%C3%A1vania-pou%C5%BE%C3%ADvate%C4%BEov-webov%C3%A9ho-s%C3%ADdla.pptx\"> Recognition of Web user\u2019s behavioral patterns<\/a><\/li>\n<li>[Brainstorming] Monika Sanyov\u00e1: <a href=\"https:\/\/www.pewe.sk\/wp-content\/uploads\/2016\/01\/sanyova_prezentacia.pdf\">HCI literacy estimation using eye tracking<\/a><\/li>\n<\/ul>\n<p><strong>24.11.2016, 11:10, U120<\/strong><em> \u00bb UXI Seminar<\/em><\/p>\n<ul>\n<li>Eduard Kuric: Online Usability Testing<\/li>\n<\/ul>\n<p><strong>24.11.2016, 10:00, U120<\/strong><em> \u00bb PeWe Seminar<\/em><\/p>\n<ul>\n<li>[Tutorial] Eduard Kuric: <a href=\"https:\/\/www.pewe.sk\/wp-content\/uploads\/2016\/01\/designing_ui.pdf\">Designing User Interfaces<\/a><\/li>\n<li>[Brainstorming] Jakub Mrocek: <a href=\"https:\/\/www.pewe.sk\/wp-content\/uploads\/2016\/01\/Mrocek_pewe_text_reading_analysis.pdf\">Analysis of text reading<\/a><\/li>\n<li>[Brainstorming] Luk\u00e1\u0161 Me\u0148hert: <a href=\"https:\/\/drive.google.com\/file\/d\/0B2ZLwV6iMTmsc2ZjYjdVRk9hVTA\/view?usp=sharing\">Visualization of user activity in interactive application<\/a><\/li>\n<\/ul>\n<p><strong>10.11.2016, 10:00, U80<\/strong><em> \u00bb PeWe Seminar<\/em><\/p>\n<ul>\n<li>[Brainstorming] Martin \u0160trb\u00e1k: <a href=\"https:\/\/www.pewe.sk\/wp-content\/uploads\/2016\/01\/pewe_mstrbak.pptx\">Analysing Text Complexity in Web-Based Environment<\/a><\/li>\n<li>[Brainstorming] Adam Bacho: <a href=\"https:\/\/www.pewe.sk\/wp-content\/uploads\/2016\/01\/pewe-bacho-adam.pptx\">Usability of information visualizations in the process of knowledge discovery<\/a><\/li>\n<\/ul>\n<p><strong>10.11.2016, 9:00-13:00, U120<\/strong> \u00bb <em><a href=\"http:\/\/www.worldusabilityday.sk\/\">World Usability Day 2016<\/a><\/em><\/p>\n<ul>\n<li>Robert Moro: Influence of Personal Characteristics in Quantitative Eye-tracking Studies<\/li>\n<\/ul>\n<p><strong>3.-4.11.2016, Smolenice Castle<\/strong> \u00bb <em><a href=\"http:\/\/wikt-daz2016.fiit.stuba.sk\/\">WIKT\/DaZ 2016<\/a><\/em><\/p>\n<ul>\n<li>Robert Moro, Jakub Simko, Peter Gaspar, Tomas Matlovic, Jozef Tvarozek, Maria Bielikova: EEG and Face Recognition: Comparison of Approaches for Emotion Detection<\/li>\n<li>Patrik Hlav\u00e1\u010d, M\u00e1ria Bielikov\u00e1: Impact of Characteristics of Individuals on Evaluating the Quantitative Studies<\/li>\n<\/ul>\n<p><strong>27.10.2016, U120<\/strong> \u00bb <em>Seminar<\/em><\/p>\n<ul>\n<li>[Brainstorming] Michal Mel\u00fach: <a href=\"https:\/\/drive.google.com\/open?id=0B9F-9_QAlgdGVGNzM3FlVjJWa1NHZFF2bkhEWkRTNDc5dDBB\">Gaze visualization<\/a><\/li>\n<li>[Brainstorming] Peter Dubec: <a href=\"https:\/\/www.pewe.sk\/wp-content\/uploads\/2016\/01\/pewe_xdubecp1.pdf\">Effective user studies for mobile devices enhanced with eye tracking<\/a><\/li>\n<\/ul>\n<p><strong>25-26.10.2016<\/strong> \u00bb\u00a0<em>Colloquium on Multiple Eye Tracker Classrooms, Lund<br \/>\n<\/em><\/p>\n<ul>\n<li>M\u00e1ria Bielikov\u00e1, R\u00f3bert M\u00f3ro, Jakub \u0160imko: Multiple Eyetracker Lab in Bratislava \u2013 Research and Education Challenges and First Experiences<\/li>\n<\/ul>\n<p><strong>20.10.2016, U120<\/strong> \u00bb <em>Seminar<\/em><\/p>\n<ul>\n<li>[Tutorial] Ondrej Ka\u0161\u0161\u00e1k and Jakub \u0160evcech: <a href=\"https:\/\/www.pewe.sk\/wp-content\/uploads\/2016\/01\/RvsPython2016.pptx\">R vs. Python<\/a><\/li>\n<li>[Reading] <a href=\"https:\/\/www.nngroup.com\/articles\/authentic-behavior-in-user-testing\/\" target=\"_blank\" rel=\"noopener\">Authentic Behavior in User Testing<\/a> (moderated by Patrik Hlav\u00e1\u010d)<\/li>\n<\/ul>\n<p><strong>20-21.10.2016<\/strong> \u00bb <em><a href=\"http:\/\/smap2016.org\">SMAP 2016, Thessaloniki<\/a><\/em><\/p>\n<ul>\n<li>Tom\u00e1\u0161 Matlovi\u010d, Peter Ga\u0161par, Robert M\u00f3ro, Jakub \u0160imko and M\u00e1ria Bielikov\u00e1: Emotions Detection Using Facial Expressions Recognition and EEG<\/li>\n<li>Metod Ryb\u00e1r and M\u00e1ria Bielikov\u00e1: Automated Detection of User Deception in On-line Questionnaires with Focus on Eye Tracking Use<\/li>\n<\/ul>\n<p><strong>13.10.2016, U120<\/strong> \u00bb <em>Seminar<\/em><\/p>\n<ul>\n<li>[Reading] Adam D. I. Kramera, Jamie E. Guilloryb, and Jeffrey T. Hancock:\u00a0<a href=\"http:\/\/www.pnas.org\/content\/111\/24\/8788.full\">Experimental evidence of massive-scale emotionalcontagion through social networks<\/a>\u00a0(<a href=\"http:\/\/www.pnas.org\/content\/111\/24\/8788.full.pdf\">pdf<\/a>), moderated by R\u00f3bert M\u00f3ro <a href=\"https:\/\/www.pewe.sk\/wp-content\/uploads\/2016\/01\/moro_reading_2016-10-13.pptx\">[slides]<\/a><\/li>\n<li>[Brainstorming] Situational Fidelity in Controlled Experimental\u00a0Environment (moderated by Jakub \u0160imko) <a href=\"https:\/\/www.pewe.sk\/wp-content\/uploads\/2016\/01\/Brainstorm_verne_podmienky_v_exp.pptx\">[slides]<\/a><\/li>\n<li>[Brainstorming] Ale\u0161 M\u00e4siar: <a href=\"https:\/\/www.pewe.sk\/wp-content\/uploads\/2016\/01\/masiar_pewe.pdf\">Eye Tracking in Human Computation<\/a><\/li>\n<\/ul>\n<p><strong>6.10.2016, U120<\/strong> \u00bb <em>Seminar<\/em><\/p>\n<ul>\n<li>[Tutorial] Jakub \u0160imko: How to Search Research Resources \u2013 Methods and Tools <a href=\"https:\/\/www.pewe.sk\/wp-content\/uploads\/2016\/01\/Mendeley_pracaSoZdrojmi2016.pptx\">[slides]<\/a><\/li>\n<li>[Tutorial] Eduard Kuric: Intro to UXI and Eye-tracking Studies <a href=\"https:\/\/www.pewe.sk\/wp-content\/uploads\/2016\/01\/UXI.pdf\">[slides]<\/a><\/li>\n<\/ul>\n<p><strong>29.9.2016, 3.08<\/strong> \u00bb <em>Seminar<\/em><\/p>\n<ul>\n<li>[Reading] <a href=\"http:\/\/dl.acm.org\/citation.cfm?id=2959150\">Qian Zhao, Shuo Chang, F. Maxwell Harper, and Joseph A. Konstan. Gaze Prediction for Recommender Systems<\/a> (moderated by Michal Kompan) <a href=\"https:\/\/www.pewe.sk\/wp-content\/uploads\/2016\/01\/reading_gaze_prediction.pptx\">[slides]<\/a><\/li>\n<li>[Reading] <a href=\"http:\/\/homes.cs.washington.edu\/%7Epedrod\/papers\/cacm12.pdf\">Pedro Domingos: A Few Useful Things to Know about Machine Learning<\/a> (moderated by Ondrej Ka\u0161\u0161\u00e1k) <a href=\"https:\/\/www.pewe.sk\/wp-content\/uploads\/2016\/01\/presentation-A-Few-Useful-Things-to-Know-about-Machine-Learning.pptx\">[slides]<\/a><\/li>\n<\/ul>\n<p><strong>27.9.2016, Incheba<\/strong> \u00bb <em>ICT Proposers\u2019 Day, Bratislava, Slovakia<\/em><\/p>\n<ul>\n<li>M\u00e1ria Bielikov\u00e1: <a href=\"https:\/\/www.pewe.sk\/wp-content\/uploads\/2016\/01\/ICT-Proposers-Day-FIIT-STU-Bielikova.pptx\">Data Analysis and Machine Learning: From Clicks, Gaze, Face to Evaluation of User eXperience<\/a><\/li>\n<\/ul>\n<p>&nbsp;<\/p>\n<p>&nbsp;<\/p>\n","protected":false},"excerpt":{"rendered":"<p>20-24.8. 2017, Wuppertal, Germany \u00bb ECEM 2017 Infrastructure and Methodology for Group Studies in Multiple Eye Trackers Laboratory by Martin Konopka, Robert Moro, [&hellip;]<\/p>\n","protected":false},"author":10,"featured_media":0,"parent":0,"menu_order":0,"comment_status":"closed","ping_status":"closed","template":"","meta":[],"_links":{"self":[{"href":"http:\/\/www.pewe.sk\/uxi\/wp-json\/wp\/v2\/pages\/1003"}],"collection":[{"href":"http:\/\/www.pewe.sk\/uxi\/wp-json\/wp\/v2\/pages"}],"about":[{"href":"http:\/\/www.pewe.sk\/uxi\/wp-json\/wp\/v2\/types\/page"}],"author":[{"embeddable":true,"href":"http:\/\/www.pewe.sk\/uxi\/wp-json\/wp\/v2\/users\/10"}],"replies":[{"embeddable":true,"href":"http:\/\/www.pewe.sk\/uxi\/wp-json\/wp\/v2\/comments?post=1003"}],"version-history":[{"count":4,"href":"http:\/\/www.pewe.sk\/uxi\/wp-json\/wp\/v2\/pages\/1003\/revisions"}],"predecessor-version":[{"id":1023,"href":"http:\/\/www.pewe.sk\/uxi\/wp-json\/wp\/v2\/pages\/1003\/revisions\/1023"}],"wp:attachment":[{"href":"http:\/\/www.pewe.sk\/uxi\/wp-json\/wp\/v2\/media?parent=1003"}],"curies":[{"name":"wp","href":"https:\/\/api.w.org\/{rel}","templated":true}]}}