{"id":1012,"date":"2017-09-28T07:12:51","date_gmt":"2017-09-28T07:12:51","guid":{"rendered":"http:\/\/www.pewe.sk\/uxi\/?page_id=1012"},"modified":"2017-09-28T07:12:51","modified_gmt":"2017-09-28T07:12:51","slug":"uxi-group-seminars-20132014","status":"publish","type":"page","link":"http:\/\/www.pewe.sk\/uxi\/uxi-group-seminars-20132014\/","title":{"rendered":"UXI Group Seminars 2013\/2014"},"content":{"rendered":"<p><strong>6.5. 2014<\/strong>\u00a0\u00bb <em>Seminar<\/em><\/p>\n<ul>\n<li>Alena Kov\u00e1rov\u00e1: <a href=\"http:\/\/www.pewe.sk\/uxi\/wp-content\/uploads\/sites\/2\/2016\/02\/2014-05-06-kovarova.pptx\" rel=\"\">UX design for Google Glass<\/a><\/li>\n<li>Peter Dem\u010d\u00e1k:\u00a0<a href=\"http:\/\/www.pewe.sk\/uxi\/wp-content\/uploads\/sites\/2\/2016\/02\/Demcak_PeWe_6-5.pptx\" rel=\"\">Behavioral and Physiological UX metrics<\/a> (reading)<\/li>\n<li>Jozef Tvaro\u017eek: <a href=\"http:\/\/www.pewe.sk\/uxi\/wp-content\/uploads\/sites\/2\/2016\/02\/2014-05-06-tvarozek.pptx\" rel=\"\">Usability Issues and Self-reported UX metrics<\/a><\/li>\n<li>Team Carrots: <a href=\"http:\/\/www.pewe.sk\/uxi\/wp-content\/uploads\/sites\/2\/2016\/02\/06_05_2014_PrezentaciaUX_ver2.pptx\" rel=\"\">Web UX testing: Progress and lessons learnedr2<\/a><\/li>\n<\/ul>\n<p><strong>8.4. 2014<\/strong>\u00a0\u00bb <em>Seminar<\/em><\/p>\n<ul>\n<li>Jakub \u0160evcech, R\u00f3bert M\u00f3ro:\u00a0<a href=\"http:\/\/www.pewe.sk\/uxi\/wp-content\/uploads\/sites\/2\/2016\/02\/sevcech-moro_ux-performance-metrics.pdf\" rel=\"\">Usability Metrics<\/a> (reading)<\/li>\n<li>\u013dubo\u0161 Demovi\u010d:\u00a0<a href=\"http:\/\/www.pewe.sk\/uxi\/wp-content\/uploads\/sites\/2\/2016\/02\/pewe_usablity_demovic.pdf\" rel=\"\">Usability Testing of Web and non-Web Interfaces based on Eyetracking<\/a> (experience report)<\/li>\n<li>Peter Ki\u0161: Hexa Game:\u00a0<a href=\"http:\/\/www.pewe.sk\/uxi\/wp-content\/uploads\/sites\/2\/2016\/02\/Hexa_Game_Evaluation_of_Gameplay_Experiment.pptx\" rel=\"\">Evaluation of Gameplay Experiment<\/a> (thesis report)<\/li>\n<\/ul>\n<p><strong>25.3. 2014<\/strong>\u00a0\u00bb <em>Seminar<\/em><\/p>\n<ul>\n<li>Martin Krupa (<a class=\"link external\" href=\"http:\/\/www.ui42.sk\/\">ui42<\/a>): <a href=\"http:\/\/www.pewe.sk\/uxi\/wp-content\/uploads\/sites\/2\/2016\/02\/ui42-krupa-pewe2014-03-25.pdf\" rel=\"\">Usability and How to Integrate it into Software Development<\/a><\/li>\n<\/ul>\n<p><strong>5.2.2014, 9:00, 3.08<\/strong>\u00a0\u00bb <em>Seminar<\/em><\/p>\n<ul>\n<li>M\u00e1ria Bielikov\u00e1: UX group Kick-off<\/li>\n<li>Jozef Tvaro\u017eek: UX lab at FIIT<\/li>\n<li>Katar\u00edna Buzov\u00e1: Holistic approach to UX modeling<\/li>\n<li>Jakub \u0160evcech: First experience with eye tracking<\/li>\n<\/ul>\n","protected":false},"excerpt":{"rendered":"<p>6.5. 2014\u00a0\u00bb Seminar Alena Kov\u00e1rov\u00e1: UX design for Google Glass Peter Dem\u010d\u00e1k:\u00a0Behavioral and Physiological UX metrics (reading) Jozef Tvaro\u017eek: Usability Issues and Self-reported [&hellip;]<\/p>\n","protected":false},"author":10,"featured_media":0,"parent":0,"menu_order":0,"comment_status":"closed","ping_status":"closed","template":"","meta":[],"_links":{"self":[{"href":"http:\/\/www.pewe.sk\/uxi\/wp-json\/wp\/v2\/pages\/1012"}],"collection":[{"href":"http:\/\/www.pewe.sk\/uxi\/wp-json\/wp\/v2\/pages"}],"about":[{"href":"http:\/\/www.pewe.sk\/uxi\/wp-json\/wp\/v2\/types\/page"}],"author":[{"embeddable":true,"href":"http:\/\/www.pewe.sk\/uxi\/wp-json\/wp\/v2\/users\/10"}],"replies":[{"embeddable":true,"href":"http:\/\/www.pewe.sk\/uxi\/wp-json\/wp\/v2\/comments?post=1012"}],"version-history":[{"count":1,"href":"http:\/\/www.pewe.sk\/uxi\/wp-json\/wp\/v2\/pages\/1012\/revisions"}],"predecessor-version":[{"id":1013,"href":"http:\/\/www.pewe.sk\/uxi\/wp-json\/wp\/v2\/pages\/1012\/revisions\/1013"}],"wp:attachment":[{"href":"http:\/\/www.pewe.sk\/uxi\/wp-json\/wp\/v2\/media?parent=1012"}],"curies":[{"name":"wp","href":"https:\/\/api.w.org\/{rel}","templated":true}]}}