{"id":1014,"date":"2017-09-28T07:16:51","date_gmt":"2017-09-28T07:16:51","guid":{"rendered":"http:\/\/www.pewe.sk\/uxi\/?page_id=1014"},"modified":"2017-09-28T07:16:51","modified_gmt":"2017-09-28T07:16:51","slug":"uxi-group-seminars-20142015","status":"publish","type":"page","link":"http:\/\/www.pewe.sk\/uxi\/uxi-group-seminars-20142015\/","title":{"rendered":"UXI Group Seminars 2014\/2015"},"content":{"rendered":"<p><strong>17-21.8.2015<\/strong>\u00a0\u00bb <em><a class=\"link external\" href=\"http:\/\/ecem2015.univie.ac.at\/\">ECEM 2015 Poster<\/a><\/em><\/p>\n<ul>\n<li>R\u00f3bert M\u00f3ro, Jakub Dar\u00e1\u017e and M\u00e1ria Bielikov\u00e1: Defining Areas of Interest for the Dynamic Web Pages.<\/li>\n<li>Michal Barla, Miroslav \u0160imek and M\u00e1ria Bielikov\u00e1: Comparing Eye-tracking Data Using Machine Learning.<\/li>\n<li>M\u00e1ria Bielikov\u00e1, R\u00f3bert M\u00f3ro, Jakub \u0160imko, Jozef Tvaro\u017eek: Adaptive Web-Based Textbook Utilizing Gaze Data.<\/li>\n<\/ul>\n<p><strong>29.6.-3.7.2015<\/strong>\u00a0\u00bb <em><a class=\"link external\" href=\"http:\/\/umap2015.com\/\">UMAP 2015 Poster<\/a><\/em><\/p>\n<ul>\n<li>R\u00f3bert M\u00f3ro and M\u00e1ria Bielikov\u00e1: Utilizing Gaze Data in Learning: From Reading Patterns Detection to Personalization.<\/li>\n<\/ul>\n<p><strong>26.5.2015<\/strong>\u00a0\u00bb <em>SOFTEC Business Breakfast, Jaro\u0161ova 1, Bratislava, 9:00<\/em><\/p>\n<ul>\n<li>Jozef Tvaro\u017eek: <a href=\"http:\/\/www.pewe.sk\/uxi\/wp-content\/uploads\/sites\/2\/2016\/02\/2015-05-26_tvarozek_softec_biznis_ranajky.pptx\" rel=\"\">UX@FIIT \u2013 Laboratory you have to experience!<\/a><\/li>\n<\/ul>\n<p><strong>21-22.5.2015<\/strong>\u00a0\u00bb <em><a class=\"link external\" href=\"http:\/\/apcpp.eu\/\">APCPP 2015<\/a><\/em><\/p>\n<ul>\n<li>Michal Barla and Jozef Tvaro\u017eek: <a href=\"http:\/\/www.pewe.sk\/uxi\/wp-content\/uploads\/sites\/2\/2016\/02\/uxlab_apcpp.pdf\" rel=\"\">Automatic Analysis of Large Volume Eye-tracking Data<\/a><\/li>\n<\/ul>\n<p><strong>6.5.2015, 10:00<\/strong>\u00a0\u00bb <em>UX@FIIT Opening<\/em> <a class=\"link external\" href=\"http:\/\/mariabielik.zenfolio.com\/uxlab-opening2015-05\">Photos<\/a><\/p>\n<ul>\n<li>M\u00e1ria Bielikov\u00e1, Jozef Tvaro\u017eek et al.: <a href=\"http:\/\/www.pewe.sk\/uxi\/wp-content\/uploads\/sites\/2\/2016\/02\/ux-fiit2015-05-06.pdf\" rel=\"\">UX Class and UX Lab \u2013 Equipment, Infrastructure and Opportunities<\/a><\/li>\n<\/ul>\n<p><strong>28.4.2015<\/strong>\u00a0\u00bb <em>Seminar<\/em><\/p>\n<ul>\n<li>Jakub \u0160imko: <a href=\"http:\/\/www.pewe.sk\/uxi\/wp-content\/uploads\/sites\/2\/2016\/02\/CrowdGaze_PeWe_report_april.pptx\" rel=\"\">Gazing Crowds: Documentary Classification Experiment<\/a><\/li>\n<\/ul>\n<p><strong>21.4.2015<\/strong>\u00a0\u00bb <em>Seminar<\/em><\/p>\n<ul>\n<li>Eduard Kuric: <a href=\"http:\/\/www.pewe.sk\/uxi\/wp-content\/uploads\/sites\/2\/2016\/02\/kuric_ux_ui_2015_v1.pdf\" rel=\"\">UX vs. UI? UX &amp; UI! | Visual hierarchy, Flat design (2.0)<\/a><\/li>\n<\/ul>\n<p><strong>11.-12.4.2015<\/strong> \u00bb <em><a href=\"https:\/\/www.pewe.sk\/spring-201415-april-11-2015\/\">17th PeWe Onto\u017e\u00far<\/a>, Gab\u010d\u00edkovo, Slovakia<\/em> <a class=\"link external\" href=\"http:\/\/mariabielik.zenfolio.com\/ontozur2015spring\">photos<\/a><\/p>\n<ul>\n<li>Case study with Tobii studio: Tutorial<\/li>\n<li>Hands on<\/li>\n<li>Keynote Michal Tvarozek<\/li>\n<li>Imagine Cup \u2013 Slovak Finals Rehearsal<\/li>\n<li>Experiments<\/li>\n<li>SeBe<\/li>\n<li>Food, Drinks, Discussions, Games and much more\u2026<\/li>\n<\/ul>\n<p><a href=\"https:\/\/www.pewe.sk\/uxi\/wp-content\/uploads\/sites\/2\/2016\/02\/ontozur2015-family.jpg\" rel=\"attachment wp-att-382\"><img loading=\"lazy\" class=\"alignnone wp-image-382\" src=\"https:\/\/www.pewe.sk\/uxi\/wp-content\/uploads\/sites\/2\/2016\/02\/ontozur2015-family-1024x412.jpg\" sizes=\"(max-width: 498px) 100vw, 498px\" srcset=\"https:\/\/www.pewe.sk\/uxi\/wp-content\/uploads\/sites\/2\/2016\/02\/ontozur2015-family-1024x412.jpg 1024w, https:\/\/www.pewe.sk\/uxi\/wp-content\/uploads\/sites\/2\/2016\/02\/ontozur2015-family-300x121.jpg 300w, https:\/\/www.pewe.sk\/uxi\/wp-content\/uploads\/sites\/2\/2016\/02\/ontozur2015-family-768x309.jpg 768w\" alt=\"ontozur2015-family\" width=\"498\" height=\"200\" \/><\/a><\/p>\n<p><a href=\"https:\/\/www.pewe.sk\/uxi\/wp-content\/uploads\/sites\/2\/2016\/02\/ontozur2015-04-1096.jpg\" rel=\"attachment wp-att-381\"><img loading=\"lazy\" class=\"alignnone size-medium wp-image-381\" src=\"https:\/\/www.pewe.sk\/uxi\/wp-content\/uploads\/sites\/2\/2016\/02\/ontozur2015-04-1096-300x200.jpg\" sizes=\"(max-width: 300px) 100vw, 300px\" srcset=\"https:\/\/www.pewe.sk\/uxi\/wp-content\/uploads\/sites\/2\/2016\/02\/ontozur2015-04-1096-300x200.jpg 300w, https:\/\/www.pewe.sk\/uxi\/wp-content\/uploads\/sites\/2\/2016\/02\/ontozur2015-04-1096-768x513.jpg 768w, https:\/\/www.pewe.sk\/uxi\/wp-content\/uploads\/sites\/2\/2016\/02\/ontozur2015-04-1096-1024x683.jpg 1024w\" alt=\"ontozur2015-04-1096\" width=\"300\" height=\"200\" \/><\/a><\/p>\n<p><strong>24.3.2015<\/strong>\u00a0\u00bb <em>Seminar<\/em><\/p>\n<ul>\n<li>Martin Kon\u00f4pka: <a href=\"http:\/\/www.pewe.sk\/uxi\/wp-content\/uploads\/sites\/2\/2016\/02\/konopka-ux.pptx\" rel=\"\">UX in Software Engineering: Beyond the Call of Duty<\/a><\/li>\n<li>Patrik Hlav\u00e1\u010d: <a href=\"http:\/\/www.pewe.sk\/uxi\/wp-content\/uploads\/sites\/2\/2016\/02\/ux.pptx\" rel=\"\">User\u2019s Gaze Analysis for Web Reading<\/a><\/li>\n<li>Peter Ga\u0161par: <a href=\"http:\/\/www.pewe.sk\/uxi\/wp-content\/uploads\/sites\/2\/2016\/02\/gaspar-24_3_2015-facetracking.pdf\" rel=\"\">Face-tracking tools for analysis and evaluation<\/a><\/li>\n<li>T\u00edm Focus: <a href=\"http:\/\/www.pewe.sk\/uxi\/wp-content\/uploads\/sites\/2\/2016\/02\/PeWe_teamFocus.pdf\" rel=\"\">UX Testing<\/a><\/li>\n<\/ul>\n<p><strong>3.3.2015<\/strong>\u00a0\u00bb <em>Seminar<\/em><\/p>\n<ul>\n<li>Jozef Tvaro\u017eek:\u00a0<a href=\"http:\/\/www.pewe.sk\/uxi\/wp-content\/uploads\/sites\/2\/2016\/02\/2015-03-03-ux-knowhow.pptx\" rel=\"\">Practical eye-tracking<\/a> (know how)<\/li>\n<li>Peter Dem\u010d\u00e1k: <a href=\"http:\/\/www.pewe.sk\/uxi\/wp-content\/uploads\/sites\/2\/2016\/02\/Demcak_PeWe_03032015.pptx\" rel=\"\">Methodics of Game Evaluation Based on Implicit Feedback<\/a><\/li>\n<li>Metod Ryb\u00e1r: <a class=\"link ppt\" href=\"https:\/\/docs.google.com\/presentation\/d\/1_uRQc3TSjknGmg2KiAOxwRnnYzOKlVcLuTW50DKg9d8\">What can your eyes tell me about your thoughts<\/a><\/li>\n<\/ul>\n<p><strong>19.2.2015, 14:00<\/strong>\u00a0\u00bb <em>Seminar<\/em><\/p>\n<ul>\n<li>Julien Balmont: Physiological sensors for monitoring user behavior<br \/>\n\u2013 Explanation of sensors<br \/>\n\u2013 Example of measuring<br \/>\n\u2013 Evaluation of measurements in Captiv<\/li>\n<\/ul>\n<p><strong>17.2.2015, 10:00<\/strong>\u00a0\u00bb <em>Seminar<\/em><\/p>\n<ul>\n<li>Tommy Strandvall: Introduction to eye tracking and eye tracking research<br \/>\n\u2013 Basic eye tracking methods<br \/>\n\u2013 Examples of sample studies<br \/>\n\u2013 Brief demonstrations of Tobii Studio, TX300 and X2-60 eye trackers<\/li>\n<\/ul>\n<p><strong>13.11.2014, 9:00<\/strong>\u00a0\u00bb <em><a class=\"link external\" href=\"http:\/\/www.worldusabilityday.sk\">World Usability Day<\/a><\/em><\/p>\n<ul>\n<li>M\u00e1ria Bielikov\u00e1: Eye-Tracker experience: UX Lab and UX Class at FIIT<\/li>\n<\/ul>\n<p><strong>4.11. 2014<\/strong>\u00a0\u00bb <em>Seminar on Gaze Tracking<\/em><\/p>\n<ul>\n<li>Daniela Moska\u013eov\u00e1 (Faculty of Philosophy, Comenius University): Eye tracker in psychology<\/li>\n<li>Jakub \u0160imko: <a href=\"http:\/\/www.pewe.sk\/uxi\/wp-content\/uploads\/sites\/2\/2016\/02\/csgaze.pptx\" rel=\"\">Utilizing of Gaze Tracking for Supporting of a Crowdsourcing Process: A Case Study<\/a><\/li>\n<\/ul>\n<p><strong>21.10. 2014, 14:00<\/strong>\u00a0\u00bb <em>Brainstorming<\/em><\/p>\n<ul>\n<li>Team Focus: Brainstorming on use cases for gaze implicit feedback usage<\/li>\n<\/ul>\n<p><strong>7.10. 2014<\/strong>\u00a0\u00bb <em>Seminar<\/em><\/p>\n<ul>\n<li>Jakub \u0160imko: <a href=\"http:\/\/www.pewe.sk\/uxi\/wp-content\/uploads\/sites\/2\/2016\/02\/Hypotezy_new.pptx\" rel=\"\">Think of Evaluation Now. Have You Stated Your Hypothesis Already?<\/a><\/li>\n<li>Jozef Tvaro\u017eek: <a href=\"http:\/\/www.pewe.sk\/uxi\/wp-content\/uploads\/sites\/2\/2016\/02\/2014-10-07-tvarozek-quant.pptx\" rel=\"\">Evaluation methods: Quantitative vs. Qualitative<\/a><\/li>\n<\/ul>\n","protected":false},"excerpt":{"rendered":"<p>17-21.8.2015\u00a0\u00bb ECEM 2015 Poster R\u00f3bert M\u00f3ro, Jakub Dar\u00e1\u017e and M\u00e1ria Bielikov\u00e1: Defining Areas of Interest for the Dynamic Web Pages. Michal Barla, Miroslav [&hellip;]<\/p>\n","protected":false},"author":10,"featured_media":0,"parent":0,"menu_order":0,"comment_status":"closed","ping_status":"closed","template":"","meta":[],"_links":{"self":[{"href":"http:\/\/www.pewe.sk\/uxi\/wp-json\/wp\/v2\/pages\/1014"}],"collection":[{"href":"http:\/\/www.pewe.sk\/uxi\/wp-json\/wp\/v2\/pages"}],"about":[{"href":"http:\/\/www.pewe.sk\/uxi\/wp-json\/wp\/v2\/types\/page"}],"author":[{"embeddable":true,"href":"http:\/\/www.pewe.sk\/uxi\/wp-json\/wp\/v2\/users\/10"}],"replies":[{"embeddable":true,"href":"http:\/\/www.pewe.sk\/uxi\/wp-json\/wp\/v2\/comments?post=1014"}],"version-history":[{"count":1,"href":"http:\/\/www.pewe.sk\/uxi\/wp-json\/wp\/v2\/pages\/1014\/revisions"}],"predecessor-version":[{"id":1015,"href":"http:\/\/www.pewe.sk\/uxi\/wp-json\/wp\/v2\/pages\/1014\/revisions\/1015"}],"wp:attachment":[{"href":"http:\/\/www.pewe.sk\/uxi\/wp-json\/wp\/v2\/media?parent=1014"}],"curies":[{"name":"wp","href":"https:\/\/api.w.org\/{rel}","templated":true}]}}