{"id":1016,"date":"2017-09-28T07:18:18","date_gmt":"2017-09-28T07:18:18","guid":{"rendered":"http:\/\/www.pewe.sk\/uxi\/?page_id=1016"},"modified":"2017-09-28T07:18:18","modified_gmt":"2017-09-28T07:18:18","slug":"uxi-group-seminars-20152016","status":"publish","type":"page","link":"http:\/\/www.pewe.sk\/uxi\/uxi-group-seminars-20152016\/","title":{"rendered":"UXI Group Seminars 2015\/2016"},"content":{"rendered":"<p><strong>10.3.2016<\/strong>\u00a0\u00bb Seminar<\/p>\n<ul>\n<li>R\u00f3bert M\u00f3ro: <a href=\"https:\/\/www.pewe.sk\/wp-content\/uploads\/2016\/01\/moro_2016-03-17_statistics-03.pptx\" rel=\"\">Statistics #3: Regression<\/a>\u00a0(<a href=\"https:\/\/www.pewe.sk\/wp-content\/uploads\/2016\/01\/stats_demo_final.zip\" rel=\"\">demo<\/a>)<\/li>\n<li>Veronika Bal\u00e1\u017eov\u00e1:\u00a0<a href=\"https:\/\/www.pewe.sk\/wp-content\/uploads\/2016\/01\/balazova2.pptx\">User Experience on the Web<\/a><\/li>\n<\/ul>\n<p><strong>10.3.2016<\/strong>\u00a0\u00bb Seminar<\/p>\n<ul>\n<li>Patrik Berger: <a href=\"https:\/\/www.pewe.sk\/wp-content\/uploads\/2016\/01\/pewe2.pptx\" rel=\"\">Mind-Controlled Application<\/a><\/li>\n<li>Matej Kloska: <a href=\"https:\/\/www.pewe.sk\/wp-content\/uploads\/2016\/01\/kloska_03102016-1.pdf\" rel=\"\">Support for Domain Model Authoring<\/a><\/li>\n<\/ul>\n<p><strong>3.3.2016<\/strong>\u00a0\u00bb Seminar<\/p>\n<ul>\n<li>R\u00f3bert M\u00f3ro: <a href=\"https:\/\/www.pewe.sk\/wp-content\/uploads\/2016\/01\/moro_2016-03-03_statistics-02.pptx\" rel=\"\">Statistics #2: ANOVA (know-how)<\/a>, <a href=\"https:\/\/www.pewe.sk\/wp-content\/uploads\/2016\/01\/stats_demo_continued.zip\" rel=\"\">demo<\/a><\/li>\n<li>Peter Dem\u010d\u00e1k: New UX Group\u00a0capabilities (quick how-to)<\/li>\n<\/ul>\n<ul>\n<li>Student presentation track:\n<ul>\n<li>Tom\u00e1\u0161 Matlovi\u010d:\u00a0<a href=\"https:\/\/www.pewe.sk\/wp-content\/uploads\/2016\/01\/matlovic_aplikacia_ovladana_myslou.pptx\">Mind-Controlled Application<\/a><\/li>\n<li>Jakub Benjam\u00edn Vrba: Segmentation of Screen Recording for Eye-tracking<\/li>\n<\/ul>\n<\/li>\n<\/ul>\n<p><strong>25.2.2016<\/strong>\u00a0\u00bb Seminar<\/p>\n<ul>\n<li>Peter Ga\u0161par: <a href=\"https:\/\/www.pewe.sk\/wp-content\/uploads\/2016\/01\/crowdex_gaspar_pewe_25_2_2016.pdf\" rel=\"\">Crowdex How-to<\/a><\/li>\n<\/ul>\n<ul>\n<li>Student presentation track\n<ul>\n<li>Metod Ryb\u00e1r:\u00a0Explicit User Input Quality Determination Based on Implicit User Input<\/li>\n<li>M\u00e1ria Drag\u00fa\u0148ov\u00e1:\u00a0<a href=\"https:\/\/www.pewe.sk\/wp-content\/uploads\/2016\/01\/dragunova_pewe.pptx\">Evaluation of User Experience by Eye-tracking and Emotions analysis<\/a><\/li>\n<li>Tom\u00e1\u0161 Juhaniak:\u00a0<a href=\"https:\/\/docs.google.com\/presentation\/d\/1WBc-hdMR1qpAF6MjLoyFhKEW1sx6PI5BVtfudrhSoNs\/edit?usp=sharing\" target=\"_blank\" rel=\"noopener\">Cognitive Overload\u00a0in Human Computer Interaction<\/a><\/li>\n<\/ul>\n<\/li>\n<\/ul>\n<p><strong>18.2.2016<\/strong>\u00a0\u00bb Seminar<\/p>\n<ul>\n<li>R\u00f3bert M\u00f3ro: <a href=\"https:\/\/www.pewe.sk\/wp-content\/uploads\/2016\/01\/moro_2016-02-18_statistics-01.pptx\" rel=\"\">Statistics #1: Hypotheses Testing<\/a>\u00a0(<a href=\"https:\/\/www.pewe.sk\/wp-content\/uploads\/2016\/01\/stats_demo.zip\" rel=\"\">demo<\/a>)<\/li>\n<\/ul>\n<p><strong>17-22.1.2016<\/strong>\u00a0\u00bb <em><a class=\"link external\" href=\"http:\/\/winterschool.ethz.ch\/\">Winter School on Eye Tracking \u2013 Experimental Design, Implementation, and Analysis<\/a><\/em><\/p>\n<ul>\n<li>Robert Moro and Maria Bielikova (supervisor): Considering Individual Differences in Quantitative Eye-Tracking Studies.<\/li>\n<\/ul>\n<p><strong>15.12.2015<\/strong>\u00a0\u00bb <em>Autumn Semester Finale: Seminar on Visions (diploma projects proposals)<\/em><br \/>\n<em>Diploma projects proposals (90s pitch)<\/em><\/p>\n<ul>\n<li>Lenka Kutlikov\u00e1: <a href=\"http:\/\/www.pewe.sk\/wp-content\/uploads\/2016\/01\/Automatic-evaluating-of-usability-with-eye-tracking-technique_kutlikova.pdf\" rel=\"\">Automatic evaluating usability of applications with eye-tracking technique<\/a><\/li>\n<li>Peter Dubec: <a href=\"http:\/\/www.pewe.sk\/wp-content\/uploads\/2016\/01\/xdubec-zamer-dp.pdf\" rel=\"\">Towards Automating Analysis of Eye Tracking User Studies<\/a><\/li>\n<li>Jakub Mrocek: <a href=\"http:\/\/www.pewe.sk\/wp-content\/uploads\/2016\/01\/xmrocek_pewe_december_20151.pdf\" rel=\"\">Analysis of text reading<\/a><\/li>\n<li>Adam Bacho: <a href=\"http:\/\/www.pewe.sk\/wp-content\/uploads\/2016\/01\/xbacho-pewe-december-2015.pdf\" rel=\"\">Usability of information visualizations in the process of knowledge discovery<\/a><\/li>\n<\/ul>\n<p><strong>8.12.2015<\/strong>\u00a0\u00bb <em>Seminar<\/em><\/p>\n<ul>\n<li>Michaela Ko\u010diov\u00e1, Marek Solc (Lighting Beetle): <a href=\"http:\/\/www.pewe.sk\/wp-content\/uploads\/2016\/01\/helios-one-FIIT.pdf\" rel=\"\">Software redesign approach based on UX methods: Case study Helios One<\/a>, Supplement \u2013 <a class=\"link external\" href=\"http:\/\/www.nngroup.com\/articles\/ten-usability-heuristics\/\">Heuristic Evaluation<\/a><\/li>\n<\/ul>\n<p><strong>5.-6.12.2015<\/strong>\u00a0\u00bb <em><a href=\"http:\/\/www.pewe.sk\/pewe-ontozur-20152016\/\">18th PeWe Onto\u017e\u00far<\/a>, Marianka, Slovakia<\/em><\/p>\n<ul>\n<li>PeWe Research projects<\/li>\n<li>Presenting Scientific Work<\/li>\n<li>Keynote by PeWe Alumni Marian Honsch<\/li>\n<li>Saint Nicholas Day Celebration<\/li>\n<li>Food, Drinks, Discussions, Games and much more\u2026<\/li>\n<\/ul>\n<p><strong>1.12.2015<\/strong>\u00a0\u00bb <em>Seminar<\/em><\/p>\n<ul>\n<li>UX Class \u2013 Hands-on Demo<\/li>\n<li>Patrik Janu\u0161ka: <a href=\"http:\/\/www.pewe.sk\/wp-content\/uploads\/2016\/01\/Search_query_expansion_using_eye_tracking.pptx\" rel=\"\">Search query expansion using eye tracking<\/a><\/li>\n<\/ul>\n<p><strong>24.11.2015<\/strong>\u00a0\u00bb <em>Seminar<\/em><\/p>\n<ul>\n<li>Zuzana Ben\u00ed\u010dkov\u00e1: <a href=\"http:\/\/www.pewe.sk\/wp-content\/uploads\/2016\/01\/Analyzing_problem_solving_in_education_benickova.pptx\" rel=\"\">Analyzing problem solving in education<\/a><\/li>\n<li>Peter Bobovsk\u00fd: Analyzing problem solving in education<\/li>\n<li>Matej \u010cervenka: <a href=\"http:\/\/www.pewe.sk\/wp-content\/uploads\/2016\/01\/Roz%C5%A1%C3%ADrenie-zreni%C4%8Dky-a-stres-pri-pou%C5%BE%C3%ADvate%C4%BEskom-testovan%C3%AD.pptx\" rel=\"\">Pupil dilatation and stress in user studies<\/a><\/li>\n<\/ul>\n<p><strong>23-24.11.2015<\/strong>\u00a0\u00bb <em><a class=\"link external\" href=\"http:\/\/emipws.org\/call-for-papers-2015-models-to-data\/\">EMIP 2015<\/a><\/em><\/p>\n<ul>\n<li>Jozef Tvarozek, Martin Konopka, Pavol Navrat, Maria Bielikova: Studying Various Source Code Comprehension Strategies in Programming Education.<\/li>\n<\/ul>\n<p><strong>12.11.2015, 9:00, -1.58<\/strong>\u00a0\u00bb <em class=\"link external\"><a href=\"http:\/\/www.worldusabilityday.sk\/\">World Usability Day<\/a><\/em><\/p>\n<ul>\n<li>M\u00e1ria Bielikov\u00e1 (FIIT STU): <a href=\"http:\/\/www.pewe.sk\/wp-content\/uploads\/2016\/01\/WorldUsabilityDay_UXClassExperiments2.pptx\" rel=\"\">Quantitative UX testing<\/a><\/li>\n<li>Martin Jur\u00e1\u0161ek (Pixel Federation): <a class=\"link external\" href=\"http:\/\/www.slideshare.net\/suxask\/wud-slovakia-2015-nstroje-a-metdy-na-dlhodob-rozvoj-hernch-produktov-mgr-martin-jurek\">Methods and tools for longterm evolution of game products<\/a><\/li>\n<li>Jozef O\u010dkay (Sygic): <a class=\"link external\" href=\"http:\/\/www.slideshare.net\/suxask\/wud-slovakia-2015-datadriven-design-jozef-okay-55816502\">Data-Driven Design<\/a><\/li>\n<li>Michal Bla\u017eej (Lighting Beetle): <a class=\"link external\" href=\"http:\/\/www.slideshare.net\/suxask\/wud-slovakia-2015-researchdriven-design-michal-blaej\">Research-Driven Design<\/a><\/li>\n<\/ul>\n<p><strong>10.11.2015<\/strong>\u00a0\u00bb <em>Seminar<br \/>\n<\/em><\/p>\n<ul>\n<li>Vladim\u00edr \u013dal\u00edk: <a href=\"http:\/\/www.pewe.sk\/wp-content\/uploads\/2016\/01\/lalik_dp2_usability_evaluation.pptx\" rel=\"\">Evaluation of Application Usability Using Gaze-tracking<\/a><\/li>\n<li>Veronika Bal\u00e1\u017eov\u00e1: <a href=\"http:\/\/www.pewe.sk\/wp-content\/uploads\/2016\/01\/User_Experience_on_the_Web.pptx\" rel=\"\">User Experience on the Web<\/a><\/li>\n<\/ul>\n<p><strong>5-6.11.2015<\/strong>\u00a0\u00bb <em>SMAP 2015<\/em><\/p>\n<ul>\n<li>Jakub \u0160imko and M\u00e1ria Bielikov\u00e1:\u00a0<a href=\"http:\/\/www.pewe.sk\/wp-content\/uploads\/2016\/01\/SMAP2015_GazeTrackedCrowdsourcing.pptx\" rel=\"\">Gaze-tracked Crowdsourcing<\/a><\/li>\n<\/ul>\n<p><strong>3.11.2015<\/strong>\u00a0\u00bb <em>Seminar<\/em><br \/>\n<em>Featured presentation<\/em> (room 3.08)<\/p>\n<ul>\n<li>Jozef Tvaro\u017eek: <a href=\"http:\/\/www.pewe.sk\/wp-content\/uploads\/2016\/01\/2015-11-03-uxclass.pptx\" rel=\"\">Group Experiments in UX Class<\/a><\/li>\n<\/ul>\n<p><em>After featured presentation<\/em> (room 3.21)<\/p>\n<ul>\n<li>Peter Ki\u0161: <a href=\"http:\/\/www.pewe.sk\/wp-content\/uploads\/2016\/01\/Podpora_online_ucenia_programovania_pomocou_hry.pptx\" rel=\"\">Game-based Support of Online Learning of Programming<\/a><\/li>\n<li>M\u00e1ria Drag\u00fa\u0148ov\u00e1: <a href=\"http:\/\/www.pewe.sk\/wp-content\/uploads\/2016\/01\/dragunova_p1.pptx\" rel=\"\">Evaluation of user experience by eyetracking and emotions analysis<\/a><\/li>\n<\/ul>\n<p><strong>27.10.2015<\/strong>\u00a0\u00bb <em>Seminar<\/em><br \/>\n<em>Featured presentation<\/em> (room 3.08)<\/p>\n<ul>\n<li>Jakub \u0160evcech, Ondrej Ka\u0161\u0161\u00e1k et al. <a href=\"http:\/\/www.pewe.sk\/wp-content\/uploads\/2016\/01\/RvsPython.pptx\" rel=\"\">Data Analysis Battle R example<\/a><\/li>\n<\/ul>\n<p><em>After featured presentation<\/em> (room 3.08)<\/p>\n<ul>\n<li>Metod Ryb\u00e1r: <a href=\"https:\/\/docs.google.com\/presentation\/d\/1Io8spV4TllI6usy6z6WvqMiec-jrJaRjembnEJgmqf4\/edit?usp=sharing\">Explicit User Input Quality Determination Based on Implicit User Input<\/a><\/li>\n<li>Tom\u00e1\u0161 Juhaniak: <a class=\"link external\" href=\"https:\/\/docs.google.com\/presentation\/d\/1bQQyKfSH2GUnD9sPT9-q1ARBDG0slWS0ocfP-K3YaJ8\/edit?usp=sharing\">Cognitive overload while human-computer interconnection<\/a><\/li>\n<li>Miroslav Hurajt: <a href=\"http:\/\/www.pewe.sk\/wp-content\/uploads\/2016\/01\/PeWe_prezentacia_hurajt.pptx\" rel=\"\">Analysis of User Activities in Web Browser<\/a><\/li>\n<\/ul>\n<p><strong>20.10.2015<\/strong>\u00a0\u00bb <em>Seminar<\/em><br \/>\n<em>Featured presentation<\/em> (room 3.08)<\/p>\n<ul>\n<li>Patrik Polatsek: <a href=\"http:\/\/www.pewe.sk\/wp-content\/uploads\/2016\/01\/polatsek-saliency-maps2015-10.pdf\" rel=\"\">Salience Maps<\/a><\/li>\n<\/ul>\n<p><em>After featured presentation<\/em> (room 3.28)<\/p>\n<ul>\n<li>Patrik Berger, Tom\u00e1\u0161 Matlovi\u010d: <a href=\"http:\/\/www.pewe.sk\/wp-content\/uploads\/2016\/01\/bakalarka-pewe.pptx\" rel=\"\">Mind-Controlled Application<\/a><\/li>\n<li>Barbora Pavl\u00edkov\u00e1: <a href=\"http:\/\/www.pewe.sk\/wp-content\/uploads\/2016\/01\/Aplik%C3%A1cia-ov%C4%BD%C3%A1dan%C3%A1-mys%C4%BEou_new.pptx\" rel=\"\">Identification of Important Places in Source Code using Eye Tracking of a Programmernew<\/a><\/li>\n<\/ul>\n<p><strong>13.10.2015<\/strong>\u00a0\u00bb <em>Seminar<\/em><\/p>\n<ul>\n<li>Eduard Kuric, R\u00f3bert M\u00f3ro, Patrik Hlav\u00e1\u010d: Demonstration of a user study: principles, different roles and tools used<\/li>\n<\/ul>\n<p><strong>6.10.2015<\/strong>\u00a0\u00bb <em>Seminar<\/em><\/p>\n<ul>\n<li><em>session on evaluation<\/em>, room 3.08 \u2013 Mainly for bachelor students (but not only ?\n<ul>\n<li>Jakub \u0160imko: <a href=\"http:\/\/www.pewe.sk\/wp-content\/uploads\/2016\/01\/Hypotezy2015_v02.pptx\" rel=\"\">Think of Evaluation Now. Have You Stated Your Hypothesis Already?<\/a><\/li>\n<li>Jozef Tvaro\u017eek: <a href=\"http:\/\/www.pewe.sk\/wp-content\/uploads\/2016\/01\/2015-10-06-tvarozek_eval.pptx\" rel=\"\">Evaluation methods: Quantitative vs. Qualitative<\/a><\/li>\n<li>Veronika Gondov\u00e1: <a href=\"http:\/\/www.pewe.sk\/wp-content\/uploads\/2016\/01\/gondovav2015.pptx\" rel=\"\">Support of student activity in an e-learning system<\/a><\/li>\n<li>Jakub \u0160imko, M\u00e1ria Bielikov\u00e1: <a href=\"http:\/\/www.pewe.sk\/wp-content\/uploads\/2016\/01\/Mendeley_pracaSoZdrojmi2015.ppt\" rel=\"\">How to search research resources \u2013 Methods and Tools<\/a><\/li>\n<\/ul>\n<\/li>\n<li><em>session on user experience<\/em>, room UX Lab \u2013 Mostly for master students (number of participants is limited, meeting place is 3.08)\n<ul>\n<li>Patrik Hlav\u00e1\u010d: <a href=\"http:\/\/www.pewe.sk\/wp-content\/uploads\/2016\/01\/ux-example_study.pdf\" rel=\"\">an example user study<\/a><\/li>\n<li>Eduard Kuric, R\u00f3bert M\u00f3ro, Patrik Hlav\u00e1\u010d: Demonstration of a user study: principles, different roles and tools used<\/li>\n<\/ul>\n<\/li>\n<\/ul>\n<p><strong>29.9.2015<\/strong>\u00a0\u00bb <em>Seminar<\/em><\/p>\n<ul>\n<li><em>session for UX novices<\/em>, room 3.08\n<ul>\n<li>Jakub \u0160imko: <a href=\"http:\/\/www.pewe.sk\/wp-content\/uploads\/2016\/01\/PeWe_UX_ET_intro.pptx\" rel=\"\">Introduction to eye-tracking and user studies<\/a><\/li>\n<li>Jakub \u0160imko: Eye-tracking live demo<\/li>\n<li>A short visit to the UX lab (if time permits)<\/li>\n<\/ul>\n<\/li>\n<li><em>session for UX advanced<\/em>, room 3.28\n<ul>\n<li>Round table: UX Projects and Experiences<\/li>\n<li>Jozef Tvaro\u017eek: <a href=\"http:\/\/www.pewe.sk\/wp-content\/uploads\/2016\/01\/2015-09-29-uxlab.pptx\" rel=\"\">UXI@FIIT: Overview and News<\/a><\/li>\n<li>R\u00f3bert M\u00f3ro: <a href=\"http:\/\/www.pewe.sk\/wp-content\/uploads\/2016\/01\/moro_2015-09-29_ux-studies_lessons-learned.pptx\" rel=\"\">UX Studies: Lessons Learnt<\/a><\/li>\n<li>UX Infrastructure Hands-on in the UX Lab<\/li>\n<\/ul>\n<\/li>\n<\/ul>\n<p><strong>17-21.8.2015<\/strong>\u00a0\u00bb <em><a class=\"link external\" href=\"http:\/\/ecem2015.univie.ac.at\/\">ECEM 2015 Poster<\/a><\/em><\/p>\n<ul>\n<li>R\u00f3bert M\u00f3ro, Jakub Dar\u00e1\u017e and M\u00e1ria Bielikov\u00e1: Defining Areas of Interest for the Dynamic Web Pages.<\/li>\n<li>Michal Barla, Miroslav \u0160imek and M\u00e1ria Bielikov\u00e1: Comparing Eye-tracking Data Using Machine Learning.<\/li>\n<li>M\u00e1ria Bielikov\u00e1, R\u00f3bert M\u00f3ro, Jakub \u0160imko, Jozef Tvaro\u017eek: Adaptive Web-Based Textbook Utilizing Gaze Data.<\/li>\n<\/ul>\n","protected":false},"excerpt":{"rendered":"<p>10.3.2016\u00a0\u00bb Seminar R\u00f3bert M\u00f3ro: Statistics #3: Regression\u00a0(demo) Veronika Bal\u00e1\u017eov\u00e1:\u00a0User Experience on the Web 10.3.2016\u00a0\u00bb Seminar Patrik Berger: Mind-Controlled Application Matej Kloska: Support for [&hellip;]<\/p>\n","protected":false},"author":10,"featured_media":0,"parent":0,"menu_order":0,"comment_status":"closed","ping_status":"closed","template":"","meta":[],"_links":{"self":[{"href":"http:\/\/www.pewe.sk\/uxi\/wp-json\/wp\/v2\/pages\/1016"}],"collection":[{"href":"http:\/\/www.pewe.sk\/uxi\/wp-json\/wp\/v2\/pages"}],"about":[{"href":"http:\/\/www.pewe.sk\/uxi\/wp-json\/wp\/v2\/types\/page"}],"author":[{"embeddable":true,"href":"http:\/\/www.pewe.sk\/uxi\/wp-json\/wp\/v2\/users\/10"}],"replies":[{"embeddable":true,"href":"http:\/\/www.pewe.sk\/uxi\/wp-json\/wp\/v2\/comments?post=1016"}],"version-history":[{"count":1,"href":"http:\/\/www.pewe.sk\/uxi\/wp-json\/wp\/v2\/pages\/1016\/revisions"}],"predecessor-version":[{"id":1017,"href":"http:\/\/www.pewe.sk\/uxi\/wp-json\/wp\/v2\/pages\/1016\/revisions\/1017"}],"wp:attachment":[{"href":"http:\/\/www.pewe.sk\/uxi\/wp-json\/wp\/v2\/media?parent=1016"}],"curies":[{"name":"wp","href":"https:\/\/api.w.org\/{rel}","templated":true}]}}