{"id":27,"date":"2016-02-21T17:26:08","date_gmt":"2016-02-21T16:26:08","guid":{"rendered":"http:\/\/www.pewe.sk\/datalys\/?page_id=27"},"modified":"2019-09-24T09:58:14","modified_gmt":"2019-09-24T07:58:14","slug":"members","status":"publish","type":"page","link":"https:\/\/www.pewe.sk\/datalys\/members\/","title":{"rendered":"Members"},"content":{"rendered":"<p>Doctoral staff<\/p>\n<ul>\n<li>M\u00e1ria Bielikov\u00e1<\/li>\n<li>Michal Kompan<\/li>\n<li>Ivan Srba<\/li>\n<li>Jakub \u0160evcech<\/li>\n<li>Mari\u00e1n \u0160imko<\/li>\n<\/ul>\n<p>Doctoral students<\/p>\n<ul>\n<li>Peter Ga\u0161par<\/li>\n<li>Martin Labaj<\/li>\n<li>Martin Mocko<\/li>\n<li>Miroslav R\u00e1c<\/li>\n<li>Branislav Pecher<\/li>\n<li>Elena \u0160tefancov\u00e1<\/li>\n<li>Andrej V\u00edtek<\/li>\n<\/ul>\n<p>Master and bachelor students<\/p>\n<ul>\n<li>Michaela Bal\u00e1\u017eov\u00e1<\/li>\n<li>Mat\u00fa\u0161 Barab\u00e1s<\/li>\n<li>Patrik Blan\u00e1rik<\/li>\n<li>William Brach<\/li>\n<li>Matej Bre\u010dka<\/li>\n<li>Kamil Jane\u010dek<\/li>\n<li>Mat\u00fa\u0161 Kalafut<\/li>\n<li>Matej Kon\u010d\u00e1l<\/li>\n<li>\u013dubom\u00edr Koprla<\/li>\n<li>Michal Ma\u0148ak<\/li>\n<li>Andrej Pisar\u010d\u00edk<\/li>\n<li>Andrej \u0160\u010dasn\u00fd<\/li>\n<li>Andrej Za\u0165ko<\/li>\n<li>Veronika \u017datkov\u00e1<\/li>\n<li>Patrik \u017diduliak<\/li>\n<li>Tade\u00e1\u0161 Drahovsk\u00fd<\/li>\n<li>Vikt\u00f3ria Fekete<\/li>\n<li>Michal Kab\u00e1\u010d<\/li>\n<li>Oliver Kan\u00e1t<\/li>\n<li>Daniel Kavuliak<\/li>\n<li>Maro\u0161 Koll\u00e1r<\/li>\n<li>D\u00e1vid Koval\u00edk<\/li>\n<li>Luk\u00e1\u0161 La\u010dn\u00fd<\/li>\n<li>Ivana Lenkeyov\u00e1<\/li>\n<li>Laura Lobbov\u00e1<\/li>\n<li>Anton Rus\u0148\u00e1k<\/li>\n<li>Adam \u0160tuller<\/li>\n<\/ul>\n","protected":false},"excerpt":{"rendered":"<p>Doctoral staff M\u00e1ria Bielikov\u00e1 Michal Kompan Ivan Srba Jakub \u0160evcech Mari\u00e1n \u0160imko Doctoral students Peter Ga\u0161par Martin Labaj Martin Mocko Miroslav R\u00e1c Branislav [&hellip;]<\/p>\n","protected":false},"author":13,"featured_media":0,"parent":0,"menu_order":0,"comment_status":"closed","ping_status":"closed","template":"","meta":[],"_links":{"self":[{"href":"https:\/\/www.pewe.sk\/datalys\/wp-json\/wp\/v2\/pages\/27"}],"collection":[{"href":"https:\/\/www.pewe.sk\/datalys\/wp-json\/wp\/v2\/pages"}],"about":[{"href":"https:\/\/www.pewe.sk\/datalys\/wp-json\/wp\/v2\/types\/page"}],"author":[{"embeddable":true,"href":"https:\/\/www.pewe.sk\/datalys\/wp-json\/wp\/v2\/users\/13"}],"replies":[{"embeddable":true,"href":"https:\/\/www.pewe.sk\/datalys\/wp-json\/wp\/v2\/comments?post=27"}],"version-history":[{"count":15,"href":"https:\/\/www.pewe.sk\/datalys\/wp-json\/wp\/v2\/pages\/27\/revisions"}],"predecessor-version":[{"id":940,"href":"https:\/\/www.pewe.sk\/datalys\/wp-json\/wp\/v2\/pages\/27\/revisions\/940"}],"wp:attachment":[{"href":"https:\/\/www.pewe.sk\/datalys\/wp-json\/wp\/v2\/media?parent=27"}],"curies":[{"name":"wp","href":"https:\/\/api.w.org\/{rel}","templated":true}]}}