{"id":36,"date":"2016-02-21T17:49:51","date_gmt":"2016-02-21T16:49:51","guid":{"rendered":"http:\/\/www.pewe.sk\/datalys\/?page_id=36"},"modified":"2019-09-22T15:10:11","modified_gmt":"2019-09-22T13:10:11","slug":"publications","status":"publish","type":"page","link":"https:\/\/www.pewe.sk\/datalys\/publications\/","title":{"rendered":"Publications"},"content":{"rendered":"<h3><em><span style=\"color: #23282d;font-size: 1.4em\">Journal papers<\/span><\/em><\/h3>\n<div id=\"part-Journal-papers\">\n<ul>\n<li>BERGER, Patrik &#8211; KOMPAN, Michal. <a href=\"https:\/\/doi.org\/10.1109\/MIS.2019.2895788\">User Modeling for Churn Prediction in E-Commerce<\/a>. In <em>IEEE Intelligent Systems<\/em>. Vol. 34, iss. 2 (2019), s. 44-52.<\/li>\n<li>SRBA, Ivan &#8211; SAVIC, Milos &#8211; BIELIKOV\u00c1, M\u00e1ria &#8211; IVANOVIC, Mirjana &#8211; PAUTASSO, Cesare. <a href=\"https:\/\/www.sciencedirect.com\/science\/article\/pii\/S0360131519300466?dgcid=author\">Employing community question answering for online discussions in university courses: Students\u2019 perspective<\/a>. In <em>Computers and Education<\/em>. Vol. 135, no. july (2019), 75-90.<\/li>\n<li>KOMPAN, Michal &#8211; KA\u0160\u0160\u00c1K, Ondrej &#8211; BIELIKOV\u00c1, M\u00e1ria.<a href=\"https:\/\/doi.org\/10.1007\/s13740-018-0095-1\"> The Short-term User Modeling for Predictive Applications<\/a>. In Journal on Data Semantics. Vol. 8, no. 1 (2019), 21-37.<\/li>\n<li>SVR\u010cEK, Martin &#8211; KOMPAN, Michal &#8211; BIELIKOV\u00c1, M\u00e1ria. <a href=\"http:\/\/www.comsis.org\/archive.php?show=ppr649-1711\">Towards Understandable Personalized Recommendations: Hybrid Explanations<\/a>. In <em>Computer Science and Information Systems<\/em>. Vol. 16, no. 1 (2019), s. 179-203.<\/li>\n<\/ul>\n<ul>\n<li>\u0160AJGAL\u00cdK, M\u00e1rius &#8211; BARLA, Michal &#8211; BIELIKOVA, M\u00e1ria (2018). <a href=\"https:\/\/doi.org\/10.1016\/j.csl.2017.10.002\">Searching for Discriminative Words in Multidimensional Continuous Feature Space.<\/a> Computer Speech and Language. Elsevier. In Press.<\/li>\n<li>\u0160IMKO, Mari\u00e1n &#8211; BIELIKOVA, M\u00e1ria (2018). <a href=\"http:\/\/dx.doi.org\/10.1007\/s10844-018-0518-3\">Lightweight Domain Modeling for Adaptive Web-Based Educational System.<\/a>\u00a0 Journal of Intelligent Information Systems. Springer. First online. <img loading=\"lazy\" src=\"http:\/\/www2.fiit.stuba.sk\/~bielik\/pic\/acrobat.gif\" width=\"14\" height=\"14\" border=\"0\" \/>\u00a0<a href=\"https:\/\/rdcu.be\/3xre\">pdf<\/a><\/li>\n<li>CHOVA\u0147AK, Tom\u00e1\u0161 &#8211; KA\u0160\u0160\u00c1K, Ondrej &#8211; KOMPAN, Michal &#8211; BIELIKOVA, M\u00e1ria (2018). <a href=\"https:\/\/doi.org\/10.1007\/s00354-018-0044-4\">Fast Streaming Behavioural Patterns Mining<\/a>.\u00a0In New Generation Computing. Springer. First online. <img loading=\"lazy\" src=\"http:\/\/www2.fiit.stuba.sk\/~bielik\/pic\/acrobat.gif\" width=\"14\" height=\"14\" border=\"0\" \/>\u00a0<a href=\"https:\/\/rdcu.be\/4lq3\">pdf<\/a><\/li>\n<li>KOMPAN, Michal &#8211; GA\u0160PAR, Peter &#8211; BIELIKOVA, M\u00e1ria (2018).Hybrid collaborative recommendations: Practical considerations and tools to develop a recommender. In Collaborative Recommendations: Algorithms, Practical Challenges and Applications. Editors: S. Berkovsky, I. Cantador, D. Tikk. World Scientific Publishing Co. In Press.<\/li>\n<\/ul>\n<ul>\n<li>\u0160EVCECH, Jakub &#8211; BIELIKOV\u00c1, M\u00e1ria (2017). <a href=\"http:\/\/www.sciencedirect.com\/science\/article\/pii\/S0164121216300772?via%3Dihub\">Repeating Patterns as Symbols for Long Time Series Representation.<\/a> Journal of Systems and Software. Vol. 127, May 2017, 179-194.<\/li>\n<\/ul>\n<ul>\n<li>KA\u0160S\u00c1K, Ondrej &#8211; KOMPAN, Michal &#8211; BIELIKOV\u00c1, M\u00e1ria (2016). <a href=\"http:\/\/dx.doi.org\/10.1016\/j.engappai.2016.01.018\">Student Behavior in a Web-Based Educational System: Exit Intent Prediction.<\/a> International Scientific Journal Engineering Applications of Artificial Intelligence. Vol. 51, May 2016, 136-149. <a href=\"http:\/\/audioslides.elsevier.com\/getvideo.aspx?doi=10.1016\/j.engappai.2016.01.018\">Audioslides<\/a><\/li>\n<li>KA\u0160S\u00c1K, Ondrej &#8211; KOMPAN, Michal &#8211; BIELIKOV\u00c1, M\u00e1ria (2016). <a href=\"http:\/\/dx.doi.org\/10.1016\/j.ipm.2015.10.001\">Personalized Hybrid Recommendation for Group of Users: Top-N Multimedia Recommender.<\/a> Information Processing &amp; Management. Vol. 52, No. 3, May, 459\u2013477.<\/li>\n<li>SRBA, Ivan &#8211; BIELIKOV\u00c1, M\u00e1ria. <a href=\"http:\/\/dx.doi.org\/10.1109\/MS.2016.34\">Why is Stack Overflow Failing? Preserving Sustainability in Community Question Answering<\/a>. In <em>IEEE Software<\/em>. Vol. 33, no. 4 (2016), s. 80-89.<\/li>\n<li>SRBA, Ivan &#8211; BIELIKOV\u00c1, M\u00e1ria. <a href=\"https:\/\/dl.acm.org\/citation.cfm?id=2934687\">A Comprehensive Survey and Classification of Approaches for Community Question Answering<\/a>. In <em>ACM Transactions on the Web<\/em>. Vol. 10, iss. 3 (2016), Article 18 [18:1-18-63].<\/li>\n<li>\u0160EVCECH, Jakub &#8211;\u00a0BIELIKOV\u00c1, M\u00e1ria (2016).<a href=\"http:\/\/dx.doi.org\/10.1016\/j.jss.2016.06.008\">Repeating Patterns as Symbols for Long Time Series Representation.<\/a> Journal of Systems and Software. In Press.<\/li>\n<li>KOMPAN, Michal &#8211; BIELIKOV\u00c1, M\u00e1ria (2016)<i>.<\/i>Enhancing Existing E-learning Systems by Single and Group Recommendation. International Journal of Continuing Engineering Education and Lifelong Learning. In Press.<\/li>\n<\/ul>\n<ul>\n<li>KA\u0160S\u00c1K, Ondrej &#8211; KOMPAN, Michal &#8211; BIELIKOV\u00c1, M\u00e1ria (2015). <a href=\"http:\/\/dx.doi.org\/10.12700\/APH.12.8.2015.8.2\">User Preference Modeling by Global and Individual Weights for Personalized Recommendation.<\/a> <a href=\"http:\/\/www.uni-obuda.hu\/journal\/\">Acta Polytechnica Hungarica.<\/a> Vol. 12, No. 8, pages 27-41.<\/li>\n<li>SRBA, Ivan &#8211; BIELIKOV\u00c1, M\u00e1ria (2015). <a href=\"http:\/\/dx.doi.org\/10.1109\/TLT.2014.2373374\">Dynamic Group Formation as an Approach to Collaborative Learning Support.<\/a> IEEE Transactions on Learning Technologies. Vol. 8, No. 2, 173-186<\/li>\n<\/ul>\n<ul>\n<li>KOMPAN, Michal &#8211; BIELIKOV\u00c1, M\u00e1ria (2014). <a href=\"http:\/\/www.cai.sk\/ojs\/index.php\/cai\/issue\/view\/CAI-32-2013-6\">Group Recommendation: Survey and Perspectives.<\/a> Computing and Informatics. Vol. 33, No. 2, 446-476.<\/li>\n<li>HOLUB, Michal &#8211; M\u00d3RO, R\u00f3bert &#8211; \u0160EVCECH, Jakub &#8211; LIPT\u00c1K, Martin &#8211; BIELIKOV\u00c1, M\u00e1ria (2014). <a href=\"http:\/\/dx.doi.org\/10.1045\/november14-holub\">Annota: towards enriching scientific publications with semantics and user annotations.<\/a> In D-lib Magazine. Vol. 20, no. 11\/12.<\/li>\n<li>\u0160EVCECH, Jakub &#8211; M\u00d3RO, R\u00f3bert &#8211; HOLUB, Michal &#8211; BIELIKOV\u00c1, M\u00e1ria (2014). <a href=\"http:\/\/www.informatica.si\/vol38.htm#No1\">User Annotations as a Context for Related Document Search on the Web and Digital Libraries.<\/a> Informatica. Vol. 38, No. 1, 21-30.<\/li>\n<\/ul>\n<ul>\n<li>KOMPAN, Michal &#8211; BIELIKOV\u00c1, M\u00e1ria (2013). Personalized Recommendation for Individual Users Based on the Group Recommendation Principles. Studies in Informatics and Control. Vol. 22, No. 3, 331-342.<\/li>\n<li>KRAM\u00c1R, Tom\u00e1\u0161 &#8211; BARLA, Michal &#8211; BIELIKOV\u00c1, M\u00e1ria (2013). Personalizing Search Using Metadata Based, Socially Enhanced Interest Model Built from the Stream of User\u2019s Activity. Journal of Web Engineering. Vol. 12, No. 1&amp;2, 65-92.<\/li>\n<\/ul>\n<div id=\"part-book-chapters\">\n<h3><\/h3>\n<h3 id=\"id6\"><em><span style=\"font-size: 1.4em;color: #000000\">International Conference and Workshop papers<\/span><\/em><\/h3>\n<\/div>\n<div id=\"part-invited-talks\">\n<div id=\"part-international-conference-and-workshop-papers\">\n<ul>\n<li>\u0160TEFANCOV\u00c1, Elena &#8211; M\u00d3RO, R\u00f3bert &#8211; BIELIKOV\u00c1, M\u00e1ria (2018). Towards Detection of Usability Issues by Measuring Emotions. In Proc. of 22nd European Conference on Advances in Databases and Information Systems &#8211; ADBIS 2018. Springer. Accepted.<\/li>\n<li>PEC\u00c1R, Samuel &#8211; \u0160IMKO, Mari\u00e1n &#8211;\u00a0BIELIKOV\u00c1, M\u00e1ria (2018). Sentiment Analysis of Customer Reviews: Impact of Text Pre-processing. In Proc. of World Symposium on Digital Intelligence for Systems and Machines &#8211; DISA 2018. IEEE Press. Accepted.<\/li>\n<li>GA\u0160PAR, Peter, KOMPAN, Michal &#8211; \u0160IMKO, Jakub &#8211; BIELIKOVA, M\u00e1ria (2018). Analysis of User Behavior in Recommended Items: An~Eye-tracking Study. In Proc. of Joint Workshop on Interfaces and Human Decision Making for Recommender Systems at RecSys2018. CEUR. Accepted.<\/li>\n<\/ul>\n<ul>\n<li>CHOVA\u0147\u00c1K, Tom\u00e1\u0161 \u2013 KA\u0160S\u00c1K, Ondrej \u2013 BIELIKOV\u00c1, M\u00e1ria (2017). <a title=\"Behavioral Patterns Mining for Online Time Personalization\" href=\"http:\/\/dl.acm.org\/authorize?N33421\">Behavioral Patterns Mining for Online Time Personalization<\/a>.\u00a0In Proc. of UMAP &#8217;17, 25th Conference on User Modeling, Adaptation and Personalization, ACM, 361-362.<\/li>\n<li>MA\u010cINA, Jakub \u2013 SRBA, Ivan \u2013 WILLIAMS, Joseph Jay \u2013 BIELIKOV\u00c1, M\u00e1ria (2017).<a title=\"Educational Question Routing in Online Student Communities\" href=\"http:\/\/dl.acm.org\/authorize?N45600\">\u00a0Educational Question Routing in Online Student Communities.<\/a> In Proc. of RecSys 2017: Int. Conf on Recommnder Systems. ACM. pp. 47-55. <a href=\"https:\/\/doi.org\/10.1145\/3109859.3109886\">DOI<\/a><\/li>\n<\/ul>\n<ul>\n<li>HU\u0147A, Adri\u00e1n &#8211; SRBA, Ivan &#8211;\u00a0BIELIKOV\u00c1, M\u00e1ria. <a href=\"http:\/\/dx.doi.org\/10.1007\/978-3-319-28361-6_6\">Exploiting Content Quality and Question Difficulty in CQA Reputation Systems.<\/a> In Proc. of NetSci 2016: Int. Conf. on Network Science, Lecture Notes in Computer Science, Vol. 9564, pp.68-81.<\/li>\n<li>BARLA, Michal &#8211; \u0160IMEK, Miroslav &#8211; BIELIKOV\u00c1, M\u00e1ria. Comparing Eye-tracking Data Using Machine Learning. In Journal of Eye Movement Research, Vol. 8, No. 4 (Special Issue ECEM 2015). Abstract. p. 192.<\/li>\n<\/ul>\n<\/div>\n<ul>\n<li>HOLUB,Michal &#8211; PROKSA, Ondrej &#8211; BIELIKOV\u00c1, M\u00e1ria<i>.<\/i><a href=\"http:\/\/dx.doi.org\/10.1007\/978-3-662-46078-8_43\">Detecting Identical Entities in the Semantic Web Data.<\/a> In Proc. of SOFSEM 2015: Theory and Practice of Computer Science, Lecture Notes in Computer Science Volume 8939, 2015, pp 519-530. <img loading=\"lazy\" src=\"http:\/\/www2.fiit.stuba.sk\/%7Ebielik\/pic\/acrobat.gif\" width=\"14\" height=\"14\" border=\"0\" \/>\u00a0<a href=\"http:\/\/www2.fiit.stuba.sk\/%7Ebielik\/publ\/abstracts\/2015\/sofsem-holub-proksa-bielikova2015.pdf\">pdf<\/a><\/li>\n<li>LABAJ, Martin &#8211; BIELIKOV\u00c1, M\u00e1ria. <a href=\"http:\/\/dx.doi.org\/10.1007\/978-3-662-46078-8_44\">Conducting a Web Browsing Behaviour Study \u2013 An Educational Scenario.<\/a> In Proc. of SOFSEM 2015: Theory and Practice of Computer Science, Lecture Notes in Computer Science Volume 8939, 2015, pp 531-542. <img loading=\"lazy\" src=\"http:\/\/www2.fiit.stuba.sk\/%7Ebielik\/pic\/acrobat.gif\" width=\"14\" height=\"14\" border=\"0\" \/>\u00a0<a href=\"http:\/\/www2.fiit.stuba.sk\/%7Ebielik\/publ\/abstracts\/2015\/sofsem-labaj-bielikova215.pdf\">pdf<\/a><\/li>\n<li>SRBA, Ivan &#8211; BIELIKOV\u00c1, M\u00e1ria. <a href=\"http:\/\/dx.doi.org\/10.1145\/2685553.2699001\">Askalot: Community Question Answering as a Means for Knowledge Sharing in an Educational Organization.<\/a> In Proc. of the 18th ACM Conf. Companion on Computer Supported Cooperative Work &amp; Social Computing (CSCW&#8217;15 Companion). ACM, New York, NY, USA, 179-182. <img loading=\"lazy\" src=\"http:\/\/www2.fiit.stuba.sk\/%7Ebielik\/pic\/acrobat.gif\" width=\"14\" height=\"14\" border=\"0\" \/>\u00a0<a href=\"http:\/\/www2.fiit.stuba.sk\/%7Ebielik\/publ\/abstracts\/2015\/cscw-srba-bielikova2015.pdf\">pdf<\/a><\/li>\n<li>SRBA, Ivan &#8211; GRZN\u00c1R, Marek &#8211; BIELIKOV\u00c1, M\u00e1ria.<a href=\"http:\/\/dx.doi.org\/10.1145\/2808797.2809331\">Utilizing Non-QA Data to Improve Questions Routing for Users with Low QA Activity in CQA.<\/a> In Proc. of IEEE\/ACM Int. Conf. on Advances in Social Networks Analysis and Mining &#8211; ASONAM 2015. ACM, New York, NY, USA, 129-136. <img loading=\"lazy\" src=\"http:\/\/www2.fiit.stuba.sk\/%7Ebielik\/pic\/acrobat.gif\" width=\"14\" height=\"14\" border=\"0\" \/>\u00a0<a href=\"http:\/\/www2.fiit.stuba.sk\/%7Ebielik\/publ\/abstracts\/2015\/asonam-srba-grznar-bielikova2015.pdf\">pdf<\/a><\/li>\n<li>\u0160EVCECH, Jakub &#8211; BIELIKOV\u00c1, M\u00e1ria.Symbolic Time Series Representation for Stream Data Processing. In Proc. of IEEE Int. Workshop on Real Time Data Stream Analytics held in conjunction with IEEE BigDataSE. Los Alamitos : IEEE, 2015, pp. 217-222.<\/li>\n<\/ul>\n<ul>\n<li>KRAM\u00c1R, Tom\u00e1\u0161 &#8211; BIELIKOV\u00c1, M\u00e1ria (2014). <a href=\"http:\/\/link.springer.com\/chapter\/10.1007%2F978-3-319-06028-6_70\">Context of Seasonality in Web Search. In Advances in Information Retrieval.<\/a> ECIR 2014: European Conf. on Information Retrieval. LNCS Vol. 8416, Springer Int. Publ. Switzerland. pp. 644-649.<\/li>\n<li>KOMPAN, Michal &#8211; BIELIKOV\u00c1, M\u00e1ria (2014). Social Structure and Personality Enhanced Group Recommendation. In Proc. of EMPIRE 2014: Emotions and Personality in Personalized Services. CEUR Vol. 1181.<\/li>\n<li>\u0160AJGAL\u00cdK, M\u00e1rius &#8211; BARLA, Michal &#8211; BIELIKOV\u00c1, M\u00e1ria (2014). Exploring Multidimensional Continuous Feature Space to Extract Relevant Words. In Proc. of SLSP 2014. Springer LNCS. To appear.<\/li>\n<li>LABAJ, Martin &#8211; \u0160IMKO, Mari\u00e1n &#8211; TVARO\u017dEK, Jozef &#8211; BIELIKOV\u00c1, M\u00e1ria (2014). Integrated Environment for Learning Programming. In Proc. of EC TEL 2014. Demo. Springer LNCS. To appear.<\/li>\n<li>LABAJ, Martin &#8211; BIELIKOV\u00c1, M\u00e1ria (2014). Utilization of Exercise Difficulty Rating by Students for Recommendation. In Proc. of SPeL@ICWL. Springer. To appear.<\/li>\n<\/ul>\n<ul>\n<li>UHER\u010c\u00cdK, Tom\u00e1\u0161 &#8211; \u0160IMKO, Mari\u00e1n &#8211; BIELIKOV\u00c1, M\u00e1ria (2013). <a href=\"http:\/\/link.springer.com\/chapter\/10.1007%2F978-3-642-35843-2_39\">Utilizing Microblogs for Web Page Relevant Term Acquisition.<\/a> SOFSEM 2013: Theory and Practice of Computer Science. LNCS vol. 7741, Springer, pp. 457-468.<\/li>\n<li>LABAJ, Martin &#8211; BIELIKOV\u00c1, M\u00e1ria (2013). <a href=\"http:\/\/link.springer.com\/chapter\/10.1007%2F978-3-642-38844-6_46\">Tabbed Browsing Behavior as a Source for User Modeling.<\/a> In Proc. of UMAP 2013: User Modeling, Adaptation, and Personalization, LNCS vol. 7899, Springer, pp. 388-391.<\/li>\n<li>\u0160AJGAL\u00cdK, M\u00e1rius &#8211; BARLA, Michal &#8211; BIELIKOV\u00c1, M\u00e1ria (2013). Efficient Representation of the Lifelong Web Browsing User Characteristics. UMAP 2013 Extended Proceedings, 2nd Int. Workshop on LifeLong User Modeling, LLUM 2013. CEUR, vol. 997.<\/li>\n<li>LABAJ, Martin &#8211; BIELIKOV\u00c1, M\u00e1ria (2013). Conversational Evaluation of Personalized Solutions for Adaptive Educational Systems. UMAP 2013 Extended Proceedings. 3rd Int. Workshop on Personalization Approaches in Learning Environments, PALE 2013. CEUR, vol. 997.<\/li>\n<li>\u0160AJGAL\u00cdK, M\u00e1rius &#8211; BARLA, Michal &#8211; BIELIKOV\u00c1, M\u00e1ria (2013). <a href=\"http:\/\/ieeexplore.ieee.org\/xpl\/articleDetails.jsp?arnumber=6621347\">From Ambiguous Words to Key-concept Extraction.<\/a> 10th Int. Workshop on Text-Based Information Retrieval, TIR\u201913 at DEXA 2013. 24th Int. Workshop on Database and Expert Systems Applications. IEEE. pp. 63-67.<\/li>\n<li>DEMOVI\u010c, \u013dubo\u0161 &#8211; FRITSCHER, Eduard &#8211; K\u0158\u00cd\u017d, Jakub &#8211; KUZM\u00cdK, Ondrej &#8211; PROKSA, Ondrej &#8211; VANDL\u00cdKOV\u00c1, Diana &#8211; ZELEN\u00cdK, Du\u0161an &#8211; BIELIKOV\u00c1, M\u00e1ria (2013). <a href=\"http:\/\/ieeexplore.ieee.org\/xpl\/articleDetails.jsp?arnumber=6621363\">Movie Recommendation Based on Graph Traversal Algorithms.<\/a> 3rd International Workshop on Recommender Systems meet Databases, RSmeetDB\u201913 at DEXA 20113. 24th International Workshop on Database and Expert Systems Applications. IEEE. pp. 152-156.<\/li>\n<li>\u0160IMKO, Jakub &#8211; \u0160IMKO, Mari\u00e1n &#8211; BIELIKOV\u00c1, M\u00e1ria &#8211; \u0160EVCECH, Jakub &#8211; BURGER, Roman (2013). <a href=\"http:\/\/link.springer.com\/chapter\/10.1007%2F978-3-642-40495-5_7\">Classsourcing: Crowd-Based Validation of Question-Answer Learning Objects.<\/a> 5th Int. Conf. on Computational Collective Intelligence Technologies and Applications, ICCCI 2013, Springer LNAI. Vol. 8083, pp- 62-71.<\/li>\n<li>\u0160EVCECH, Jakub &#8211; BIELIKOV\u00c1, M\u00e1ria (2013). <a href=\"http:\/\/ieeexplore.ieee.org\/xpl\/abstractSimilar.jsp?arnumber=6644013&amp;tag=1\">Query construction for related document search based on user annotations.<\/a> 3rd Int. Workshop on Advances in Semantic Information Retrieval, ASIR 2013, IEEE CS. pp. 279-285.<\/li>\n<li>SRBA, Ivan &#8211; BIELIKOV\u00c1, M\u00e1ria (2013). Designing Learning Environments Based on Collaborative Content Creation. Workshop on Collaborative Technologies for Working and Learning ECSCW at EC TEL 2013. CEUR, vol. 1047. pp. 49-53.<\/li>\n<li>KOMPAN, Michal &#8211; BIELIKOV\u00c1, M\u00e1ria (2013). <a href=\"http:\/\/ieeexplore.ieee.org\/xpl\/articleDetails.jsp?arnumber=6735564\">Context-based Satisfaction Modelling for Personalized Recommendations.<\/a> In Proc. of Semantic and Social Media Adaptation and Personalization, SMAP 2013, Bayonne, France, IEEE, 2013, pp. 33\u201338.<\/li>\n<\/ul>\n<\/div>\n<\/div>\n","protected":false},"excerpt":{"rendered":"<p>Journal papers BERGER, Patrik &#8211; KOMPAN, Michal. User Modeling for Churn Prediction in E-Commerce. In IEEE Intelligent Systems. Vol. 34, iss. 2 (2019), [&hellip;]<\/p>\n","protected":false},"author":13,"featured_media":0,"parent":0,"menu_order":0,"comment_status":"closed","ping_status":"closed","template":"","meta":[],"_links":{"self":[{"href":"https:\/\/www.pewe.sk\/datalys\/wp-json\/wp\/v2\/pages\/36"}],"collection":[{"href":"https:\/\/www.pewe.sk\/datalys\/wp-json\/wp\/v2\/pages"}],"about":[{"href":"https:\/\/www.pewe.sk\/datalys\/wp-json\/wp\/v2\/types\/page"}],"author":[{"embeddable":true,"href":"https:\/\/www.pewe.sk\/datalys\/wp-json\/wp\/v2\/users\/13"}],"replies":[{"embeddable":true,"href":"https:\/\/www.pewe.sk\/datalys\/wp-json\/wp\/v2\/comments?post=36"}],"version-history":[{"count":11,"href":"https:\/\/www.pewe.sk\/datalys\/wp-json\/wp\/v2\/pages\/36\/revisions"}],"predecessor-version":[{"id":923,"href":"https:\/\/www.pewe.sk\/datalys\/wp-json\/wp\/v2\/pages\/36\/revisions\/923"}],"wp:attachment":[{"href":"https:\/\/www.pewe.sk\/datalys\/wp-json\/wp\/v2\/media?parent=36"}],"curies":[{"name":"wp","href":"https:\/\/api.w.org\/{rel}","templated":true}]}}