{"id":741,"date":"2018-08-21T09:06:33","date_gmt":"2018-08-21T07:06:33","guid":{"rendered":"http:\/\/www.pewe.sk\/datalys\/?page_id=741"},"modified":"2019-05-19T11:20:11","modified_gmt":"2019-05-19T09:20:11","slug":"program-20182019","status":"publish","type":"page","link":"https:\/\/www.pewe.sk\/datalys\/program-20182019\/","title":{"rendered":"Program 2018\/2019"},"content":{"rendered":"<p><strong>2.5.2019, 1.31 (Job&#8217;s studio), 13:45 \u00bb <em>Datalys Seminar &#8211; Semester Finale<\/em><\/strong><\/p>\n<ul>\n<li>Matej Kon\u010d\u00e1l and Andrej Za\u0165ko: <a href=\"https:\/\/www.pewe.sk\/datalys\/wp-content\/uploads\/sites\/3\/2019\/05\/Banditi-Datalys-Koncal-a-Zatko.pdf\">Introduction to Multi-Armed Bandits<\/a><\/li>\n<li>Answering questions about the thesis defense.\n<ul>\n<li>How to prepare for the thesis defense?<\/li>\n<li>What should the presentation contain?<\/li>\n<li>How does the defense look like?<\/li>\n<li>&#8230; and many more.<\/li>\n<\/ul>\n<\/li>\n<\/ul>\n<p><strong>24.4.2019, 1.31 (Job&#8217;s studio), 13:45 \u00bb <em>Datalys Seminar<\/em><\/strong><\/p>\n<ul>\n<li>Answering questions before submitting a final version of my thesis\n<ul>\n<li>How to finalize thesis? What to put into electronic appendix?<\/li>\n<li>What steps should be taken after submitting thesis?<\/li>\n<li>&#8230; and many more.<\/li>\n<\/ul>\n<\/li>\n<\/ul>\n<p><strong>10.4.2019, 1.31 (Job&#8217;s studio), 13:45 \u00bb <em>Datalys Seminar<\/em><\/strong><\/p>\n<ul>\n<li>Flori\u00e1n Chmel\u00e1r: <a href=\"https:\/\/www.pewe.sk\/datalys\/wp-content\/uploads\/sites\/3\/2019\/05\/Hybrid_recommendations_FlorianChmelar.pdf\">Hybrid Recommendation<\/a><\/li>\n<li>Marek Wallner: <a href=\"https:\/\/www.pewe.sk\/datalys\/wp-content\/uploads\/sites\/3\/2019\/05\/wallner_user_feedback_analysis.pdf\">User Feedback Analysis<\/a><\/li>\n<li>Elena \u0160tefancov\u00e1:\u00a0<a href=\"https:\/\/www.pewe.sk\/datalys\/wp-content\/uploads\/sites\/3\/2019\/05\/Stefancova-Time-aware-rec.pdf\">Time-aware Recommendation<\/a><\/li>\n<\/ul>\n<p><strong>3.4.2019, 1.31 (Job&#8217;s studio), 13:45 \u00bb <em>Datalys Seminar<\/em><\/strong><\/p>\n<ul>\n<li>Filip Dresto: <a href=\"https:\/\/www.pewe.sk\/datalys\/wp-content\/uploads\/sites\/3\/2019\/04\/datalys_dresto_fake_news.pdf\">Characterizing Fake News and Its Spread by Means of Data Analysis<\/a><\/li>\n<li>Peter Ga\u0161par:\u00a0<a href=\"https:\/\/www.pewe.sk\/datalys\/wp-content\/uploads\/sites\/3\/2019\/04\/pg_how_to_jupyter_3_4_2019.pdf\">Useful tips for working in Jupyter Notebooks<\/a><\/li>\n<\/ul>\n<p><strong>27.3.2019, 1.31 (Job&#8217;s studio), 13:45<\/strong> \u00bb <em>Datalys Seminar<\/em><\/p>\n<ul>\n<li>\u0160imon Za\u0165ko:\u00a0<a href=\"https:\/\/www.pewe.sk\/datalys\/wp-content\/uploads\/sites\/3\/2019\/03\/Predikcia-popularity-ot\u00e1zok-v-CQA-syst\u00e9moch.pdf\">Question Popularity Prediction in CQA Systems<\/a><\/li>\n<li>Discussion: <a href=\"https:\/\/www.pewe.sk\/datalys\/wp-content\/uploads\/sites\/3\/2019\/03\/2019-03-27-Datalys-The-most-typical-ML-problems.pdf\">The Most Typical Problems in Data Science and Machine Learning<\/a><\/li>\n<\/ul>\n<p><strong>20.3.2019, 1.31 (Job&#8217;s studio), 13:45<\/strong> \u00bb <em>Datalys Seminar<\/em><\/p>\n<ul>\n<li>Branislav Pecher: Ontozur Experiment Proposal<\/li>\n<li>Jakub Jane\u010dek: Ontozur Experiment Proposal<\/li>\n<li>Peter Babinec: Ontozur Experiment Proposal<\/li>\n<\/ul>\n<p><strong>13.3.2019, 1.31 (Job&#8217;s studio), 13:45<\/strong> \u00bb <em>Datalys Seminar<\/em><\/p>\n<ul>\n<li>Miroslav R\u00e1c: <a href=\"https:\/\/www.pewe.sk\/datalys\/wp-content\/uploads\/sites\/3\/2019\/03\/user-preference-dynamics.pdf\">User Preference Dynamics &#8211; Concept Drift<\/a><\/li>\n<\/ul>\n<p><strong>6.3.2019, 1.31 (Job&#8217;s studio), 13:45<\/strong> \u00bb <em>Datalys Seminar<\/em><\/p>\n<ul>\n<li>Peter Ga\u0161par: <a href=\"https:\/\/www.pewe.sk\/datalys\/wp-content\/uploads\/sites\/3\/2019\/03\/pg_pewe_rec_in_practice_6_3_2019.pdf\">Recommender Systems in Practice (Part I)<\/a><\/li>\n<\/ul>\n<p><strong>27.2.2019, 1.31 (Job&#8217;s studio), 13:45<\/strong> \u00bb <em>Datalys Seminar<\/em><\/p>\n<ul>\n<li>Michal Kompan: <a href=\"https:\/\/www.pewe.sk\/datalys\/wp-content\/uploads\/sites\/3\/2019\/02\/user_inaction_reading.pdf\">Interpreting user inaction in recommender systems (<\/a><a href=\"https:\/\/dl.acm.org\/citation.cfm?id=3240366\">reading<\/a><a href=\"https:\/\/www.pewe.sk\/datalys\/wp-content\/uploads\/sites\/3\/2019\/02\/user_inaction_reading.pdf\">)<\/a><\/li>\n<\/ul>\n<p><strong>20.2.2019, 1.31 (Job&#8217;s studio), 13:45<\/strong> \u00bb <em>Datalys Seminar<\/em><\/p>\n<ul>\n<li>Ivan Srba: <a href=\"https:\/\/www.pewe.sk\/wp-content\/uploads\/2019\/02\/2019-02-20-Datalys-Methodological-topics-Part-2.pdf\">Methodological topics &#8211; Data-science specifics\u00a0(part 2)<\/a>\n<ul>\n<li>How to do feature engineering?<\/li>\n<li>How to train and evaluate model?<\/li>\n<li>How to present the results?<\/li>\n<li>What are the typical ML problems?<\/li>\n<\/ul>\n<\/li>\n<\/ul>\n<p><strong>13.2.2019, -1.65, 13:45<\/strong> \u00bb <em>PeWe Seminar<\/em><\/p>\n<ul>\n<li>Ivan Srba, Jakub \u0160imko: <a href=\"https:\/\/www.pewe.sk\/wp-content\/uploads\/2019\/02\/2019-02-13-PeWe-Methodological-topics-Part-2.pptx\">Methodological topics (part 2)<\/a>\n<ul>\n<li>How to write good a method\/system proposal<\/li>\n<li>How to evaluate the contribution of project<\/li>\n<li>How to write a good abstract, conclusion and other parts of theses<\/li>\n<\/ul>\n<\/li>\n<\/ul>\n<p><strong>5.12.2018, 1.31 (Job&#8217;s studio), 12:45<\/strong> \u00bb <em>Datalys Seminar<\/em><\/p>\n<ul>\n<li>Marek Wallner: User Feedback Analyses<\/li>\n<li>Elena \u0160tefancov\u00e1: <a href=\"https:\/\/www.pewe.sk\/datalys\/wp-content\/uploads\/sites\/3\/2018\/12\/PeWe-DP-II.pdf\">Recommendation Taking the Time Aspects of Users and Items into Account<\/a><\/li>\n<li>Answering questions before submitting a preliminary version of my thesis (2nd round)<\/li>\n<\/ul>\n<p><strong>28.11.2018, 1.31 (Job&#8217;s studio), 12:45<\/strong> \u00bb <em>Datalys Seminar<\/em><\/p>\n<ul>\n<li>Peter Tibensk\u00fd: Personalized product recommendation for users<\/li>\n<li>Answering questions before submitting a preliminary version of my thesis (1st round)\n<ul>\n<li>Do I cite related works correctly?<\/li>\n<li>How not to become a plagiarist?<\/li>\n<li>Do I have an appropriate dataset?<\/li>\n<li>&#8230; and many more.<\/li>\n<\/ul>\n<\/li>\n<\/ul>\n<p><strong>21.11.2018, 1.31 (Job&#8217;s studio), 13:15<\/strong> \u00bb <em>Datalys Seminar<\/em><\/p>\n<ul>\n<li>Mat\u00fa\u0161 Pikuliak: <a href=\"https:\/\/www.pewe.sk\/datalys\/wp-content\/uploads\/sites\/3\/2018\/11\/Matus-Pikuliak_What-about-deep-NLP.pdf\">What about deep NLP?<\/a><\/li>\n<\/ul>\n<p><strong>14.11.2018, -1.58 (U120), 12:45<\/strong> \u00bb <em>PeWe Seminar<\/em><\/p>\n<ul>\n<li>Michal Gr\u0148o a Viktor Gregor (Pixel Federation): <a href=\"https:\/\/www.pewe.sk\/datalys\/wp-content\/uploads\/sites\/3\/2019\/01\/20181114_pxfd_data_analytics.pdf\">Games, Data and Marketing &#8211; on the way to automation<\/a><\/li>\n<\/ul>\n<p><strong>12.11.2018, -1.65, 16:00<\/strong> \u00bb <a href=\"https:\/\/www.facebook.com\/events\/319306738866813\/\"><em>Data Science Club<\/em><\/a><\/p>\n<ul>\n<li>Dominik Csiba (Innovatrics): Fingerprint recognition: From standard methods to small area matchers<\/li>\n<li>Viktor Gregor (Pixel Federation): Faster and better A\/B tests with Bayesian inference<\/li>\n<\/ul>\n<p><strong>7.11.2018, 1.31 (Job&#8217;s studio), 12:45<\/strong> \u00bb <em>Datalys Seminar<\/em><\/p>\n<ul>\n<li>Branislav Pecher and Jakub Jane\u010dek: Interpretability of machine learning models created by clustering algorithms<\/li>\n<li>Martin Tonhauzer and\u00a0Tom\u00e1\u0161 Mizera: <a href=\"https:\/\/www.pewe.sk\/datalys\/wp-content\/uploads\/sites\/3\/2018\/11\/Mizera-Tonhauzer-Otvorene-verejne-data-BP.pdf\">Linking and cleaning of open government data<\/a><\/li>\n<\/ul>\n<p><strong>5.11.2018, -1.65, 16:00<\/strong> \u00bb <a href=\"https:\/\/www.facebook.com\/events\/296759247842024\/\"><em>Data Science Club<\/em><\/a><\/p>\n<ul>\n<li>J\u00e1n Dolinsk\u00fd (Tangent Works): Automatic Model Building for Time-Series with Application in Energy Industry<\/li>\n<li>R\u00f3bert Magyar (Cellense): Machine Learning in Action &#8211; How We Doubled Revenue On A Game With Over A Billion Players<\/li>\n<\/ul>\n<p><strong>24.10.2018, 1.31 (Job&#8217;s studio), 12:45<\/strong> \u00bb <em>Datalys Seminar<\/em><\/p>\n<ul>\n<li>Peter Ma\u010dinec: <a href=\"https:\/\/www.pewe.sk\/datalys\/wp-content\/uploads\/sites\/3\/2018\/10\/fake_news_detection_macinec.pdf\">Fake news detection<\/a><\/li>\n<li>Discussion on privacy, GDPR and data science<\/li>\n<\/ul>\n<p><strong>22.10.2018, -1.65, 16:00<\/strong> \u00bb <a href=\"https:\/\/www.facebook.com\/events\/293387614601506\/\"><em>Data Science Club<\/em><\/a><\/p>\n<ul>\n<li>Peter Kr\u00e1tky (Instarea): When relational database is not enough&#8230;<\/li>\n<li>Ondrej Brichta (Exponea): Events data processing by Spark<\/li>\n<\/ul>\n<p><strong>17.10.2018, 1.31 (Job&#8217;s studio), 12:45<\/strong> \u00bb <em>Datalys Seminar<\/em><\/p>\n<ul>\n<li>Peter Ga\u0161par: Recommender Systems and Their Real-world Utilization\n<ul>\n<li><a href=\"https:\/\/www.pewe.sk\/datalys\/wp-content\/uploads\/sites\/3\/2018\/10\/pg_rec_17_10_2018.pdf\">Brief introduction to recommender systems<\/a><\/li>\n<li><a href=\"https:\/\/www.pewe.sk\/datalys\/wp-content\/uploads\/sites\/3\/2018\/10\/pg_recsys_17_10_2018.pdf\">Report from ACM RecSys 2018 (Vancouver, Canada)<\/a><\/li>\n<\/ul>\n<\/li>\n<\/ul>\n<p><strong>10.10.2018, 1.31 (Job&#8217;s studio), 12:45<\/strong> \u00bb <em>Datalys Seminar<\/em><\/p>\n<ul>\n<li>Ivan Srba: <a href=\"https:\/\/www.pewe.sk\/datalys\/wp-content\/uploads\/sites\/3\/2018\/10\/2018-10-10-Datalys-Methodological-topics-Part-1.pdf\">Methodological topics &#8211; Data-science specifics\u00a0(part 1)<\/a>\n<ul>\n<li>How to define data-science task<\/li>\n<li>How to select\/create appropriate dataset<\/li>\n<li>How to describe your dataset<\/li>\n<li>How to preprocess your dataset<\/li>\n<\/ul>\n<\/li>\n<\/ul>\n<p><strong>8.10.2018, -1.65, 16:00<\/strong> \u00bb <a href=\"https:\/\/www.facebook.com\/events\/298996494230486\/\"><em>Data Science Club<\/em><\/a><\/p>\n<ul>\n<li>Martin Bago (Instarea): Ako r\u00fdchlo zisti\u0165, \u010do za d\u00e1ta m\u00e1me?<b><br \/>\n<\/b><\/li>\n<li>Jo\u017eo Kov\u00e1\u010d (Exponea): Let\u2019s investigate the Experience<\/li>\n<\/ul>\n<p><strong>3.10.2018, -1.58, 12:45<\/strong> \u00bb <em>PeWe Seminar<\/em><\/p>\n<ul>\n<li>Jakub \u0160imko, Ivan Srba: <a href=\"https:\/\/www.pewe.sk\/wp-content\/uploads\/2018\/10\/2018-10-Ako-pisat-pracu.pptx\">Methodological topics (part 1)<\/a>\n<ul>\n<li>How to define thesis goals and hypothesis<\/li>\n<li>How to search and organize literature<\/li>\n<\/ul>\n<\/li>\n<\/ul>\n<p><strong>1.10.2018, -1.65, 16:00<\/strong> \u00bb <a href=\"https:\/\/www.facebook.com\/events\/176436476583875\/\"><em>Data Science Club<\/em><\/a><\/p>\n<ul>\n<li>Dominik Csiba (Innovatrics):\u00a0From zero to a data science project: corobiapolitici.sk<b><br \/>\n<\/b><\/li>\n<li>Renn\u00e9 Donner (contextflow): Julia &#8211; a language for fast numerical code as well as general programming<b><br \/>\n<\/b><\/li>\n<\/ul>\n<p><strong>26.9.2018, 1.31 (Job&#8217;s studio), 12:45<\/strong> \u00bb <em>Datalys Seminar<\/em><\/p>\n<ul>\n<li>Introduction of members and their research work and theses<\/li>\n<li>Some additional information about our research and industry projects<\/li>\n<li>Invitation to Data Science Club meetings<\/li>\n<li>Overview of some useful resources<\/li>\n<li>Jakub \u0160evcech: <a href=\"https:\/\/www.pewe.sk\/datalys\/wp-content\/uploads\/sites\/3\/2017\/09\/2017-09-21_machine_learning_coursera.pdf\">Machine learning at Coursera<\/a> (Resources &#8211; MOOC)<\/li>\n<\/ul>\n<p><strong>19.9.2018, -1.58, 12:45<\/strong> \u00bb <em>PeWe Seminar<\/em><\/p>\n<ul>\n<li>M\u00e1ria Bielikov\u00e1: <a href=\"https:\/\/www.pewe.sk\/wp-content\/uploads\/2018\/09\/bielik-start2018-19.pdf\">Autumn Semester Kick Off<\/a><\/li>\n<li>Introduction to PeWe specialized research groups\n<ul>\n<li>Jakub \u0160imko et al.: <a href=\"https:\/\/www.pewe.sk\/wp-content\/uploads\/2018\/09\/2018-09-UXI-group-intro.pdf\">User eXperience and Interaction<\/a><\/li>\n<li>Ivan Srba et al.: <a href=\"https:\/\/www.pewe.sk\/wp-content\/uploads\/2018\/09\/2018-09-19-Datalys-Group-Intro.pdf\">Datalys<\/a><\/li>\n<li>Peter Lacko et al.: <a href=\"https:\/\/www.pewe.sk\/wp-content\/uploads\/2018\/09\/NN2018-19.pdf\">Neural Networks<\/a><\/li>\n<\/ul>\n<\/li>\n<\/ul>\n","protected":false},"excerpt":{"rendered":"<p>2.5.2019, 1.31 (Job&#8217;s studio), 13:45 \u00bb Datalys Seminar &#8211; Semester Finale Matej Kon\u010d\u00e1l and Andrej Za\u0165ko: Introduction to Multi-Armed Bandits Answering questions about [&hellip;]<\/p>\n","protected":false},"author":10,"featured_media":0,"parent":0,"menu_order":0,"comment_status":"closed","ping_status":"closed","template":"","meta":[],"_links":{"self":[{"href":"https:\/\/www.pewe.sk\/datalys\/wp-json\/wp\/v2\/pages\/741"}],"collection":[{"href":"https:\/\/www.pewe.sk\/datalys\/wp-json\/wp\/v2\/pages"}],"about":[{"href":"https:\/\/www.pewe.sk\/datalys\/wp-json\/wp\/v2\/types\/page"}],"author":[{"embeddable":true,"href":"https:\/\/www.pewe.sk\/datalys\/wp-json\/wp\/v2\/users\/10"}],"replies":[{"embeddable":true,"href":"https:\/\/www.pewe.sk\/datalys\/wp-json\/wp\/v2\/comments?post=741"}],"version-history":[{"count":58,"href":"https:\/\/www.pewe.sk\/datalys\/wp-json\/wp\/v2\/pages\/741\/revisions"}],"predecessor-version":[{"id":905,"href":"https:\/\/www.pewe.sk\/datalys\/wp-json\/wp\/v2\/pages\/741\/revisions\/905"}],"wp:attachment":[{"href":"https:\/\/www.pewe.sk\/datalys\/wp-json\/wp\/v2\/media?parent=741"}],"curies":[{"name":"wp","href":"https:\/\/api.w.org\/{rel}","templated":true}]}}