{"id":913,"date":"2019-09-22T14:15:29","date_gmt":"2019-09-22T12:15:29","guid":{"rendered":"http:\/\/www.pewe.sk\/datalys\/?page_id=913"},"modified":"2019-12-01T21:04:22","modified_gmt":"2019-12-01T20:04:22","slug":"program-20192020","status":"publish","type":"page","link":"https:\/\/www.pewe.sk\/datalys\/program-20192020\/","title":{"rendered":"Program 2019\/2020"},"content":{"rendered":"\n<p><strong>4.12.2019, 1.31 (Jobs Studio), 12:45<\/strong> \u00bb <em>Datalys Seminar<\/em><\/p>\n\n\n\n<ul><li>How to Finish Your Thesis? [Discussion]<\/li><\/ul><\/li><\/ul>\n\n\n\n<p><strong>27.11.2019, 1.31 (Jobs Studio), 12:45<\/strong> \u00bb <em>Datalys Seminar<\/em><\/p>\n\n\n\n<ul><li>Michal Kab\u00e1\u010d, Tade\u00e1\u0161 Drahovsk\u00fd: Active Learning<\/li><\/ul><\/li><\/ul>\n\n\n\n<p><strong>20.11.2019, 1.31 (Jobs Studio), 12:45<\/strong> \u00bb <em>Datalys &amp; NN Seminar<\/em><\/p>\n\n\n\n<ul><li>Mat\u00fa\u0161 Pikuliak: <a href=\"https:\/\/www.pewe.sk\/datalys\/wp-content\/uploads\/sites\/3\/2019\/11\/2019-11-20_Matus-Pikuliak_Text-representation-techniques.pdf\">Text Representation Techniques<\/a><ul><li>How to represent text in your NLP projects<\/li><li>Word embeddings and additional pre-trained models<\/li><\/ul><\/li><\/ul>\n\n\n\n<p><strong>13.11.2019, 1.31 (Jobs Studio), 12:45<\/strong> \u00bb <em>Datalys Seminar<\/em><\/p>\n\n\n\n<ul><li>Matej Kon\u010d\u00e1l: <a href=\"https:\/\/www.pewe.sk\/datalys\/wp-content\/uploads\/sites\/3\/2019\/11\/2019-11-13-Datalys_Matej-Koncal_DP2.pdf\">Collaborative Recommendation <\/a><\/li><li><a href=\"https:\/\/www.pewe.sk\/datalys\/resources\/\">Discussion about blogs, books, online courses and other resources interesting for data scientists<\/a><\/li><\/ul>\n\n\n\n<p><strong>6.11.2019, 1.31 (Job&#8217;s studio), 12:45<\/strong> \u00bb <em>Datalys Seminar<\/em><\/p>\n\n\n\n<ul><li>Miroslav Bl\u0161t\u00e1k: <a href=\"https:\/\/www.pewe.sk\/datalys\/wp-content\/uploads\/sites\/3\/2019\/11\/2019-11-06-Datalys-NLP-Introduction.pdf\">Introduction to NLP, tasks, tools and libraries<\/a><ul><li>NLP tasks<\/li><li>NLP approaches<\/li><li>NLP tools and libraries for English and Slovak language<\/li><\/ul><\/li><\/ul>\n\n\n\n<p><strong>30.10.2019, 1.31 (Job&#8217;s studio), 12:45<\/strong> \u00bb <em>Datalys Seminar<\/em><\/p>\n\n\n\n<ul><li>Ivan Srba: <a href=\"https:\/\/www.pewe.sk\/datalys\/wp-content\/uploads\/sites\/3\/2019\/10\/2019-10-30-Datalys-Methodological-topics-Part-1.pdf\">Methodological topics &#8211; Data-science specifics&nbsp;(part 1) <\/a><ul><li>How to define data-science task<\/li><li>How to select\/create appropriate dataset<\/li><li>How to describe your dataset<\/li><li>How to preprocess your dataset <\/li><\/ul><\/li><\/ul>\n\n\n\n<p><strong>23.10.2019, 1.31 (Jobs Studio), 12:45<\/strong> \u00bb <em>Datalys Seminar<\/em><\/p>\n\n\n\n<ul><li>Andrej Za\u0165ko: <a href=\"https:\/\/www.pewe.sk\/datalys\/wp-content\/uploads\/sites\/3\/2019\/10\/2019-24-10-zatko-dp.pdf\">Personalized ranking of multiple recommenders &#8211; Experiment proposal<\/a><\/li><\/ul>\n\n\n\n<p><strong>21.10.2019, -1.65 (Aula Minor), 13:45<\/strong> \u00bb <em>Datalys Seminar<\/em><\/p>\n\n\n\n<ul><li>Miroslav Bl\u0161t\u00e1k: <a href=\"https:\/\/www.pewe.sk\/datalys\/wp-content\/uploads\/sites\/3\/2019\/10\/2019_10_21-NLP-uvod-Miroslav-Bl\u0161t\u00e1k.pdf\">Introduction to NLP in Slovak language<\/a><\/li><\/ul>\n\n\n\n<p><strong>9.10.2019, -1.65 (Aula Minor), 12:45<\/strong> \u00bb <em>PeWe Seminar<\/em><\/p>\n\n\n\n<ul><li> Jozef Tvaro\u017eek,  Jakub \u0160imko, Ivan Srba: <a href=\"https:\/\/www.pewe.sk\/wp-content\/uploads\/2019\/10\/2019-10-Ako-pisat-pracu.pptx\">Methodological topics (part 1) <\/a><ul><li>How to define thesis goals and hypothesis<\/li><li>How to search and organize literature <\/li><\/ul><\/li><\/ul>\n\n\n\n<p><strong>2.10.2019, 1.31 (Jobs Studio), 12:45<\/strong> \u00bb <em>Datalys Seminar<\/em><\/p>\n\n\n\n<ul><li>Peter Ga\u0161par: <a href=\"https:\/\/www.pewe.sk\/datalys\/wp-content\/uploads\/sites\/3\/2019\/10\/datalys_recsys2019_2_10_2019.pdf\"> Introduction to recomender systems and recent trends in research and industry (RecSys 2019)<\/a>  <\/li><li>Jakub \u0160evcech: <a href=\"https:\/\/www.pewe.sk\/datalys\/wp-content\/uploads\/sites\/3\/2019\/10\/Sevcech-Ten-quick-tips-for-effective-dimensionality-reduction.pdf\">Ten quick tips for effective dimensionality reduction <\/a><\/li><\/ul>\n\n\n\n<p><strong>25.9.2019, -1.65 (Aula Minor), 12:45<\/strong> \u00bb <em>PeWe Seminar<\/em><\/p>\n\n\n\n<ul><li>M\u00e1ria Bielikov\u00e1: Autumn Semester Kick Off<\/li><li>Introduction to PeWe specialized research groups <ul><li>Jakub \u0160imko et al.: <a href=\"https:\/\/www.pewe.sk\/wp-content\/uploads\/2018\/09\/2018-09-UXI-group-intro.pdf\">User eXperience and Interaction<\/a><\/li><li>Ivan Srba et al.: Datalys<\/li><li>Peter Lacko et al.: Neural Networks <\/li><\/ul><\/li><\/ul>\n","protected":false},"excerpt":{"rendered":"<p>4.12.2019, 1.31 (Jobs Studio), 12:45 \u00bb Datalys Seminar How to Finish Your Thesis? [Discussion] 27.11.2019, 1.31 (Jobs Studio), 12:45 \u00bb Datalys Seminar Michal [&hellip;]<\/p>\n","protected":false},"author":18,"featured_media":0,"parent":0,"menu_order":0,"comment_status":"closed","ping_status":"closed","template":"","meta":[],"_links":{"self":[{"href":"https:\/\/www.pewe.sk\/datalys\/wp-json\/wp\/v2\/pages\/913"}],"collection":[{"href":"https:\/\/www.pewe.sk\/datalys\/wp-json\/wp\/v2\/pages"}],"about":[{"href":"https:\/\/www.pewe.sk\/datalys\/wp-json\/wp\/v2\/types\/page"}],"author":[{"embeddable":true,"href":"https:\/\/www.pewe.sk\/datalys\/wp-json\/wp\/v2\/users\/18"}],"replies":[{"embeddable":true,"href":"https:\/\/www.pewe.sk\/datalys\/wp-json\/wp\/v2\/comments?post=913"}],"version-history":[{"count":22,"href":"https:\/\/www.pewe.sk\/datalys\/wp-json\/wp\/v2\/pages\/913\/revisions"}],"predecessor-version":[{"id":994,"href":"https:\/\/www.pewe.sk\/datalys\/wp-json\/wp\/v2\/pages\/913\/revisions\/994"}],"wp:attachment":[{"href":"https:\/\/www.pewe.sk\/datalys\/wp-json\/wp\/v2\/media?parent=913"}],"curies":[{"name":"wp","href":"https:\/\/api.w.org\/{rel}","templated":true}]}}