{"id":1136,"date":"2017-11-15T15:04:19","date_gmt":"2017-11-15T14:04:19","guid":{"rendered":"http:\/\/www.pewe.sk\/uxi\/?page_id=1136"},"modified":"2017-11-15T15:30:31","modified_gmt":"2017-11-15T14:30:31","slug":"zivotny-cyklus-studie-v-ux-labe","status":"publish","type":"page","link":"https:\/\/www.pewe.sk\/uxi\/zivotny-cyklus-studie-v-ux-labe\/","title":{"rendered":"\u017divotn\u00fd cyklus \u0161t\u00fadie v UX Labe"},"content":{"rendered":"<p>\u017divotn\u00fd cyklus \u0161t\u00fadie pozost\u00e1va z nasledovn\u00fdch f\u00e1z, ktor\u00e9 s\u00fa op\u00edsan\u00e9 ni\u017e\u0161ie:<\/p>\n<p><a href=\"#reservations\">Rezerv\u00e1cia<\/a><br \/>\n<a href=\"#study-progress\">Vykon\u00e1vanie \u0161t\u00fadie<\/a><br \/>\n<a href=\"#reporting\">Reportovanie<\/a><br \/>\n<a href=\"#archiving\">Archiv\u00e1cia<\/a><\/p>\n<h2 id=\"reservations\"><span style=\"font-weight: 400\">Rezerv\u00e1cia<\/span><\/h2>\n<p><span style=\"font-weight: 400\">Pr\u00edstup k laborat\u00f3ri\u00e1m sa riadi pod\u013ea pravidiel op\u00edsan\u00fdch na <a href=\"http:\/\/www.pewe.sk\/uxi\/pokyny-a-pravidla-na-rezervaciu-miestnosti-ux-lab-a-ux-class-a-zariadeni\/\">str\u00e1nke UXI.<\/a><\/span><\/p>\n<h2 id=\"study-progress\"><span style=\"font-weight: 400\">Vykon\u00e1vanie \u0161t\u00fadie<\/span><\/h2>\n<ul>\n<li style=\"font-weight: 400\"><span style=\"font-weight: 400\">Ak rob\u00edte \u0161t\u00fadiu alebo experiment s vyu\u017eit\u00edm <\/span><i><span style=\"font-weight: 400\">Tobii Studia<\/span><\/i><span style=\"font-weight: 400\"> (TS), pomenujte svoj projekt <\/span>\n<pre><span style=\"color: #000000\">&lt;TC&gt; &lt;N\u00e1zov pr\u00e1ce&gt;<\/span><\/pre>\n<p><span style=\"font-weight: 400\">kde n\u00e1zov pr\u00e1ce stru\u010dne vystihuje o ak\u00fd projekt sa jedn\u00e1 (napr. n\u00e1zov bakal\u00e1rskej\/diplomovej pr\u00e1ce) a <\/span><span style=\"font-weight: 400\">TC<\/span><span style=\"font-weight: 400\"> je k\u00f3d typu pr\u00e1ce:<\/span><\/p>\n<ul>\n<li style=\"font-weight: 400\"><span style=\"font-weight: 400\"><strong><span style=\"color: #000000\">BP<\/span> <\/strong>&#8211; bakal\u00e1rska pr\u00e1ca<\/span><\/li>\n<li style=\"font-weight: 400\"><span style=\"font-weight: 400\"><strong><span style=\"color: #000000\">DP <\/span><\/strong>&#8211; diplomov\u00e1 pr\u00e1ca<\/span><\/li>\n<li style=\"font-weight: 400\"><span style=\"font-weight: 400\"><strong><span style=\"color: #000000\">EX <\/span><\/strong>&#8211; extern\u00fd projekt &#8211; napr. pou\u017e\u00edvate\u013esk\u00e9 \u0161t\u00fadie v spolupr\u00e1ci s praxou, pr\u00e1ce \u0161tudentov in\u00fdch \u0161k\u00f4l<\/span><\/li>\n<li style=\"font-weight: 400\"><span style=\"font-weight: 400\"><strong><span style=\"color: #000000\">IN<\/span><\/strong> &#8211; intern\u00e9 projekty laborat\u00f3ria &#8211; napr. znovupou\u017eite\u013en\u00e9 v\u0161eobecn\u00e9 testy, projekty na demon\u0161tr\u00e1ciu laborat\u00f3ria<\/span><\/li>\n<\/ul>\n<\/li>\n<li style=\"font-weight: 400\"><span style=\"font-weight: 400\">Pri pomenovan\u00ed projektu pou\u017e\u00edvajte iba alfa-numerick\u00e9 znaky a medzery.<\/span><\/li>\n<li style=\"font-weight: 400\"><span style=\"font-weight: 400\">Vyh\u00fdbajte sa v n\u00e1zve projektu slov\u00e1m \u201cpokus\u201d, \u201csk\u00fa\u0161ka\u201d, \u201ctest\u201d a podobne. Projekty s tak\u00fdmto pomenovan\u00edm bud\u00fa pova\u017eovan\u00e9 za pokusn\u00e9 a m\u00f4\u017eu by\u0165 kedyko\u013evek vymazan\u00e9.<\/span><\/li>\n<li style=\"font-weight: 400\"><span style=\"font-weight: 400\">Nezabudnite vyplni\u0165 <strong>pole vlastn\u00edka projektu<\/strong>. Pre \u0161tudentsk\u00e9 projekty zadajte meno \u0161tudenta aj \u0161kolite\u013ea. Pre projekty patriace osob\u00e1m mimo fakulty, vypl\u0148te meno zodpovedn\u00e9ho zamestnanca\/\u0161tudenta, ktor\u00fd na projekte spolupracuje.<\/span><\/li>\n<li style=\"font-weight: 400\"><span style=\"font-weight: 400\">V pr\u00edpade, \u017ee vytvor\u00edte pokusn\u00fd projekt na vysk\u00fa\u0161anie Tobii Studia (pr\u00edpadne z ak\u00fdchko\u013evek pr\u00ed\u010din vytvor\u00edte projekt s ktor\u00fdm \u010falej nepl\u00e1nujete pracova\u0165), vyma\u017ete ho po sebe.<\/span><\/li>\n<li style=\"font-weight: 400\"><span style=\"font-weight: 400\">Va\u0161e Tobii Studio projekty ukladajte na nahr\u00e1vac\u00edch po\u010d\u00edta\u010doch iba v adres\u00e1ri<\/span>\n<pre><span style=\"font-weight: 400\"> C:\\Users\\ux\\Documents\\Tobii Studio Projects<\/span><\/pre>\n<\/li>\n<li style=\"font-weight: 400\"><span style=\"font-weight: 400\">Ak pl\u00e1nujete robi\u0165 experiment v <\/span><i><span style=\"font-weight: 400\">UX Group Labe<\/span><\/i><span style=\"font-weight: 400\">, m\u00f4\u017eete na distrib\u00faciu TS projektu a zber v\u00fdsledkov pou\u017ei\u0165 nami vyvinut\u00fd n\u00e1stroj <\/span><i><span style=\"font-weight: 400\">Tobii Merger<\/span><\/i><span style=\"font-weight: 400\">. Pred jeho pou\u017eit\u00edm si pre\u010d\u00edtajte <a href=\"https:\/\/docs.google.com\/document\/d\/1rLk9IydBtf9979yD7IafGTeLwwSTTDbp1Znqw4flgIE\/edit?usp=sharing\">pou\u017e\u00edvate\u013esk\u00fa pr\u00edru\u010dku<\/a> k nemu.<\/span><\/li>\n<li style=\"font-weight: 400\"><span style=\"font-weight: 400\">Ak rob\u00edte experiment v <\/span><i><span style=\"font-weight: 400\">UX Group<\/span><\/i> <i><span style=\"font-weight: 400\">Labe<\/span><\/i><span style=\"font-weight: 400\">, myslite na to, \u017ee zanech\u00e1vate stopy na viacer\u00fdch pracovn\u00fdch staniciach, spravidla:<\/span>\n<ul>\n<li style=\"font-weight: 400\"><span style=\"font-weight: 400\">na po\u010d\u00edta\u010di, kde ste \u0161t\u00fadiu nasetupovali<\/span><\/li>\n<li style=\"font-weight: 400\"><span style=\"font-weight: 400\">na po\u010d\u00edta\u010doch, kam ste TS projekt distribuovali<\/span><\/li>\n<li style=\"font-weight: 400\"><span style=\"font-weight: 400\">na po\u010d\u00edta\u010di, kde ste pozbierali r\u00f4zne in\u0161tancie projektu a spojili ich do jednej<\/span><\/li>\n<\/ul>\n<\/li>\n<li style=\"font-weight: 400\"><span style=\"font-weight: 400\">Z nich \u010falej v\u00e4\u010d\u0161inou pracujete u\u017e len s tou jednou spojenou in\u0161tanciou &#8211; ostatn\u00e9 je preto <strong>potrebn\u00e9 po skon\u010den\u00ed \u0161t\u00fadie uprata\u0165 (vymaza\u0165)<\/strong> a riadi\u0165 sa pritom pokynmi k <a href=\"#archiving\">archiv\u00e1cii<\/a>.<\/span><\/li>\n<li style=\"font-weight: 400\"><span style=\"font-weight: 400\">Anal\u00fdza nazbieran\u00fdch v\u00fdsledkov pritom u\u017e spravidla neprebieha v <\/span><i><span style=\"font-weight: 400\">UX Labe<\/span><\/i><span style=\"font-weight: 400\"> (3.29a, 3.29c) ani v <\/span><i><span style=\"font-weight: 400\">UX Group Labe<\/span><\/i><span style=\"font-weight: 400\"> (1.26), aby ste zbyto\u010dne neblokovali zbieranie d\u00e1t in\u00fdmi \u0161tudentmi. <strong>Odpor\u00fa\u010dame preto po skon\u010den\u00ed f\u00e1zy zbierania d\u00e1t presun\u00fa\u0165 cel\u00fd projekt na niektor\u00fd z po\u010d\u00edta\u010dov v pozorovate\u013eni (3.29b) a anal\u00fdzu realizova\u0165 tam<\/strong> (tento po\u010d\u00edta\u010d sa d\u00e1 rezervova\u0165 pomocou rezerva\u010dn\u00e9ho syst\u00e9mu). P\u00f4vodn\u00fd projekt na niektorom z po\u010d\u00edta\u010dov v laborat\u00f3ri\u00e1ch treba potom vymaza\u0165.<\/span><\/li>\n<li style=\"font-weight: 400\"><span style=\"font-weight: 400\">Ak potrebujete na po\u010d\u00edta\u010doch uklada\u0165 s\u00fabory mimo adres\u00e1ra s va\u0161\u00edm TS projektom (spravidla exporty vo forme NAS arch\u00edvov, obr\u00e1zkov a excelovsk\u00fdch s\u00faborov alebo in\u00e9 s\u00fabory potrebn\u00e9 pre spustenie alebo vyhodnotenie va\u0161ej \u0161t\u00fadie), ukladajte ich v adres\u00e1ri:<br \/>\n<\/span><\/p>\n<pre><span style=\"font-weight: 400\">C:\\Users\\ux\\Documents\\&lt;YOUR_PROJECT_NAME&gt;\r\n<\/span><\/pre>\n<p><span style=\"font-weight: 400\">kde <\/span><strong>YOUR_PROJECT_NAME<\/strong><span style=\"font-weight: 400\"> je n\u00e1zov v\u00e1\u0161ho TS projektu pod\u013ea konvencie op\u00edsanej v prvom bode tejto \u010dasti.<\/span><\/li>\n<li style=\"font-weight: 400\"><span style=\"font-weight: 400\">V \u017eiadnom pr\u00edpade nepou\u017e\u00edvajte plochu ako \u00falo\u017eisko &#8211; ak tak len na s\u00fabory, ktor\u00e9 zma\u017eete pri va\u0161om odchode z laborat\u00f3ria. S\u00fabory na ploche bud\u00fa pravidelne mazan\u00e9, a preto o ne m\u00f4\u017eete pr\u00eds\u0165.<\/span><\/li>\n<\/ul>\n<h2 id=\"reporting\"><span style=\"font-weight: 400\">Reportovanie<\/span><\/h2>\n<ul>\n<li style=\"font-weight: 400\"><span style=\"font-weight: 400\">Nutnou podmienkou na z\u00edskanie rezerv\u00e1cie je vypracovanie <\/span><i><span style=\"font-weight: 400\">protokolu o experimente<\/span><\/i><span style=\"font-weight: 400\"> v akceptovate\u013enej kvalite pod\u013ea <a href=\"http:\/\/www.pewe.sk\/uxi\/pokyny-a-pravidla-na-rezervaciu-miestnosti-ux-lab-a-ux-class-a-zariadeni\/\">pokynov<\/a>; tento v\u0161ak nesl\u00fa\u017ei len ako vstupenka do laborat\u00f3ri\u00ed, ale sprev\u00e1dza \u0161t\u00fadiu jej cel\u00fdm \u017eivotn\u00fdm cyklom:<\/span>\n<ul>\n<li style=\"font-weight: 400\"><b>N\u00e1vrh \u0161t\u00fadie\/experimentu<\/b><span style=\"font-weight: 400\"> &#8211; konzultujete s va\u0161\u00edm ved\u00facim, resp. v\u00fdskumnou skupinou (napr. PeWe)<\/span><\/li>\n<li style=\"font-weight: 400\"><b>Vykon\u00e1vanie \u0161t\u00fadie (zber d\u00e1t)<\/b><span style=\"font-weight: 400\"> &#8211; realizujete v niektorom z laborat\u00f3ri\u00ed UXI v\u00fdskumn\u00e9ho centra<\/span><\/li>\n<li style=\"font-weight: 400\"><b>Spracovanie a vyhodnocovanie d\u00e1t<\/b><span style=\"font-weight: 400\"> &#8211; realizujete spravidla na niektorom z troch po\u010d\u00edta\u010dov v pozorovate\u013eni v miestnosti 3.29b<\/span><\/li>\n<li style=\"font-weight: 400\"><b>Archiv\u00e1cia<\/b><span style=\"font-weight: 400\"> &#8211; v\u00fdsledn\u00e1 \u0161t\u00fadia by mala by\u0165 zarchivovan\u00e1 v tvare, ktor\u00e1 umo\u017en\u00ed v bud\u00facnosti znovupou\u017ei\u0165 (a pochopi\u0165) nazbieran\u00e9 d\u00e1ta, resp. pridru\u017een\u00fd analytick\u00fd k\u00f3d a spracovan\u00e9 v\u00fdsledky. Formou archiv\u00e1cie je aj odovzdanie \u0161t\u00fadie na elektronickom m\u00e9diu prilo\u017eenom k va\u0161ej z\u00e1vere\u010dnej pr\u00e1ci, toto je v\u0161ak z poh\u013eadu UXI v\u00fdskumn\u00e9ho centra neposta\u010duj\u00face, ke\u010f\u017ee k tomu m\u00e1 pr\u00edstup minim\u00e1lny okruh \u013eud\u00ed. Pokyny k archiv\u00e1cii preto pozri <a href=\"#archiving\">dole<\/a>.<\/span><\/li>\n<\/ul>\n<\/li>\n<li style=\"font-weight: 400\"><span style=\"font-weight: 400\">Ku ka\u017ed\u00e9mu z t\u00fdchto bodov (okrem archiv\u00e1cie) je <\/span><b>potrebn\u00e9 vyjadri\u0165 sa v protokole o experimente<\/b><span style=\"font-weight: 400\">. Je ho teda nutn\u00e9 priebe\u017ene dop\u013a\u0148a\u0165 tak, aby na konci stru\u010dne, ale ucelene opisoval vami vykonan\u00fa \u0161t\u00fadiu, dosiahnut\u00e9 v\u00fdsledky a v\u00fdstupy a pr\u00edpadn\u00e9 probl\u00e9my.<\/span><\/li>\n<li style=\"font-weight: 400\"><span style=\"font-weight: 400\">Tak\u00fdto protokol m\u00f4\u017ee (a m\u00e1) by\u0165 pr\u00edlohou va\u0161ej z\u00e1vere\u010dnej pr\u00e1ce, odkaz na\u0148 je uveden\u00fd aj na str\u00e1nke UXI.sk v \u010dasti <\/span><a href=\"http:\/\/www.pewe.sk\/uxi\/studies-and-experiments\/\"><span style=\"font-weight: 400\">Experiments<\/span><\/a><span style=\"font-weight: 400\"> (vi\u010f <a href=\"http:\/\/www.pewe.sk\/uxi\/pokyny-a-pravidla-na-rezervaciu-miestnosti-ux-lab-a-ux-class-a-zariadeni\/\">pokyny pre z\u00edskanie rezerv\u00e1cie v UX Labe<\/a>).<\/span><\/li>\n<li style=\"font-weight: 400\"><span style=\"font-weight: 400\">Okrem toho treba o realiz\u00e1cii va\u0161ej \u0161t\u00fadie <\/span><b>informova\u0165 na str\u00e1nke UXI.sk<\/b><span style=\"font-weight: 400\"> v \u010dasti <\/span><span style=\"font-weight: 400\"><a href=\"http:\/\/www.pewe.sk\/uxi\/blog\/\">Blog<\/a>.<\/span><\/li>\n<li style=\"font-weight: 400\"><span style=\"font-weight: 400\">Malo by \u00eds\u0165 o kr\u00e1tky \u010dl\u00e1nok (v rozsahu max. 1 A4), v ktorom stru\u010dne op\u00ed\u0161ete va\u0161u pr\u00e1cu, \u010do ste robili v UX Labe a vypichnete nejak\u00e9 zauj\u00edmavosti, na \u010do ste pri\u0161li, alebo s ak\u00fdmi probl\u00e9mami ste sa stretli. \u010cl\u00e1nok je dobr\u00e9 doplni\u0165 vhodn\u00fdm obrazov\u00fdm materi\u00e1lom &#8211; fotografiou z vykon\u00e1vania \u0161t\u00fadie v laborat\u00f3riu (z\u00edde sa aj pre va\u0161u z\u00e1vere\u010dn\u00fa pr\u00e1cu), screenshotom testovan\u00e9ho syst\u00e9mu a pod. Jazyk m\u00f4\u017ee by\u0165 slovensk\u00fd, abstrakt (kr\u00e1tke uvedenie\/zhrnutie \u010dl\u00e1nku) odpor\u00fa\u010dame v angli\u010dtine.<\/span><\/li>\n<li style=\"font-weight: 400\"><span style=\"font-weight: 400\">Zauj\u00edmav\u00e9 \u010dl\u00e1nky bud\u00fa zazdie\u013ean\u00e9 na na\u0161ej facebookovej skupine <a href=\"https:\/\/www.facebook.com\/groups\/UXIsk\">UXIsk@FIIT STU<\/a>.<\/span><\/li>\n<\/ul>\n<h2 id=\"archiving\"><span style=\"font-weight: 400\">Archiv\u00e1cia<\/span><\/h2>\n<ul>\n<li style=\"font-weight: 400\"><span style=\"font-weight: 400\">Po ukon\u010den\u00ed a vyhodnoten\u00ed va\u0161ej \u0161t\u00fadie (spravidla v poslednom semestri rie\u0161enia va\u0161ej z\u00e1vere\u010dnej pr\u00e1ce) nasleduje jej archiv\u00e1cia.<\/span><\/li>\n<li style=\"font-weight: 400\"><span style=\"font-weight: 400\">V adres\u00e1ri:<br \/>\n<\/span><\/p>\n<pre><span style=\"font-weight: 400\">D:\\archival\\&lt;ROOM_NAME&gt;<\/span><\/pre>\n<p><span style=\"font-weight: 400\"> na po\u010d\u00edta\u010di <\/span><strong>UX Lab 3.29b@Xenos<\/strong><span style=\"font-weight: 400\"> (v pozorovate\u013eni pri dver\u00e1ch) vytvorte adres\u00e1r s menom v\u00e1\u0161ho projektu pod\u013ea mennej konvencie op\u00edsanej vy\u0161\u0161ie. <\/span><strong>ROOM_NAME<\/strong><span style=\"font-weight: 400\"> je n\u00e1zov miestnosti, kde experiment prebiehal (<em>Class, Lab A, Lab C<\/em>). Adres\u00e1r by mal ma\u0165 nasledovn\u00fa \u0161trukt\u00faru:<\/span><\/p>\n<ul>\n<li style=\"font-weight: 400\"><strong>project<\/strong><span style=\"font-weight: 400\"> &#8211; adres\u00e1r s TS projektom<\/span><\/li>\n<li style=\"font-weight: 400\"><span style=\"font-weight: 400\"><strong>stimuli<\/strong> <\/span><span style=\"font-weight: 400\">&#8211; adres\u00e1r so stimulmi, ktor\u00e9 ste pou\u017eili pri testovan\u00ed, ak tieto boli s\u00fa\u010das\u0165ou va\u0161ej \u0161t\u00fadie.<\/span><\/li>\n<li style=\"font-weight: 400\"><strong>data<\/strong><span style=\"font-weight: 400\"> &#8211; adres\u00e1r s exportovan\u00fdmi d\u00e1tami; m\u00f4\u017ee \u00eds\u0165 o viac s\u00faborov, spravidla pritom ide o form\u00e1t csv (preferovan\u00fd), xls(x) a pod. M\u00f4\u017ee obsahova\u0165 aj u\u017e spracovan\u00e9 d\u00e1ta, dokonca je to v\u00edtan\u00e9, ale prim\u00e1rne v\u017edy treba archivova\u0165 d\u00e1ta v p\u00f4vodnom form\u00e1te, ktor\u00e9 potom vstupovali do predspracovania, aby tento proces bolo mo\u017en\u00e9 zreplikova\u0165.<\/span><\/li>\n<li style=\"font-weight: 400\"><strong>src<\/strong><span style=\"font-weight: 400\"> &#8211; adres\u00e1r obsahuj\u00faci vykonate\u013en\u00fd k\u00f3d (R, Python, Jupyter Notebook, RMarkdown a pod.), ktor\u00fd sa sp\u00fa\u0161\u0165a nad d\u00e1tami v adres\u00e1ri <\/span><span style=\"font-weight: 400\">data<\/span><span style=\"font-weight: 400\">, ak tak\u00fdto k\u00f3d bol s\u00fa\u010das\u0165ou va\u0161ej pr\u00e1ce. Ak ste d\u00e1ta sprac\u00favali manu\u00e1lne v Exceli, je dobr\u00e9 zahrn\u00fa\u0165 tento excelovsk\u00fd s\u00fabor a aspo\u0148 slovne op\u00edsa\u0165, ak\u00e9 \u010distenie, resp. transform\u00e1cie nad d\u00e1tami ste vykonali.<\/span><\/li>\n<li style=\"font-weight: 400\"><span style=\"font-weight: 400\"><strong>img<\/strong> <\/span><span style=\"font-weight: 400\">&#8211; adres\u00e1r obsahuj\u00faci vizualiz\u00e1cie (heatmapy a pod.), ak ste tak\u00e9to vytv\u00e1rali. Lep\u0161ie je v\u0161ak zahrn\u00fa\u0165 ich v analytickom k\u00f3de spolu s ich opisom, z ktor\u00e9ho bude jasn\u00e9, ako a pre\u010do ste ich vytv\u00e1rali.<\/span><\/li>\n<li style=\"font-weight: 400\"><strong>protokol.pdf<\/strong><span style=\"font-weight: 400\"> &#8211; PDF s\u00fabor s ucelen\u00fdm protokolom o vykonanej \u0161t\u00fadii, resp. experimente (exportujete z Google Drivu, resp. z Jupyter Notebooku alebo RMarkdownu).<\/span><\/li>\n<li style=\"font-weight: 400\"><strong>README<\/strong><span style=\"font-weight: 400\"> &#8211; textov\u00fd s\u00fabor (m\u00f4\u017ee \u00eds\u0165 o Markdown, ale nemus\u00ed) opisuj\u00faci jednotliv\u00e9 s\u00fabory v adres\u00e1ri. Ak je s\u00fa\u010das\u0165ou arch\u00edvu spustite\u013en\u00fd k\u00f3d, mal by obsahova\u0165 opis postupu, ako ho spusti\u0165 (\u010do treba ma\u0165 nain\u0161talovan\u00e9, ak\u00e9 pr\u00edkazy zavola\u0165 a pod.)<\/span><\/li>\n<\/ul>\n<\/li>\n<li style=\"font-weight: 400\"><span style=\"font-weight: 400\">Takto spracovan\u00fd arch\u00edv m\u00f4\u017eete 1:1 nap\u00e1li\u0165 aj na elektronick\u00e9 m\u00e9dium odovzd\u00e1van\u00e9 spolu so z\u00e1vere\u010dnou pr\u00e1cou.<\/span><\/li>\n<li style=\"font-weight: 400\"><span style=\"font-weight: 400\"><strong>Zvy\u0161n\u00e9 in\u0161tancie archivovan\u00e9ho TS projektu a s n\u00edm asociovan\u00e9 s\u00fabory treba z in\u00fdch po\u010d\u00edta\u010dov vymaza\u0165<\/strong>, nech zbyto\u010dne nezaberaj\u00fa miesto. Samozrejme odpor\u00fa\u010dame necha\u0165 si vlastn\u00fa z\u00e1lohu na osobnom po\u010d\u00edta\u010di.<\/span><\/li>\n<li style=\"font-weight: 400\"><span style=\"font-weight: 400\">Z adres\u00e1ra:<br \/>\n<\/span><\/p>\n<pre><span style=\"font-weight: 400\">D:\\archival <\/span><\/pre>\n<p><span style=\"font-weight: 400\">bud\u00fa projekty v\u017edy na konci akademick\u00e9ho roka (alebo \u010dastej\u0161ie pod\u013ea diskovej kapacity po\u010d\u00edta\u010da <\/span><span style=\"font-weight: 400\">UX Lab 3.29b@Xenos<\/span><span style=\"font-weight: 400\">) prekop\u00edrovan\u00e9 na sie\u0165ov\u00fd disk a ich lok\u00e1lna k\u00f3pia bude n\u00e1sledne vymazan\u00e1.<\/span><\/li>\n<\/ul>\n<p><span style=\"font-weight: 400\">V pr\u00edpade z\u00e1ujmu o pr\u00edstup k niektor\u00e9mu z archivovan\u00fdch projektov odpor\u00fa\u010dame n\u00e1sledne sa obr\u00e1ti\u0165 na ved\u00faceho danej pr\u00e1ce alebo nap\u00edsa\u0165 email na <\/span><b>uxi-admin [at] googlegroups [dot] com<\/b><span style=\"font-weight: 400\">.<\/span><\/p>\n","protected":false},"excerpt":{"rendered":"<p>\u017divotn\u00fd cyklus \u0161t\u00fadie pozost\u00e1va z nasledovn\u00fdch f\u00e1z, ktor\u00e9 s\u00fa op\u00edsan\u00e9 ni\u017e\u0161ie: Rezerv\u00e1cia Vykon\u00e1vanie \u0161t\u00fadie Reportovanie Archiv\u00e1cia Rezerv\u00e1cia Pr\u00edstup k laborat\u00f3ri\u00e1m sa riadi pod\u013ea [&hellip;]<\/p>\n","protected":false},"author":11,"featured_media":0,"parent":0,"menu_order":0,"comment_status":"closed","ping_status":"closed","template":"","meta":[],"_links":{"self":[{"href":"https:\/\/www.pewe.sk\/uxi\/wp-json\/wp\/v2\/pages\/1136"}],"collection":[{"href":"https:\/\/www.pewe.sk\/uxi\/wp-json\/wp\/v2\/pages"}],"about":[{"href":"https:\/\/www.pewe.sk\/uxi\/wp-json\/wp\/v2\/types\/page"}],"author":[{"embeddable":true,"href":"https:\/\/www.pewe.sk\/uxi\/wp-json\/wp\/v2\/users\/11"}],"replies":[{"embeddable":true,"href":"https:\/\/www.pewe.sk\/uxi\/wp-json\/wp\/v2\/comments?post=1136"}],"version-history":[{"count":11,"href":"https:\/\/www.pewe.sk\/uxi\/wp-json\/wp\/v2\/pages\/1136\/revisions"}],"predecessor-version":[{"id":1151,"href":"https:\/\/www.pewe.sk\/uxi\/wp-json\/wp\/v2\/pages\/1136\/revisions\/1151"}],"wp:attachment":[{"href":"https:\/\/www.pewe.sk\/uxi\/wp-json\/wp\/v2\/media?parent=1136"}],"curies":[{"name":"wp","href":"https:\/\/api.w.org\/{rel}","templated":true}]}}