{"id":146,"date":"2016-01-26T08:21:14","date_gmt":"2016-01-26T08:21:14","guid":{"rendered":"http:\/\/www.pewe.sk\/uxi\/?page_id=146"},"modified":"2017-11-30T14:42:43","modified_gmt":"2017-11-30T13:42:43","slug":"pokyny-a-pravidla-na-rezervaciu-miestnosti-ux-lab-a-ux-class-a-zariadeni","status":"publish","type":"page","link":"https:\/\/www.pewe.sk\/uxi\/pokyny-a-pravidla-na-rezervaciu-miestnosti-ux-lab-a-ux-class-a-zariadeni\/","title":{"rendered":"Pokyny a pravidl\u00e1 na rezerv\u00e1ciu miestnost\u00ed UX Lab a UX Class a zariaden\u00ed"},"content":{"rendered":"<ol>\n<li>Rezerv\u00e1cie vo <em>V\u00fdskumnom centre UXI na FIIT (User eXperience and Interaction Research Center FIIT STU)<\/em> sa robia pomocou rezerva\u010dn\u00e9ho syst\u00e9mu na adrese: <a href=\"http:\/\/ux.fiit.stuba.sk\/reservation\">http:\/\/ux.fiit.stuba.sk\/reservation\/<\/a><\/li>\n<li>Pred samotnou \u017eiados\u0165ou o rezerv\u00e1ciu miestnosti je potrebn\u00e9 vypracova\u0165 protokol o experimente pod\u013ea <a href=\"https:\/\/docs.google.com\/document\/d\/1bynG_cmL6paQGIb0v3Zs2tYhmQd_FI6OQ-0v1KieGWI\/edit\">\u0161abl\u00f3ny<\/a> a prida\u0165 o \u0148om z\u00e1znam na str\u00e1nku PeWe\/uxi do \u010dasti <a href=\"http:\/\/www.pewe.sk\/uxi\/autumn-2015-16\/\">Experiments<\/a>. Protokol nastavte tak, aby ho mohol ktoko\u013evek prezera\u0165 a komentova\u0165 (ale nie editova\u0165). Alternat\u00edvne m\u00f4\u017eete protokol vypracova\u0165 v <a href=\"https:\/\/www.pewe.sk\/uxi\/wp-content\/uploads\/sites\/2\/2017\/09\/uxi_protokol.zip\">RMarkdowne alebo Jupyter Notebooku<\/a>\u00a0(na str\u00e1nke potom zverejnite odkaz na skompilovan\u00fd HTML s\u00fabor).\u00a0<strong>Vypracovanie protokolu a z\u00e1znamu na str\u00e1nke PeWe je nutnou podmienkou pre schv\u00e1lenie ka\u017edej \u017eiadosti o rezerv\u00e1ciu<\/strong>.<\/li>\n<li>Na prid\u00e1vanie \/ upravovanie svojich rezerv\u00e1ci\u00ed sa prihl\u00e1ste pomocou v\u00e1\u0161ho AIS loginu (\u0161tudenti a zamestnanci STU), resp. sa <a href=\"http:\/\/ux.fiit.stuba.sk\/reservation\/register.php\">zaregistrujte<\/a>. Ak si chcete iba zobrazi\u0165 aktu\u00e1lny stav rezerv\u00e1ci\u00ed, kliknite na prihlasovacej str\u00e1nke na odkaz <a href=\"http:\/\/ux.fiit.stuba.sk\/reservation\/view-schedule.php\">View reservations<\/a>.<\/li>\n<li>Pred prvou rezerv\u00e1ciou je potrebn\u00e9 si dohodn\u00fa\u0165 bu\u010f so \u0161kolite\u013eom alebo inou kompetentnou osobou \u0161kolenie v UXI. V pr\u00edpade, \u017ee ste dostato\u010dne za\u0161kolen\u00fd (\u00e1) na pou\u017e\u00edvanie UXI laborat\u00f3rii, je potrebn\u00e9 kontaktova\u0165 asistentku a dohodn\u00fa\u0165 si podp\u00edanie dohody o u\u017e\u00edvan\u00ed zariaden\u00ed. N\u00e1sledne sa aktualizuje zoznam os\u00f4b opr\u00e1vnen\u00fdch u\u017e\u00edva\u0165 UX laborat\u00f3ria (UX Lab\/UX Class) a na vr\u00e1tnici V\u00e1m po\u017ei\u010daj\u00fa proti podpisu potrebn\u00e9 k\u013e\u00fa\u010de. Aktualiz\u00e1cia zoznamu sa rob\u00ed raz mesa\u010dne (ku koncu mesiaca), pr\u00edpadne pod\u013ea potreby \u010dastej\u0161ie.<\/li>\n<li>Po prihl\u00e1sen\u00ed sa do rezerva\u010dn\u00e9ho syst\u00e9mu si m\u00f4\u017eete zobrazi\u0165 kalend\u00e1r <em>UXI Rooms<\/em> s obsadenos\u0165ou jednotliv\u00fdch miestnost\u00ed a \u010dasmi, ktor\u00e9 s\u00fa k dispoz\u00edcii na rezerv\u00e1ciu cez menu <em>Schedule -&gt; Bookings<\/em>. Je potrebn\u00e9 spravi\u0165 \u017eiados\u0165 o rezerv\u00e1ciu v predstihu, t. j. minim\u00e1lne 48 hod\u00edn pred pl\u00e1novan\u00fdm term\u00ednom rezerv\u00e1cie. Rezervova\u0165 si m\u00f4\u017eete tieto miestnosti:\n<ul>\n<li><em>UX Class 1.26<\/em> \u2013 miestnos\u0165 obsahuje 20 pracovn\u00fdch stan\u00edc vybaven\u00fdch zariadeniami na sledovanie poh\u013eadu Tobii X2-60 s frekvenciou z\u00e1znamu 60Hz a Intel Creative h\u013abkov\u00fdmi kamerami. Pracovisko umo\u017e\u0148uje z\u00e1znam viacer\u00fdch \u00fa\u010dastn\u00edkov naraz, je vhodn\u00e9 pre kvantitat\u00edvne \u0161t\u00fadie, kde nie je potrebn\u00fd moder\u00e1tor pre ka\u017ed\u00e9ho \u00fa\u010dastn\u00edka. Pracovisko tie\u017e umo\u017e\u0148uje zaznamen\u00e1vanie \u00fadajov pomocou UXR infra\u0161trukt\u00fary.<\/li>\n<li><em>UX Lab 3.29a<\/em> \u2013 miestnos\u0165 obsahuje zariadenie na sledovanie poh\u013eadu Tobii TX-300 pre ve\u013emi podrobn\u00e9 zaznamen\u00e1vanie poh\u013eadu pou\u017e\u00edvate\u013eov (300Hz frekvencia z\u00e1znamu). Pracovisko je vhodn\u00e9 pre kvalitat\u00edvne \u0161t\u00fadie, anal\u00fdzu \u010d\u00edtania, em\u00f3ci\u00ed a in\u00fdch fyziologick\u00fdch \u010d\u0155t \u00fa\u010dastn\u00edkov. S\u00fa\u010das\u0165ou s\u00fa senzory (treba explicitne vy\u017eiada\u0165 pri rezerv\u00e1cii): Epoc Emotiv EEG, Captive (EKG, tlak, vodivos\u0165 ko\u017ee, d\u00fdchanie), Face Reader (em\u00f3cie).<\/li>\n<li><em>UX Lab 3.29c<\/em> \u2013 miestnos\u0165 obsahuje zariadenie na sledovanie poh\u013eadu Tobii X2-60 s mo\u017enos\u0165ou jeho zapojenia pre zaznamen\u00e1vanie interakcie \u00fa\u010dastn\u00edkov s mobiln\u00fdmi zariadeniami alebo TV obrazovkou. Pracovisko je vhodn\u00e9 pre kvalitat\u00edvne \u0161t\u00fadie, anal\u00fdzu mobiln\u00fdch aplik\u00e1ci\u00ed a pod. S\u00fa\u010das\u0165ou s\u00fa senzory (treba explicitne vy\u017eiada\u0165 pri rezerv\u00e1cii): Epoc Emotiv EEG, Captive (EKG, tlak, vodivos\u0165 ko\u017ee, d\u00fdchanie), Face Reader (em\u00f3cie).<\/li>\n<li><em>UX Lab 3.29b<\/em> \u2013 pozorovate\u013e\u0148a, jednotliv\u00e9 pracovn\u00e9 stanice:\n<ul>\n<li><em>UX Lab 3.29b@Ares<\/em> \u2013 v\u00fdkonn\u00e1 pracovn\u00e1 stanica vybaven\u00e1 Tobii Studiom na anal\u00fdzu nahran\u00fdch seden\u00ed, stanica je prepojen\u00e1 s UX Lab 3.29a.<\/li>\n<li><em>UX Lab 3.29b@Cerus<\/em> \u2013 v\u00fdkonn\u00e1 pracovn\u00e1 stanica vybaven\u00e1 Tobii Studiom na anal\u00fdzu nahran\u00fdch seden\u00ed, stanica je prepojen\u00e1 s UX Lab 3.29c.<\/li>\n<li><em>UX Lab 3.29b@Xenos<\/em> \u2013 v\u00fdkonn\u00e1 pracovn\u00e1 stanica vybaven\u00e1 Tobii Studiom na anal\u00fdzu nahran\u00fdch seden\u00ed.<\/li>\n<\/ul>\n<\/li>\n<\/ul>\n<\/li>\n<li>Pri rezerv\u00e1cii miestnosti UX Lab 3.29a alebo 3.29c indikujte, \u010di m\u00e1te z\u00e1ujem aj o pozorovate\u013e\u0148u (miestnos\u0165 3.29b). Ak \u00e1no, rezervujte si pod\u013ea potreby konkr\u00e9tne pracovn\u00e9 stanice (3.29b@Ares, 3.29b@Cerus, 3.29b@Xenos). V pr\u00edpade, ak si nerezervujete v\u0161etky pracovn\u00e9 stanice, umo\u017en\u00edte tak niekomu in\u00e9mu vyu\u017ei\u0165 (rezervova\u0165 si) zvy\u0161n\u00e9 pracovisk\u00e1 pozorovate\u013ene v rovnakom \u010dase.<\/li>\n<li>Ak m\u00e1te z\u00e1ujem o \u010fal\u0161ie senzory, ktor\u00e9 nie s\u00fa \u0161tandardnou v\u00fdbavou v miestnosti (napr. EEG, Captive), indikujte to ich v\u00fdberom pri vytv\u00e1ran\u00ed rezerv\u00e1cie v \u010dasti <em>Accessories -&gt; Add<\/em>.<\/li>\n<li>V\u0161etky \u010fal\u0161ie po\u017eiadavky mus\u00edte explicitne uvies\u0165 vo va\u0161ej rezerv\u00e1cii v poli <em>Description of reservation<\/em>:\n<ul>\n<li>ak m\u00e1te z\u00e1ujem o in\u0161tal\u00e1ciu softv\u00e9ru, ktor\u00fd nie je \u0161tandardnou v\u00fdbavou danej pracovnej stanice<\/li>\n<li>ak m\u00e1te z\u00e1ujem o za\u0161kolenie niektor\u00fdm pracovn\u00edkom laborat\u00f3ria<\/li>\n<\/ul>\n<\/li>\n<li>Okrem toho treba do opisu rezerv\u00e1cie (pole <em>Description of reservation<\/em>) uvies\u0165 odkaz na vypracovan\u00fd protokol o experimente (pozri bod 2).<\/li>\n<li>Po vytvoren\u00ed bude va\u0161a rezerv\u00e1cia v stave <em>Pending<\/em>. Po jej schv\u00e1len\u00ed v\u00e1m pr\u00edde notifik\u00e1cia na v\u00e1\u0161 email nastaven\u00fd v profile rezerva\u010dn\u00e9ho syst\u00e9mu (ak m\u00e1te notifik\u00e1cie povolen\u00e9) a rezerv\u00e1cia bude v stave <em>Reserved<\/em>.<\/li>\n<li>Odpor\u00fa\u010dame po\u017eiada\u0165 o rezerv\u00e1ciu miestnosti minim\u00e1lne 48 hod\u00edn vopred.<\/li>\n<li>V pr\u00edpade, ak je stav va\u0161ej rezerv\u00e1cie <em>Pending<\/em> 12 hod\u00edn pred jej za\u010diatkom a vypracovali ste protokol o experimente pod\u013ea pokynov, kontaktujte n\u00e1s na emailovej adrese <strong>uxi-admin [at] googlegroups [dot] com<\/strong>.<\/li>\n<li>K\u013e\u00fa\u010de od UX Lab\/Class je potrebn\u00e9 si vy\u017eiada\u0165 na vr\u00e1tnici.<\/li>\n<li>Sledujte oznamy (<em>Dashboard<\/em>) v rezerva\u010dnom syst\u00e9me.<\/li>\n<\/ol>\n<p><strong>Zapo\u017ei\u010danie UX zariaden\u00ed<\/strong><\/p>\n<ol>\n<li>Ak m\u00e1te z\u00e1ujem zapo\u017ei\u010da\u0165 si <a href=\"http:\/\/www.tobii.com\/xperience\/\">Tobii EyeX senzor<\/a>, alebo <a href=\"https:\/\/www.tobiipro.com\/product-listing\/tobii-pro-glasses-2\/\">Tobii Pro Glasses 2<\/a> vyberte v rezerva\u010dnom syst\u00e9me kalend\u00e1r s n\u00e1zvom <em>Devices<\/em>: <img loading=\"lazy\" class=\"alignnone size-full wp-image-389\" src=\"https:\/\/www.pewe.sk\/uxi\/wp-content\/uploads\/sites\/2\/2016\/01\/switch_calendar.png\" alt=\"switch_calendar\" width=\"242\" height=\"29\" \/><br \/>\nNa zapo\u017ei\u010danie je dostupn\u00fdch 10 senzorov Tobii EyeX a 1 okuliare <a href=\"https:\/\/www.tobiipro.com\/product-listing\/tobii-pro-glasses-2\/#Specifications\">T<\/a>obii Pro Glasses 2.<\/li>\n<li>V kalend\u00e1ri zariaden\u00ed je zobrazen\u00fd aktu\u00e1lny stav v\u00fdpo\u017ei\u010diek, pri\u010dom rezervova\u0165 (zapo\u017ei\u010da\u0165) si je mo\u017en\u00e9 niektor\u00e9 z vo\u013en\u00fdch zariaden\u00ed (Tobii EyeX a Tobii Pro Glasses 2).<\/li>\n<li>V pr\u00edpade zapo\u017ei\u010dania Tobii Pro Glasses 2 je potrebn\u00e9, aby rezerv\u00e1ciu uskuto\u010dnil a zariadenie si prevzal <strong>\u0161kolite\u013e projektu, <\/strong>pre ktor\u00fd je zariadenie potrebn\u00e9.<\/li>\n<li>K rezerv\u00e1cii je potrebn\u00e9 prida\u0165 odkaz na protokol experimentu rovnako, ako v pr\u00edpade rezerv\u00e1cie miestnost\u00ed.<\/li>\n<li>Rezerva\u010dn\u00fd blok je mo\u017en\u00e9 vytvori\u0165 na maxim\u00e1lne jeden t\u00fd\u017ede\u0148. Pred uplynut\u00edm rezerv\u00e1cie je mo\u017en\u00e9 po\u017eiada\u0165 (opakovane) o zapo\u017ei\u010danie zariadenia vytvoren\u00edm novej rezerv\u00e1cie na \u010fal\u0161\u00ed t\u00fd\u017ede\u0148. Medzi predl\u017euj\u00facimi rezerv\u00e1ciami nie je potrebn\u00e9 form\u00e1lne vr\u00e1tenie a znovuvypo\u017ei\u010danie si zariaenia.<\/li>\n<li>\u010cas a miesto prevzatia zariadenia je si potrebn\u00e9 dohodn\u00fa\u0165 po schv\u00e1len\u00ed rezerv\u00e1cie na emailovej adrese <strong>uxi-admin [at] googlegroups [dot] com<\/strong>. Vypo\u017ei\u010dan\u00e9 zariadenie vyd\u00e1va aj preber\u00e1 asistentka\u00a0 UX Lab (miestnos\u0165 3.12) a potrebn\u00e9 je vr\u00e1ti\u0165 ho najnesk\u00f4r v de\u0148, kedy kon\u010d\u00ed schv\u00e1len\u00e1 rezerv\u00e1cia.<\/li>\n<li>Po vytvoren\u00ed bude va\u0161a rezerv\u00e1cia v stave <em>Pending<\/em>. Po jej schv\u00e1len\u00ed v\u00e1m pr\u00edde notifik\u00e1cia na v\u00e1\u0161 email nastaven\u00fd v profile rezerva\u010dn\u00e9ho syst\u00e9mu (ak m\u00e1te notifik\u00e1cie povolen\u00e9) a rezerv\u00e1cia bude v stave <em>Reserved<\/em>. Odpor\u00fa\u010dame po\u017eiada\u0165 o rezerv\u00e1ciu\/zapo\u017ei\u010danie zariadenia minim\u00e1lne 48 hod\u00edn vopred. V pr\u00edpade, ak je stav va\u0161ej rezerv\u00e1cie <em>Pending<\/em> 12 hod\u00edn pred jej za\u010diatkom a vypracovali ste protokol o experimente pod\u013ea pokynov, kontaktujte n\u00e1s na emailovej adrese <strong>uxi-admin [at] googlegroups [dot] com<\/strong>.<\/li>\n<li>Sledujte oznamy (<em>Dashboard<\/em>) v rezerva\u010dnom syst\u00e9me.<\/li>\n<\/ol>\n","protected":false},"excerpt":{"rendered":"<p>Rezerv\u00e1cie vo V\u00fdskumnom centre UXI na FIIT (User eXperience and Interaction Research Center FIIT STU) sa robia pomocou rezerva\u010dn\u00e9ho syst\u00e9mu na adrese: http:\/\/ux.fiit.stuba.sk\/reservation\/ [&hellip;]<\/p>\n","protected":false},"author":10,"featured_media":0,"parent":0,"menu_order":0,"comment_status":"closed","ping_status":"closed","template":"","meta":[],"_links":{"self":[{"href":"https:\/\/www.pewe.sk\/uxi\/wp-json\/wp\/v2\/pages\/146"}],"collection":[{"href":"https:\/\/www.pewe.sk\/uxi\/wp-json\/wp\/v2\/pages"}],"about":[{"href":"https:\/\/www.pewe.sk\/uxi\/wp-json\/wp\/v2\/types\/page"}],"author":[{"embeddable":true,"href":"https:\/\/www.pewe.sk\/uxi\/wp-json\/wp\/v2\/users\/10"}],"replies":[{"embeddable":true,"href":"https:\/\/www.pewe.sk\/uxi\/wp-json\/wp\/v2\/comments?post=146"}],"version-history":[{"count":17,"href":"https:\/\/www.pewe.sk\/uxi\/wp-json\/wp\/v2\/pages\/146\/revisions"}],"predecessor-version":[{"id":1190,"href":"https:\/\/www.pewe.sk\/uxi\/wp-json\/wp\/v2\/pages\/146\/revisions\/1190"}],"wp:attachment":[{"href":"https:\/\/www.pewe.sk\/uxi\/wp-json\/wp\/v2\/media?parent=146"}],"curies":[{"name":"wp","href":"https:\/\/api.w.org\/{rel}","templated":true}]}}