{"id":1476,"date":"2018-08-28T10:48:44","date_gmt":"2018-08-28T08:48:44","guid":{"rendered":"http:\/\/www.pewe.sk\/uxi\/?page_id=1476"},"modified":"2018-09-20T16:15:01","modified_gmt":"2018-09-20T14:15:01","slug":"alumni","status":"publish","type":"page","link":"https:\/\/www.pewe.sk\/uxi\/alumni\/","title":{"rendered":"Alumni"},"content":{"rendered":"<h2>Diploma Theses<\/h2>\n<div class=\"entry-content\">\n<h4>2018<\/h4>\n<ul>\n<li>\u010cERVENKA, Matej (2018). Analysis of eye movement patterns depending on task in the web environment (supervisor: Jozef Tvaro\u017eek)<\/li>\n<li>DRAG\u00da\u0147OV\u00c1, M\u00e1ria (2018). Identifying users\u2019 characteristics by eye tracking analysi (supervisor: Jozef Tvaro\u017eek)<\/li>\n<li>JUHANIAK, Tom\u00e1\u0161 (2018). Cognitive load evaluation as a part of user studies (supervisor: M\u00e1ria Bielikov\u00e1)<\/li>\n<li>KOSTOVA, Sandra\u00a0(2018). Automatic assessment of user\u2019s curiousness based on behavior on the web (supervisor: Jakub \u0160imko)<\/li>\n<li>MOKR\u00dd, Martin (2018). Identification of the user skill on the Web based on patterns in eye tracking data (supervisor: R\u00f3bert M\u00f3ro)<\/li>\n<li>PAPP, D\u00e1niel (2018). Visual attention and saliency mapping on web page elements (supervisor: Jakub \u0160imko)<\/li>\n<li>REDAJOV\u00c1, Martina (2018). Automatic recognition of user\u2018s characteristics based on eye-tracking data (supervisor: Jakub \u0160imko)<\/li>\n<\/ul>\n<h4>2017<\/h4>\n<ul>\n<li>DUBEC Peter: Towards Quantitative Eye-tracking User Studies of Mobile Applications (Supervisor: M\u00e1ria Bielikov\u00e1)<\/li>\n<li>HU\u0147A Adri\u00e1n: <a href=\"https:\/\/www.pewe.sk\/wp-content\/uploads\/2016\/01\/poster_iitsrc2017_huna.pdf\">Automatic Answering of Students\u2019 Questions by Using an Archive of Questions<\/a> (Supervisor: Ivan Srba)<\/li>\n<li>KUTL\u00cdKOV\u00c1 Lenka: Did They Read Instructions? (Supervisor: Jakub \u0160imko)<\/li>\n<li>SANYOV\u00c1 Monika: Estimation of User\u2019s Web HCI Literacy (Supervisor: Eduard Kuric)<\/li>\n<li>VRBA Jakub: Automatic Segmentation of a Screen Recording for Scene Identification (Supervisor: Jakub \u0160imko)<\/li>\n<\/ul>\n<h4>2016<\/h4>\n<ul>\n<li>JAN\u00cdK Martin (2016).<\/li>\n<li>KI\u0160 Peter (2016). Game-based Support of Online Learning of Programming (supervisor Jozef Tvaro\u017eek)<\/li>\n<li>\u013dAL\u00cdK Vladim\u00edr\u00a0(2016). Evaluation of Application Usability Using Gaze-tracking (supervisor Jakub \u0160imko)<\/li>\n<li>RYB\u00c1R Metod\u00a0(2016). Explicit User Input Quality Determination Based on Implicit User Input (supervisor M\u00e1ria Bielikov\u00e1)<\/li>\n<\/ul>\n<h2>Bachelor Theses<\/h2>\n<h4>2018<\/h4>\n<ul>\n<li>BRAND\u00ddS Patrik: Impact of usability problems on identifying key objects on the web\u00a0(supervisor: Martin Svr\u010dek)<\/li>\n<li>BRE\u010cKA Matej: Usability testing of Android applications\u00a0(supervisor: Eduard Kuric)<\/li>\n<li>C\u00c1K Milan: Identification of suitable candidates for user experience studies\u00a0\u00a0\u00a0\u00a0\u00a0\u00a0\u00a0\u00a0\u00a0\u00a0\u00a0 (supervisor: Eduard Kuric)<\/li>\n<li>GEDERA Samuel: Scanpath analysis\u00a0(supervisor: Ing. R\u00f3bert M\u00f3ro)<\/li>\n<li>HANKO J\u00e1n: The relation of gaze fixations and user\u2019s skill in the digital space\u00a0(supervisor: Ing. Patrik Hlav\u00e1\u010d)<\/li>\n<li>HUBERT Jakub: Support of website usability testing\u00a0(supervisor: Eduard Kuric)<\/li>\n<li>KUBANYI Jakub: The relation of gaze fixations and user\u2019s skill in the digital space (supervisor: Patrik Hlav\u00e1\u010d)<\/li>\n<li>LIPTAK Peter: Usability testing of user experience of web forms (supervisor: Eduard Kuric)<\/li>\n<li>NANI\u0160TA Boris: Analysis of Scanpaths\u00a0(supervisor: Ing. R\u00f3bert M\u00f3ro)<\/li>\n<li>RAF\u010c\u00cdKOV\u00c1 Katar\u00edna: Automatic Evaluation of User Interface Based on Aesthetic Features (supervisor: Eduard Kuric)<\/li>\n<li>SOJKA Michal: Analysis of solving interactive logic games (supervisor: Jozef Tvaro\u017eek)<\/li>\n<li>TALIAN Adam: Source Code Reading Analysis (supervisor: Jozef Tvaro\u017eek)<\/li>\n<li>TUND\u00c9R Mat\u00fa\u0161: Analysis of source code reading\u00a0(supervisor: Jozef Tvaro\u017eek)<\/li>\n<li>V\u010cELKOV\u00c1 Veronika: Impact of usability problems on identifying key objects on the web\u00a0(supervisor: Martin Svr\u010dek)<\/li>\n<li>VESEL\u00dd Jakub: Analysis of source code writing process (supervisor: Jozef Tvaro\u017eek)<\/li>\n<li>VNEN\u010c\u00c1K J\u00e1n: Scanpath visualization\u00a0(supervisor: R\u00f3bert M\u00f3ro)<\/li>\n<\/ul>\n<h4>2017<\/h4>\n<ul>\n<li>BA\u0147AS Michal:\u00a0Multiplayer game based on eye baze (Supervisor: Jozef Tvaro\u017eek)<\/li>\n<li>BEKA Patrik: Determination of the Eye-catching Parts in Graphical Interfaces (Supervisor: M\u00e1rius \u0160ajgal\u00edk)<\/li>\n<li>BELAJ Luk\u00e1\u0161: Tool for web usability testing (Supervisor: Eduard Kuric)<\/li>\n<li>CSOLLEI Gabriel: Online interactive sketching board (Supervisor: Jozef Tvaro\u017eek)<\/li>\n<li>DEMETER Ronald: Eye-tracking data visualization\u00a0 (Supervisor: Jakub \u0160imko)<\/li>\n<li>CHODOR\u010cUK Erik, MELICHER\u010c\u00cdK Jozef: Effects of Instructions on User Studies (Supervisor: Patrik Hlav\u00e1\u010d)<\/li>\n<li>KA\u0160\u010c\u00c1K Ondrej: User experience and emotions (Supervisor: R\u00f3bert M\u00f3ro)<\/li>\n<li>LIEBE Christopher: Search engine keyword prediction based on user need derived from eye tracking (Supervisor: Eduard Kuric)<\/li>\n<li>LOUREIRO Ernest: Tool for web usability testing (Supervisor: Eduard Kuric)<\/li>\n<li>MACHAJD\u00cdK Daniel: Online support for essay writing (Supervisor: Jozef Tvaro\u017eek)<\/li>\n<li>MELICHER\u010c\u00cdK Jozef: Support for User Study moderation\u00a0 (Supervisor: Patrik Hlav\u00e1\u010d)<\/li>\n<li>MEL\u00daCH Michal: Application for Evaluation of Common Scanpath Algorithms (Supervisor: R\u00f3bert M\u00f3ro)<\/li>\n<li>ME\u0147HERT Luk\u00e1\u0161: Visualization of Student Activity in an Interactive Web-based Application (Supervisor: M\u00e1ria Bielikov\u00e1)<\/li>\n<li>NAGY Adri\u00e1n: Tool for web usability testing (Supervisor: Eduard Kuric)<\/li>\n<li>RE\u0160UT\u00cdK Luk\u00e1\u0161: Cognitive overload identification (Supervisor: M\u00e1ria Bielikov\u00e1)<\/li>\n<li>\u0160TEFANCOV\u00c1 Elena: <a href=\"https:\/\/www.pewe.sk\/wp-content\/uploads\/2016\/01\/IIT-SRC.pdf\">Detection of Usability Mistakes by Measuring Emotions with EEG and Facial Expressions<\/a> (Supervisor: R\u00f3bert M\u00f3ro)<\/li>\n<li>WILLINGER Roderik: Reviewing UML models (Supervisor: Karol R\u00e1sto\u010dn\u00fd)<\/li>\n<\/ul>\n<h4>2016<\/h4>\n<ul>\n<li>BAL\u00c1\u017dOV\u00c1, Veronika (2016). \u00a0User Experience on the Web (supervisor: R\u00f3bert M\u00f3ro)<\/li>\n<li>BAL\u00daN, Jozef. (2016). Search query expansion based on user\u2019s intent derived from eye tracking (supervisor: Eduard Kuric)<\/li>\n<li>BEN\u00cd\u010cKOV\u00c1, Zuzana (2016). Analyzing problem solving in education (supervisor: Jozef Tvaro\u017eek)<\/li>\n<li>BERGER, Patrik (2016). Mind-Controlled Application (supervisor: R\u00f3bert M\u00f3ro)<\/li>\n<li>BOBOVSK\u00dd, Peter (2016). Analyzing problem solving in education (supervisor: Jozef Tvaro\u017eek)<\/li>\n<li>\u010cERVENKA, Matej (2016). Pupil dilatation and stress in user studies (supervisor: Martin Krupa)<\/li>\n<li>DRAG\u00da\u0147OV\u00c1, M\u00e1ria (2016). Evaluation of user experience by eyetracking and emotions analysis (supervisor: M\u00e1ria Bielikov\u00e1)<\/li>\n<li>HUNKA, M\u00e1rio (2016).\u00a0Analysis of User Activities in Web Browser (supervisor: Martin Labaj)<\/li>\n<li>HURAJT, Miroslav (2016). Analysis of User Activities in Web Browser (supervisor: Martin Labaj)<\/li>\n<li>JANU\u0160KA, Patrik\u00a0(2016). Search query expansion based on user\u2019s intent derived from eye tracking (supervisor: Eduard Kuric)<\/li>\n<li>JUHANIAK, Tom\u00e1\u0161 (2016). Cognitive overload while human-computer interconnection (supervisor: M\u00e1ria Bielikov\u00e1)<\/li>\n<li>MATLOVI\u010c, Tom\u00e1\u0161 (2016). Mind-Controlled Application (supervisor: R\u00f3bert M\u00f3ro)<\/li>\n<li>PAVL\u00cdKOV\u00c1, Barbora (2016). Identification of Important Places in Source Code using Eye Tracking of a Programmer (supervisor: Martin Konopka)<\/li>\n<li>REDAJOV\u00c1, Martina (2016). Universal Tool to Assign Badges in Online Communities (supervisor: Ivan srba)<\/li>\n<li>SCHWARTZ, Matej (2016). Automatic estimation of web usability in terms of user experience (supervisor: Eduard Kuric)<\/li>\n<\/ul>\n<\/div>\n","protected":false},"excerpt":{"rendered":"<p>Diploma Theses 2018 \u010cERVENKA, Matej (2018). Analysis of eye movement patterns depending on task in the web environment (supervisor: Jozef Tvaro\u017eek) DRAG\u00da\u0147OV\u00c1, M\u00e1ria [&hellip;]<\/p>\n","protected":false},"author":10,"featured_media":0,"parent":0,"menu_order":0,"comment_status":"closed","ping_status":"closed","template":"","meta":[],"_links":{"self":[{"href":"https:\/\/www.pewe.sk\/uxi\/wp-json\/wp\/v2\/pages\/1476"}],"collection":[{"href":"https:\/\/www.pewe.sk\/uxi\/wp-json\/wp\/v2\/pages"}],"about":[{"href":"https:\/\/www.pewe.sk\/uxi\/wp-json\/wp\/v2\/types\/page"}],"author":[{"embeddable":true,"href":"https:\/\/www.pewe.sk\/uxi\/wp-json\/wp\/v2\/users\/10"}],"replies":[{"embeddable":true,"href":"https:\/\/www.pewe.sk\/uxi\/wp-json\/wp\/v2\/comments?post=1476"}],"version-history":[{"count":7,"href":"https:\/\/www.pewe.sk\/uxi\/wp-json\/wp\/v2\/pages\/1476\/revisions"}],"predecessor-version":[{"id":1534,"href":"https:\/\/www.pewe.sk\/uxi\/wp-json\/wp\/v2\/pages\/1476\/revisions\/1534"}],"wp:attachment":[{"href":"https:\/\/www.pewe.sk\/uxi\/wp-json\/wp\/v2\/media?parent=1476"}],"curies":[{"name":"wp","href":"https:\/\/api.w.org\/{rel}","templated":true}]}}