{"id":1751,"date":"2019-10-02T14:36:35","date_gmt":"2019-10-02T12:36:35","guid":{"rendered":"http:\/\/www.pewe.sk\/uxi\/?page_id=1751"},"modified":"2020-01-24T14:44:38","modified_gmt":"2020-01-24T13:44:38","slug":"uxi-group-seminars-20192020","status":"publish","type":"page","link":"https:\/\/www.pewe.sk\/uxi\/uxi-group-seminars-20192020\/","title":{"rendered":"UXI@PeWe Group Seminars 2019\/2020"},"content":{"rendered":"\n<p><strong>11.12.2019, 2.06, 12:45<\/strong> \u00bb <em>UXI@PeWe Seminar<\/em><\/p>\n\n\n\n<ul><li>Luk\u00e1\u0161 Anda, Peter Hlavat\u00edk:  Provision of AIS information by mobile application  <\/li><li>Sandro Ryb\u00e1rik: Valuation of website credibility by people<\/li><\/ul>\n\n\n\n<p><strong>04.12.2019, 2.06, 12:45<\/strong> \u00bb <em>UXI@PeWe Seminar<\/em><\/p>\n\n\n\n<ul><li>Andrea Hr\u010dkov\u00e1: Qualitative research<\/li><li>Juraj Me\u010d\u00edr:  Analysis of the strategies <\/li><\/ul>\n\n\n\n<p><strong>27.11.2019, 2.06, 12:45<\/strong> \u00bb <em>UXI@PeWe Seminar<\/em><\/p>\n\n\n\n<ul><li>Michal Hucko:  Affective computing <\/li><\/ul>\n\n\n\n<p><strong>20.11.2019, 2.06, 12:45<\/strong> \u00bb <em>UXI@PeWe Seminar<\/em><\/p>\n\n\n\n<ul><li>Jakub \u0160imko: Quality of eye tracking measures<\/li><li>R\u00f3bert M\u00f3ro: <a href=\"https:\/\/www.pewe.sk\/uxi\/wp-content\/uploads\/sites\/2\/2019\/11\/moro_2019-11-19_TTO2019.pptx\">Report from Truth and Trust Online<\/a><\/li><\/ul>\n\n\n\n<p><strong>13.11.2019, 2.06, 12:45<\/strong> \u00bb <em>UXI@PeWe Seminar<\/em><\/p>\n\n\n\n<ul><li>Eduard Kuric: UXtweek &#8211; RePlay Demo<\/li><li>Jakub Kubanyi: Wizard &#8211; Future of user study instructions<\/li><\/ul>\n\n\n\n<p><strong>6.11.2019, 2.06, 12:45<\/strong> \u00bb <em>UXI@PeWe Seminar<\/em><\/p>\n\n\n\n<ul><li>Jakub \u0160imko: Report from Hypertext<\/li><li>Martin Kon\u00f4pka, R\u00f3bert M\u00f3ro: <a href=\"https:\/\/www.pewe.sk\/uxi\/wp-content\/uploads\/sites\/2\/2019\/11\/UXR-update.pptx\">Notice on UX infrastructure update<\/a><\/li><li>Filip L\u00e1\u0161tic: Annotation application<\/li><\/ul>\n\n\n\n<p><strong>30.10.2019, 2.06, 12:45<\/strong> \u00bb <em>UXI@PeWe Seminar<\/em><\/p>\n\n\n\n<ul><li>Introduction (all)<\/li><li>Marek Otruba: Experiment design proposal<\/li><li>Daniela Sit\u00e1rov\u00e1: Proposal of experiment on fake news reading<\/li><\/ul>\n\n\n\n<p><strong>23.10.2019, 2.06, 12:45<\/strong> \u00bb<em> <\/em> <em>UXI@PeWe Seminar<\/em> <\/p>\n\n\n\n<ul><li>R\u00f3bert M\u00f3ro: <a href=\"https:\/\/www.pewe.sk\/uxi\/wp-content\/uploads\/sites\/2\/2019\/10\/moro_2019-10-23_gaze-data-analysis.pptx\">Gaze data analysis<\/a><\/li><\/ul>\n\n\n\n<blockquote class=\"wp-block-quote\"><p>We will look more closely on the data generated by the eye tracker and how we can validate, visualize, and process it. We will also discuss various metrics that can be computed from the gaze data and its representations (such as scanpaths). The presentation will include links to available tools and other useful resources. <\/p><\/blockquote>\n\n\n\n<p> <strong>16.10.2019, -1.65 (Aula Minor), 12:45<\/strong>  \u00bb<em> <\/em> <em>PeWe Seminar<\/em> <\/p>\n\n\n\n<ul><li> <a href=\"https:\/\/www.pewe.sk\/wp-content\/uploads\/2019\/10\/Ruzena_Bajcsy_letak-final.pdf\">Ruzena Bajcsy<\/a>: Scientific Methods in the Era of Big Data and Machine Learning  <\/li><\/ul>\n\n\n\n<p><strong>9.10.2019, -1.65 (Aula Minor), 12:45<\/strong> \u00bb <em>PeWe Seminar<\/em><\/p>\n\n\n\n<ul><li>Jozef Tvaro\u017eek, Jakub \u0160imko, Ivan Srba: <a href=\"https:\/\/www.pewe.sk\/wp-content\/uploads\/2019\/10\/2019-10-Ako-pisat-pracu.pptx\">Methodological topics (part 1) <\/a><ul><li>How to define thesis goals and hypothesis<\/li><li>How to search and organize literature <\/li><\/ul><\/li><\/ul>\n\n\n\n<p><strong>2.10.2019, 2.06, 12:45<\/strong> \u00bb<em> <\/em> <em>UXI@PeWe Seminar<\/em> <\/p>\n\n\n\n<ul><li>Jozef Tvaro\u017eek: UXI &#8211; Laborat\u00f3rium, ktor\u00e9 treba za\u017ei\u0165 <ul><li>Introdution to UXI <\/li><\/ul><\/li><\/ul>\n\n\n\n<p><strong>25.9.2019, -1.65 (Aula Minor), 12:45<\/strong> \u00bb <em>PeWe Seminar<\/em><\/p>\n\n\n\n<ul><li>M\u00e1ria Bielikov\u00e1: <a href=\"https:\/\/www.pewe.sk\/wp-content\/uploads\/2019\/09\/2019-09-25-PeWe-Intro.pdf\">Autumn Semester Kick Off<\/a><\/li><li>Introduction to PeWe specialized research groups <ul><li>Jakub \u0160imko et al.: <a href=\"https:\/\/www.pewe.sk\/wp-content\/uploads\/2018\/09\/2018-09-UXI-group-intro.pdf\">User eXperience and Interaction<\/a><\/li><li>Ivan Srba et al.: <a href=\"https:\/\/www.pewe.sk\/wp-content\/uploads\/2019\/09\/2019-09-25-Datalys-Group-Intro.pdf\">Datalys<\/a><\/li><li>Peter Lacko et al.: <a href=\"https:\/\/www.pewe.sk\/wp-content\/uploads\/2019\/09\/2019-09-25-NN-Group-Intro.pdf\">Neural Networks<\/a> <\/li><\/ul><\/li><\/ul>\n\n\n\n<ul><li>M\u00e1ria Bielikov\u00e1: <a href=\"https:\/\/www.pewe.sk\/wp-content\/uploads\/2019\/09\/2019-09-25-PeWe-Intro.pdf\">Autumn Semester Kick Off<\/a><\/li><li>Introduction to PeWe specialized research groups <ul><li>Jakub \u0160imko et al.: <a href=\"https:\/\/www.pewe.sk\/wp-content\/uploads\/2018\/09\/2018-09-UXI-group-intro.pdf\">User eXperience and Interaction<\/a><\/li><li>Ivan Srba et al.: <a href=\"https:\/\/www.pewe.sk\/wp-content\/uploads\/2019\/09\/2019-09-25-Datalys-Group-Intro.pdf\">Datalys<\/a><\/li><li>Peter Lacko et al.: <a href=\"https:\/\/www.pewe.sk\/wp-content\/uploads\/2019\/09\/2019-09-25-NN-Group-Intro.pdf\">Neural Networks<\/a> <\/li><\/ul><\/li><\/ul>\n","protected":false},"excerpt":{"rendered":"<p>11.12.2019, 2.06, 12:45 \u00bb UXI@PeWe Seminar Luk\u00e1\u0161 Anda, Peter Hlavat\u00edk: Provision of AIS information by mobile application Sandro Ryb\u00e1rik: Valuation of website credibility [&hellip;]<\/p>\n","protected":false},"author":10,"featured_media":0,"parent":0,"menu_order":0,"comment_status":"closed","ping_status":"closed","template":"","meta":[],"_links":{"self":[{"href":"https:\/\/www.pewe.sk\/uxi\/wp-json\/wp\/v2\/pages\/1751"}],"collection":[{"href":"https:\/\/www.pewe.sk\/uxi\/wp-json\/wp\/v2\/pages"}],"about":[{"href":"https:\/\/www.pewe.sk\/uxi\/wp-json\/wp\/v2\/types\/page"}],"author":[{"embeddable":true,"href":"https:\/\/www.pewe.sk\/uxi\/wp-json\/wp\/v2\/users\/10"}],"replies":[{"embeddable":true,"href":"https:\/\/www.pewe.sk\/uxi\/wp-json\/wp\/v2\/comments?post=1751"}],"version-history":[{"count":15,"href":"https:\/\/www.pewe.sk\/uxi\/wp-json\/wp\/v2\/pages\/1751\/revisions"}],"predecessor-version":[{"id":1812,"href":"https:\/\/www.pewe.sk\/uxi\/wp-json\/wp\/v2\/pages\/1751\/revisions\/1812"}],"wp:attachment":[{"href":"https:\/\/www.pewe.sk\/uxi\/wp-json\/wp\/v2\/media?parent=1751"}],"curies":[{"name":"wp","href":"https:\/\/api.w.org\/{rel}","templated":true}]}}