{"id":25,"date":"2016-01-09T11:02:06","date_gmt":"2016-01-09T11:02:06","guid":{"rendered":"http:\/\/www.pewe.sk\/uxi\/?page_id=25"},"modified":"2019-10-07T10:20:53","modified_gmt":"2019-10-07T08:20:53","slug":"staff-contacts","status":"publish","type":"page","link":"https:\/\/www.pewe.sk\/uxi\/staff-contacts\/","title":{"rendered":"Staff and Contacts"},"content":{"rendered":"<h4><strong>Head<\/strong><\/h4>\n<h4>M\u00e1ria Bielikov\u00e1<\/h4>\n<h4><img loading=\"lazy\" class=\"size-full wp-image-1523 alignnone\" src=\"https:\/\/www.pewe.sk\/uxi\/wp-content\/uploads\/sites\/2\/2018\/09\/bielikova-7-75x75.jpg\" alt=\"\" width=\"75\" height=\"75\" \/><\/h4>\n<p><strong>Assistan<\/strong><strong>t<\/strong><\/p>\n<ul>\n<li>\u013dubica Jan\u010da\u0165ov\u00e1<\/li>\n<\/ul>\n<p><em>Contact email<\/em>: lubica.jancatova[at]stuba.sk<\/p>\n<h4><\/h4>\n<h4><strong>Core research staff<\/strong><\/h4>\n<p>Jozef Tvaro\u017eek (responsible for handling student experiment requests)<br \/>\n<img loading=\"lazy\" class=\"size-full wp-image-1500 alignnone\" src=\"https:\/\/www.pewe.sk\/uxi\/wp-content\/uploads\/sites\/2\/2018\/09\/jtvarozek-7-75x75.jpg\" alt=\"\" width=\"75\" height=\"75\" \/><\/p>\n<p>Jakub \u0160imko (responsible for handling student experiment requests)<br \/>\n<img loading=\"lazy\" class=\"size-full wp-image-1503 alignnone\" src=\"https:\/\/www.pewe.sk\/uxi\/wp-content\/uploads\/sites\/2\/2018\/09\/simkoj-8-75x75.jpg\" alt=\"\" width=\"75\" height=\"75\" \/><\/p>\n<p>Eduard Kuric\u00a0\u00a0\u00a0\u00a0 R\u00f3bert M\u00f3ro \u00a0\u00a0\u00a0 Martin Labaj\u00a0\u00a0\u00a0\u00a0 Patrik Hlav\u00e1\u010d\u00a0\u00a0\u00a0\u00a0\u00a0 Martin Kon\u00f4pka<br \/>\n<img loading=\"lazy\" class=\"size-full wp-image-1502 alignnone\" src=\"https:\/\/www.pewe.sk\/uxi\/wp-content\/uploads\/sites\/2\/2018\/09\/profile_avatar_kuric-75x75.png\" alt=\"\" width=\"75\" height=\"75\" \/>\u00a0\u00a0\u00a0\u00a0 \u00a0\u00a0 <img loading=\"lazy\" class=\"size-full wp-image-1501 alignnone\" src=\"https:\/\/www.pewe.sk\/uxi\/wp-content\/uploads\/sites\/2\/2018\/09\/moro_pewe_2017_small-75x75.jpg\" alt=\"\" width=\"75\" height=\"75\" \/>\u00a0\u00a0 \u00a0 \u00a0\u00a0 <img loading=\"lazy\" class=\"size-full wp-image-1506 alignnone\" src=\"https:\/\/www.pewe.sk\/uxi\/wp-content\/uploads\/sites\/2\/2018\/09\/labaj-6-75x75.png\" alt=\"\" width=\"75\" height=\"75\" \/>\u00a0\u00a0 \u00a0\u00a0 \u00a0 <img loading=\"lazy\" class=\"size-full wp-image-1507 alignnone\" src=\"https:\/\/www.pewe.sk\/uxi\/wp-content\/uploads\/sites\/2\/2018\/09\/hlavacp-oa2017-75x75.jpg\" alt=\"\" width=\"75\" height=\"75\" \/>\u00a0\u00a0 \u00a0 \u00a0\u00a0 <img loading=\"lazy\" class=\"size-full wp-image-1505 alignnone\" src=\"https:\/\/www.pewe.sk\/uxi\/wp-content\/uploads\/sites\/2\/2018\/09\/konopka-4-75x75.jpg\" alt=\"\" width=\"75\" height=\"75\" \/><\/p>\n<h4><strong>Operation and technical staff<\/strong><\/h4>\n<ul>\n<li>Peter Dem\u010d\u00e1k<\/li>\n<\/ul>\n<h4><strong>Students<\/strong><\/h4>\n<ul>\n<li>Mical Hucko (doctoral student)<\/li>\n<li>M\u00e1rius Rak (doctoral student)<\/li>\n<li>Andrej Vitek (doctoral student)<\/li>\n<li>Milan C\u00e1k (senior master student)<\/li>\n<li>Samuel Gedera (senior master student)<\/li>\n<li>Christian Chod\u00far (senior master student)<\/li>\n<li>Jakub Kubanyi (senior master student)<\/li>\n<li>Peter Lipt\u00e1k (senior master student)<\/li>\n<li>Jozef Melicher\u010d\u00edk (senior master student)<\/li>\n<li>Marek Otruba (senior master student)<\/li>\n<li>Adam Pu\u0161k\u00e1\u0161 (senior master student)<\/li>\n<li>Katar\u00edna Raf\u010d\u00edkov\u00e1 (senior master student)<\/li>\n<li>Daniela Sit\u00e1rov\u00e1 (senior master student)<\/li>\n<li>Andrej Slaninka (senior master student)<\/li>\n<li>Adam Talian (senior master student)<\/li>\n<li>Milan Va\u0161ko (senior master student)<\/li>\n<li>Jakub Vesel\u00fd (senior master student)<\/li>\n<li>J\u00e1n Vnen\u010d\u00e1k (senior master student)<\/li>\n<li>Patrik Vlk (senior master student)<\/li>\n<li>Luk\u00e1\u0161 Anda (bachelor student)<\/li>\n<li>Vladim\u00edr Bielen\u00fd (bachelor student)<\/li>\n<li>Vladim\u00edr Dzurilla (bachelor student)<\/li>\n<li>Simona Hiadlovsk\u00e1 (bachelor student)<\/li>\n<li>Peter Hlavat\u00edk (bachelor student)<\/li>\n<li>Aranka Klukaov\u00e1 (bachelor student)<\/li>\n<li>Filip L\u00e1\u0161tic (bachelor student)<\/li>\n<li>Ladislav Lelke\u0161 (bachelor student)<\/li>\n<li>Kamil Macek (bachelor student)<\/li>\n<li>Juraj Me\u010d\u00edr (bachelor student)<\/li>\n<li>Luk\u00e1\u0161 O\u0161kera (bachelor student)<\/li>\n<li>Szabolcs Rajcs\u00e1nyi (bachelor student)<\/li>\n<li>Sandro Ryb\u00e1rik (bachelor student)<\/li>\n<li>Adam \u0160tuller (bachelor student)<\/li>\n<li>Patrik Tom\u00e1nek (bachelor student)<\/li>\n<li>Alena Valov\u00e1 (bachelor student)<\/li>\n<\/ul>\n<p>Archive:<\/p>\n<p><a href=\"https:\/\/www.pewe.sk\/uxi\/staff-and-contacts-2018-2019\/\">2018-2019<\/a><\/p>\n<p><a href=\"http:\/\/www.pewe.sk\/uxi\/staff-and-contacts-2016-2017\/\">2016-2017<\/a><\/p>\n","protected":false},"excerpt":{"rendered":"<p>Head M\u00e1ria Bielikov\u00e1 Assistant \u013dubica Jan\u010da\u0165ov\u00e1 Contact email: lubica.jancatova[at]stuba.sk Core research staff Jozef Tvaro\u017eek (responsible for handling student experiment requests) Jakub \u0160imko (responsible [&hellip;]<\/p>\n","protected":false},"author":1,"featured_media":0,"parent":0,"menu_order":0,"comment_status":"closed","ping_status":"closed","template":"","meta":[],"_links":{"self":[{"href":"https:\/\/www.pewe.sk\/uxi\/wp-json\/wp\/v2\/pages\/25"}],"collection":[{"href":"https:\/\/www.pewe.sk\/uxi\/wp-json\/wp\/v2\/pages"}],"about":[{"href":"https:\/\/www.pewe.sk\/uxi\/wp-json\/wp\/v2\/types\/page"}],"author":[{"embeddable":true,"href":"https:\/\/www.pewe.sk\/uxi\/wp-json\/wp\/v2\/users\/1"}],"replies":[{"embeddable":true,"href":"https:\/\/www.pewe.sk\/uxi\/wp-json\/wp\/v2\/comments?post=25"}],"version-history":[{"count":53,"href":"https:\/\/www.pewe.sk\/uxi\/wp-json\/wp\/v2\/pages\/25\/revisions"}],"predecessor-version":[{"id":1767,"href":"https:\/\/www.pewe.sk\/uxi\/wp-json\/wp\/v2\/pages\/25\/revisions\/1767"}],"wp:attachment":[{"href":"https:\/\/www.pewe.sk\/uxi\/wp-json\/wp\/v2\/media?parent=25"}],"curies":[{"name":"wp","href":"https:\/\/api.w.org\/{rel}","templated":true}]}}